{"id":94,"date":"2020-10-07T12:33:11","date_gmt":"2020-10-07T12:33:11","guid":{"rendered":"https:\/\/ntnui.no\/fotball-ny\/?page_id=94"},"modified":"2023-04-27T14:21:35","modified_gmt":"2023-04-27T14:21:35","slug":"faq","status":"publish","type":"page","link":"https:\/\/ntnui.no\/fotball\/faq\/","title":{"rendered":"FAQ"},"content":{"rendered":"\n<h2 class=\"wp-block-heading\">Er alle velkommen til NTNUI-fotball?<\/h2>\n\n\n\n<p>Studenter eller andre med gyldig dispensasjonss\u00f8knad er alle velkommen p\u00e5 \u00e5pne uttak. <\/p>\n\n\n\n<p>De fleste lagene arrangerer uttakstreninger ved starten av h\u00f8stsemesteret. Uttakstreninger annonseres p\u00e5 lagenes egne sider, men ogs\u00e5 p\u00e5 NTNUI fotball sin Facebook-side. Dessverre vil ikke alle som m\u00f8ter p\u00e5 opptakstreninger bli funnet plass til p\u00e5 et lag. <\/p>\n\n\n\n<p>Fotball og futsal er popul\u00e6re idretter og vi har \u00e5rlig mange studenter som \u00f8nsker \u00e5 begynne p\u00e5 et lag i NTNUI, og det er dessverre slik at vi ikke kan garantere plass til alle som m\u00f8ter p\u00e5 uttakstrening. Vi arrangerer derimot ukentlige mosjons\u00f8kter som er \u00e5pne for alle. <br><\/p>\n\n\n\n<h2 class=\"wp-block-heading\">M\u00e5 man v\u00e6re medlem av NTNUI for \u00e5 spille p\u00e5 NTNUI-fotball?<\/h2>\n\n\n\n<p>Ja! alle m\u00e5 ha gyldig medlemsbevis for \u00e5 kunne spille for oss. Dette f\u00e5r man kj\u00f8pt i Sit-resepsjonen ved idrettssenterne p\u00e5 Gl\u00f8shaugen og Dragvoll.<br><\/p>\n\n\n\n<h2 class=\"wp-block-heading\">Kan jeg v\u00e6re med i NTNUI selv om jeg ikke er student?<\/h2>\n\n\n\n<p>Ja, s\u00e5 sant du har godkjent dispensasjonss\u00f8knad.<br><\/p>\n\n\n\n<h2 class=\"wp-block-heading\">Hvem kontakter laget n\u00e5r de trenger nytt utstyr?<\/h2>\n\n\n\n<p>Fotballstyret har en  materialforvalter. E-post: fotball-material@ntnui.no<br><\/p>\n\n\n\n<h2 class=\"wp-block-heading\">Hvem har ansvaret for D\u00f8dens dal?<\/h2>\n\n\n\n<p>Baneutvalget har ansvar for D\u00f8dens dal.<br><\/p>\n\n\n\n<h2 class=\"wp-block-heading\">Hvem snakker jeg med hvis aktiviteten for laget koster penger?<\/h2>\n\n\n\n<p>Kassereren i styret har ansvaret for alle \u00f8konomiske sp\u00f8rsm\u00e5l knyttet til gruppa sin aktivitet. E-post: fotball-kasserer@ntnui.no<\/p>\n\n\n\n<h2 class=\"wp-block-heading\">Hvordan melder man overgang til og fra NTNUI?<\/h2>\n\n\n\n<p>Ta kontakt med fotball-fiks@ntnui.no eller fotball-leder@ntnui.no<br><\/p>\n\n\n\n<h2 class=\"wp-block-heading\">Hvor kan jeg kj\u00f8pe NTNUI-effekter?<\/h2>\n\n\n\n<p>Alt av NTNUI-bekledning kan kj\u00f8pes i webshoppen.<\/p>\n","protected":false},"excerpt":{"rendered":"<p>Er alle velkommen til NTNUI-fotball? Studenter eller andre med gyldig dispensasjonss\u00f8knad er alle velkommen p\u00e5 \u00e5pne uttak. De fleste lagene arrangerer uttakstreninger ved starten av h\u00f8stsemesteret. Uttakstreninger annonseres p\u00e5 lagenes egne sider, men ogs\u00e5 p\u00e5 NTNUI fotball sin Facebook-side. Dessverre vil ikke alle som m\u00f8ter p\u00e5 opptakstreninger bli funnet plass til p\u00e5 et lag. Fotball [&hellip;]<\/p>\n","protected":false},"author":239,"featured_media":0,"parent":0,"menu_order":0,"comment_status":"closed","ping_status":"closed","template":"","meta":{"_coblocks_attr":"","_coblocks_dimensions":"","_coblocks_responsive_height":"","_coblocks_accordion_ie_support":"","_price":"","_stock":"","_tribe_ticket_header":"","_tribe_default_ticket_provider":"","_tribe_ticket_capacity":"0","_ticket_start_date":"","_ticket_end_date":"","_tribe_ticket_show_description":"","_tribe_ticket_show_not_going":false,"_tribe_ticket_use_global_stock":"","_tribe_ticket_global_stock_level":"","_global_stock_mode":"","_global_stock_cap":"","_tribe_rsvp_for_event":"","_tribe_ticket_going_count":"","_tribe_ticket_not_going_count":"","_tribe_tickets_list":[],"_tribe_ticket_has_attendee_info_fields":false,"footnotes":""},"class_list":["post-94","page","type-page","status-publish","hentry"],"featured_image_src":null,"featured_image_src_square":null,"_links":{"self":[{"href":"https:\/\/ntnui.no\/fotball\/wp-json\/wp\/v2\/pages\/94","targetHints":{"allow":["GET"]}}],"collection":[{"href":"https:\/\/ntnui.no\/fotball\/wp-json\/wp\/v2\/pages"}],"about":[{"href":"https:\/\/ntnui.no\/fotball\/wp-json\/wp\/v2\/types\/page"}],"author":[{"embeddable":true,"href":"https:\/\/ntnui.no\/fotball\/wp-json\/wp\/v2\/users\/239"}],"replies":[{"embeddable":true,"href":"https:\/\/ntnui.no\/fotball\/wp-json\/wp\/v2\/comments?post=94"}],"version-history":[{"count":4,"href":"https:\/\/ntnui.no\/fotball\/wp-json\/wp\/v2\/pages\/94\/revisions"}],"predecessor-version":[{"id":236,"href":"https:\/\/ntnui.no\/fotball\/wp-json\/wp\/v2\/pages\/94\/revisions\/236"}],"wp:attachment":[{"href":"https:\/\/ntnui.no\/fotball\/wp-json\/wp\/v2\/media?parent=94"}],"curies":[{"name":"wp","href":"https:\/\/api.w.org\/{rel}","templated":true}]}}