{"id":90,"date":"2020-10-07T12:32:01","date_gmt":"2020-10-07T12:32:01","guid":{"rendered":"https:\/\/ntnui.no\/fotball-ny\/?page_id=90"},"modified":"2023-04-27T10:01:23","modified_gmt":"2023-04-27T10:01:23","slug":"kontakt","status":"publish","type":"page","link":"https:\/\/ntnui.no\/fotball\/kontakt\/","title":{"rendered":"Kontakt"},"content":{"rendered":"\n<p>Den enkleste m\u00e5ten \u00e5 komme i kontakt med klubben p\u00e5 er over e-post:<br><a href=\"mailto:fotball@ntnui.no\" data-type=\"mailto\" data-id=\"mailto:fotball@ntnui.no\">fotball@ntnui.no <\/a><\/p>\n\n\n\n<p>For \u00e5 komme i direkte kontakt med de ulike lagene anbefales det \u00e5 bes\u00f8ke lagenes Facebook-sider. <\/p>\n","protected":false},"excerpt":{"rendered":"<p>Den enkleste m\u00e5ten \u00e5 komme i kontakt med klubben p\u00e5 er over e-post:fotball@ntnui.no For \u00e5 komme i direkte kontakt med de ulike lagene anbefales det \u00e5 bes\u00f8ke lagenes Facebook-sider.<\/p>\n","protected":false},"author":239,"featured_media":0,"parent":0,"menu_order":0,"comment_status":"closed","ping_status":"closed","template":"","meta":{"_coblocks_attr":"","_coblocks_dimensions":"","_coblocks_responsive_height":"","_coblocks_accordion_ie_support":"","_price":"","_stock":"","_tribe_ticket_header":"","_tribe_default_ticket_provider":"","_tribe_ticket_capacity":"0","_ticket_start_date":"","_ticket_end_date":"","_tribe_ticket_show_description":"","_tribe_ticket_show_not_going":false,"_tribe_ticket_use_global_stock":"","_tribe_ticket_global_stock_level":"","_global_stock_mode":"","_global_stock_cap":"","_tribe_rsvp_for_event":"","_tribe_ticket_going_count":"","_tribe_ticket_not_going_count":"","_tribe_tickets_list":[],"_tribe_ticket_has_attendee_info_fields":false,"footnotes":""},"class_list":["post-90","page","type-page","status-publish","hentry"],"featured_image_src":null,"featured_image_src_square":null,"_links":{"self":[{"href":"https:\/\/ntnui.no\/fotball\/wp-json\/wp\/v2\/pages\/90","targetHints":{"allow":["GET"]}}],"collection":[{"href":"https:\/\/ntnui.no\/fotball\/wp-json\/wp\/v2\/pages"}],"about":[{"href":"https:\/\/ntnui.no\/fotball\/wp-json\/wp\/v2\/types\/page"}],"author":[{"embeddable":true,"href":"https:\/\/ntnui.no\/fotball\/wp-json\/wp\/v2\/users\/239"}],"replies":[{"embeddable":true,"href":"https:\/\/ntnui.no\/fotball\/wp-json\/wp\/v2\/comments?post=90"}],"version-history":[{"count":2,"href":"https:\/\/ntnui.no\/fotball\/wp-json\/wp\/v2\/pages\/90\/revisions"}],"predecessor-version":[{"id":212,"href":"https:\/\/ntnui.no\/fotball\/wp-json\/wp\/v2\/pages\/90\/revisions\/212"}],"wp:attachment":[{"href":"https:\/\/ntnui.no\/fotball\/wp-json\/wp\/v2\/media?parent=90"}],"curies":[{"name":"wp","href":"https:\/\/api.w.org\/{rel}","templated":true}]}}