{"id":88,"date":"2020-10-07T12:31:45","date_gmt":"2020-10-07T12:31:45","guid":{"rendered":"https:\/\/ntnui.no\/fotball-ny\/?page_id=88"},"modified":"2025-09-23T10:45:04","modified_gmt":"2025-09-23T10:45:04","slug":"mosjon","status":"publish","type":"page","link":"https:\/\/ntnui.no\/fotball\/mosjon\/","title":{"rendered":"Mosjon"},"content":{"rendered":"\n<p>Hver uke arrangeres det mosjons\u00f8kter i b\u00e5de fotball og futsal i samarbeid med Sit Trening!<\/p>\n\n\n\n<p>Dette er et viktig lavterskeltilbud som byr p\u00e5 mye fotballglede hver eneste uke gjennom hele \u00e5ret. <\/p>\n\n\n\n<p><strong>Tidspunkt 2025\/26<\/strong>:<br>Fotball: Onsdager, 16:00-17:30 i D\u00f8dens Dal (OBS: UKA p\u00e5virker tidene p\u00e5 h\u00f8sten &#8211; kontakt Fotballgruppen p\u00e5 Facebook)<br>Futsal: Mandager, 14:30-16:00 i Gl\u00f8shaugen idrettsbygg<\/p>\n\n\n\n<p><a rel=\"noreferrer noopener\" href=\"https:\/\/ntnui.no\/arrangementer\/mosjon\/\" target=\"_blank\">Informasjon om tidspunkt for \u00f8ktene, samt andre mosjons\u00f8kter i regi av NTNUI finner du p\u00e5 NTNUI sine nettsider<\/a>.<\/p>\n","protected":false},"excerpt":{"rendered":"<p>Hver uke arrangeres det mosjons\u00f8kter i b\u00e5de fotball og futsal i samarbeid med Sit Trening! Dette er et viktig lavterskeltilbud som byr p\u00e5 mye fotballglede hver eneste uke gjennom hele \u00e5ret. Tidspunkt 2025\/26:Fotball: Onsdager, 16:00-17:30 i D\u00f8dens Dal (OBS: UKA p\u00e5virker tidene p\u00e5 h\u00f8sten &#8211; kontakt Fotballgruppen p\u00e5 Facebook)Futsal: Mandager, 14:30-16:00 i Gl\u00f8shaugen idrettsbygg Informasjon [&hellip;]<\/p>\n","protected":false},"author":239,"featured_media":0,"parent":0,"menu_order":0,"comment_status":"closed","ping_status":"closed","template":"","meta":{"_coblocks_attr":"","_coblocks_dimensions":"","_coblocks_responsive_height":"","_coblocks_accordion_ie_support":"","_price":"","_stock":"","_tribe_ticket_header":"","_tribe_default_ticket_provider":"","_tribe_ticket_capacity":"0","_ticket_start_date":"","_ticket_end_date":"","_tribe_ticket_show_description":"","_tribe_ticket_show_not_going":false,"_tribe_ticket_use_global_stock":"","_tribe_ticket_global_stock_level":"","_global_stock_mode":"","_global_stock_cap":"","_tribe_rsvp_for_event":"","_tribe_ticket_going_count":"","_tribe_ticket_not_going_count":"","_tribe_tickets_list":[],"_tribe_ticket_has_attendee_info_fields":false,"footnotes":""},"class_list":["post-88","page","type-page","status-publish","hentry"],"featured_image_src":null,"featured_image_src_square":null,"_links":{"self":[{"href":"https:\/\/ntnui.no\/fotball\/wp-json\/wp\/v2\/pages\/88","targetHints":{"allow":["GET"]}}],"collection":[{"href":"https:\/\/ntnui.no\/fotball\/wp-json\/wp\/v2\/pages"}],"about":[{"href":"https:\/\/ntnui.no\/fotball\/wp-json\/wp\/v2\/types\/page"}],"author":[{"embeddable":true,"href":"https:\/\/ntnui.no\/fotball\/wp-json\/wp\/v2\/users\/239"}],"replies":[{"embeddable":true,"href":"https:\/\/ntnui.no\/fotball\/wp-json\/wp\/v2\/comments?post=88"}],"version-history":[{"count":7,"href":"https:\/\/ntnui.no\/fotball\/wp-json\/wp\/v2\/pages\/88\/revisions"}],"predecessor-version":[{"id":357,"href":"https:\/\/ntnui.no\/fotball\/wp-json\/wp\/v2\/pages\/88\/revisions\/357"}],"wp:attachment":[{"href":"https:\/\/ntnui.no\/fotball\/wp-json\/wp\/v2\/media?parent=88"}],"curies":[{"name":"wp","href":"https:\/\/api.w.org\/{rel}","templated":true}]}}