{"id":86,"date":"2020-10-07T12:31:31","date_gmt":"2020-10-07T12:31:31","guid":{"rendered":"https:\/\/ntnui.no\/fotball-ny\/?page_id=86"},"modified":"2023-04-27T09:53:11","modified_gmt":"2023-04-27T09:53:11","slug":"dodens-hinderlop","status":"publish","type":"page","link":"https:\/\/ntnui.no\/fotball\/dodens-hinderlop\/","title":{"rendered":"D\u00f8dens Hinderl\u00f8p"},"content":{"rendered":"\n<p>D\u00f8dens Hinderl\u00f8p (DH) er et arrangement som tidligere har blitt arrangert av NTNUI-Fotball til inntekt for fotballgruppa.  Gjennom dugnads\u00e5nd settes det sammen en krevende hinderl\u00f8ype som enten forseres som lag eller p\u00e5 egenh\u00e5nd. Arrangementet har dessverre ikke blitt arrangert etter Covid, men vi h\u00e5per at dette er noe som kan gjenoppst\u00e5 i fremtiden.<\/p>\n\n\n\n<div class=\"wp-block-image\"><figure class=\"aligncenter size-large\"><img loading=\"lazy\" decoding=\"async\" width=\"720\" height=\"960\" src=\"https:\/\/ntnui.no\/fotball\/wp-content\/uploads\/sites\/276\/2020\/10\/fotball-11.jpg\" alt=\"\" class=\"wp-image-100\" srcset=\"https:\/\/ntnui.no\/fotball\/wp-content\/uploads\/sites\/276\/2020\/10\/fotball-11.jpg 720w, https:\/\/ntnui.no\/fotball\/wp-content\/uploads\/sites\/276\/2020\/10\/fotball-11-225x300.jpg 225w, https:\/\/ntnui.no\/fotball\/wp-content\/uploads\/sites\/276\/2020\/10\/fotball-11-600x800.jpg 600w\" sizes=\"auto, (max-width: 720px) 100vw, 720px\" \/><\/figure><\/div>\n","protected":false},"excerpt":{"rendered":"<p>D\u00f8dens Hinderl\u00f8p (DH) er et arrangement som tidligere har blitt arrangert av NTNUI-Fotball til inntekt for fotballgruppa. Gjennom dugnads\u00e5nd settes det sammen en krevende hinderl\u00f8ype som enten forseres som lag eller p\u00e5 egenh\u00e5nd. Arrangementet har dessverre ikke blitt arrangert etter Covid, men vi h\u00e5per at dette er noe som kan gjenoppst\u00e5 i fremtiden.<\/p>\n","protected":false},"author":239,"featured_media":0,"parent":0,"menu_order":0,"comment_status":"closed","ping_status":"closed","template":"","meta":{"_coblocks_attr":"","_coblocks_dimensions":"","_coblocks_responsive_height":"","_coblocks_accordion_ie_support":"","_price":"","_stock":"","_tribe_ticket_header":"","_tribe_default_ticket_provider":"","_tribe_ticket_capacity":"0","_ticket_start_date":"","_ticket_end_date":"","_tribe_ticket_show_description":"","_tribe_ticket_show_not_going":false,"_tribe_ticket_use_global_stock":"","_tribe_ticket_global_stock_level":"","_global_stock_mode":"","_global_stock_cap":"","_tribe_rsvp_for_event":"","_tribe_ticket_going_count":"","_tribe_ticket_not_going_count":"","_tribe_tickets_list":[],"_tribe_ticket_has_attendee_info_fields":false,"footnotes":""},"class_list":["post-86","page","type-page","status-publish","hentry"],"featured_image_src":null,"featured_image_src_square":null,"_links":{"self":[{"href":"https:\/\/ntnui.no\/fotball\/wp-json\/wp\/v2\/pages\/86","targetHints":{"allow":["GET"]}}],"collection":[{"href":"https:\/\/ntnui.no\/fotball\/wp-json\/wp\/v2\/pages"}],"about":[{"href":"https:\/\/ntnui.no\/fotball\/wp-json\/wp\/v2\/types\/page"}],"author":[{"embeddable":true,"href":"https:\/\/ntnui.no\/fotball\/wp-json\/wp\/v2\/users\/239"}],"replies":[{"embeddable":true,"href":"https:\/\/ntnui.no\/fotball\/wp-json\/wp\/v2\/comments?post=86"}],"version-history":[{"count":3,"href":"https:\/\/ntnui.no\/fotball\/wp-json\/wp\/v2\/pages\/86\/revisions"}],"predecessor-version":[{"id":210,"href":"https:\/\/ntnui.no\/fotball\/wp-json\/wp\/v2\/pages\/86\/revisions\/210"}],"wp:attachment":[{"href":"https:\/\/ntnui.no\/fotball\/wp-json\/wp\/v2\/media?parent=86"}],"curies":[{"name":"wp","href":"https:\/\/api.w.org\/{rel}","templated":true}]}}