{"id":84,"date":"2020-10-07T12:31:16","date_gmt":"2020-10-07T12:31:16","guid":{"rendered":"https:\/\/ntnui.no\/fotball-ny\/?page_id=84"},"modified":"2023-04-27T09:51:53","modified_gmt":"2023-04-27T09:51:53","slug":"fadderbarncup","status":"publish","type":"page","link":"https:\/\/ntnui.no\/fotball\/fadderbarncup\/","title":{"rendered":"Fadderbarncup"},"content":{"rendered":"\n<p>Fadderbarncup er en tradisjonsrik cup som arrangeres i begynnelsen av h\u00f8stsemesteret. Cupen ble tidligere arrangert av NTNUI-Fotball alene, men har i de senere \u00e5r v\u00e6rt del av det st\u00f8rre arrangementet AktivCampus. Cupens form\u00e5l er likevel det samme: \u00c5 gi nye og gamle studenter et alternativ til ordin\u00e6re aktiviteter i fadderperioden, som en introduksjon til studentidretten i Trondheim. Her f\u00e5r nye studenter muligheten for \u00e5 bli bedre kjent med medstudenter og studenter fra andre linjer.<\/p>\n\n\n\n<p>Man trenger ikke v\u00e6re fadder eller fadderbarn for \u00e5 kunne melde p\u00e5 lag. Lagene best\u00e5r av alt fra kompis- og venninegjenger, spreke faddergrupper og linjeforeningslag. Flere av linjeforeningene stiller med heiagjenger av ypperste klasse, noe som bidrar til \u00e5 skape en fantastisk ramme rundt turneringen. <\/p>\n\n\n\n<p>Dette er et lavterskelarrangement hvor fokus er p\u00e5 \u00e5 ha det g\u00f8y og bli kjent med nye studenter. Selv om vinnere k\u00e5res \u00f8nsker vi \u00e5 skape en cup der alle kan delta og der trivsel g\u00e5r foran det sportslige i tr\u00e5d studentidrettens \u00e5nd. Arrangementet er alkoholfritt.<\/p>\n\n\n\n<div class=\"wp-block-image\"><figure class=\"aligncenter size-large\"><img loading=\"lazy\" decoding=\"async\" width=\"1024\" height=\"682\" src=\"https:\/\/ntnui.no\/fotball\/wp-content\/uploads\/sites\/276\/2020\/10\/fotball-bilde12.jpg\" alt=\"\" class=\"wp-image-99\" srcset=\"https:\/\/ntnui.no\/fotball\/wp-content\/uploads\/sites\/276\/2020\/10\/fotball-bilde12.jpg 1024w, https:\/\/ntnui.no\/fotball\/wp-content\/uploads\/sites\/276\/2020\/10\/fotball-bilde12-300x200.jpg 300w, https:\/\/ntnui.no\/fotball\/wp-content\/uploads\/sites\/276\/2020\/10\/fotball-bilde12-768x512.jpg 768w, https:\/\/ntnui.no\/fotball\/wp-content\/uploads\/sites\/276\/2020\/10\/fotball-bilde12-600x400.jpg 600w\" sizes=\"auto, (max-width: 1024px) 100vw, 1024px\" \/><\/figure><\/div>\n","protected":false},"excerpt":{"rendered":"<p>Fadderbarncup er en tradisjonsrik cup som arrangeres i begynnelsen av h\u00f8stsemesteret. Cupen ble tidligere arrangert av NTNUI-Fotball alene, men har i de senere \u00e5r v\u00e6rt del av det st\u00f8rre arrangementet AktivCampus. Cupens form\u00e5l er likevel det samme: \u00c5 gi nye og gamle studenter et alternativ til ordin\u00e6re aktiviteter i fadderperioden, som en introduksjon til studentidretten [&hellip;]<\/p>\n","protected":false},"author":239,"featured_media":0,"parent":0,"menu_order":0,"comment_status":"closed","ping_status":"closed","template":"","meta":{"_coblocks_attr":"","_coblocks_dimensions":"","_coblocks_responsive_height":"","_coblocks_accordion_ie_support":"","_price":"","_stock":"","_tribe_ticket_header":"","_tribe_default_ticket_provider":"","_tribe_ticket_capacity":"0","_ticket_start_date":"","_ticket_end_date":"","_tribe_ticket_show_description":"","_tribe_ticket_show_not_going":false,"_tribe_ticket_use_global_stock":"","_tribe_ticket_global_stock_level":"","_global_stock_mode":"","_global_stock_cap":"","_tribe_rsvp_for_event":"","_tribe_ticket_going_count":"","_tribe_ticket_not_going_count":"","_tribe_tickets_list":[],"_tribe_ticket_has_attendee_info_fields":false,"footnotes":""},"class_list":["post-84","page","type-page","status-publish","hentry"],"featured_image_src":null,"featured_image_src_square":null,"_links":{"self":[{"href":"https:\/\/ntnui.no\/fotball\/wp-json\/wp\/v2\/pages\/84","targetHints":{"allow":["GET"]}}],"collection":[{"href":"https:\/\/ntnui.no\/fotball\/wp-json\/wp\/v2\/pages"}],"about":[{"href":"https:\/\/ntnui.no\/fotball\/wp-json\/wp\/v2\/types\/page"}],"author":[{"embeddable":true,"href":"https:\/\/ntnui.no\/fotball\/wp-json\/wp\/v2\/users\/239"}],"replies":[{"embeddable":true,"href":"https:\/\/ntnui.no\/fotball\/wp-json\/wp\/v2\/comments?post=84"}],"version-history":[{"count":3,"href":"https:\/\/ntnui.no\/fotball\/wp-json\/wp\/v2\/pages\/84\/revisions"}],"predecessor-version":[{"id":209,"href":"https:\/\/ntnui.no\/fotball\/wp-json\/wp\/v2\/pages\/84\/revisions\/209"}],"wp:attachment":[{"href":"https:\/\/ntnui.no\/fotball\/wp-json\/wp\/v2\/media?parent=84"}],"curies":[{"name":"wp","href":"https:\/\/api.w.org\/{rel}","templated":true}]}}