{"id":80,"date":"2020-10-07T12:30:04","date_gmt":"2020-10-07T12:30:04","guid":{"rendered":"https:\/\/ntnui.no\/fotball-ny\/?page_id=80"},"modified":"2023-04-27T14:23:24","modified_gmt":"2023-04-27T14:23:24","slug":"opptak","status":"publish","type":"page","link":"https:\/\/ntnui.no\/fotball\/opptak\/","title":{"rendered":"Opptak"},"content":{"rendered":"\n<p>Opptak gjennomf\u00f8res i form av uttakstreninger. De fleste lagene har uttakstreninger ved starten av h\u00f8stsemesteret.<\/p>\n\n\n\n<p>Informasjon ang\u00e5ende uttakstreninger vil bli annonsert p\u00e5 v\u00e5r Facebook-side. Du kan ogs\u00e5 kontakte de ulike lagene direkte p\u00e5 deres Facebook-sider dersom du skulle ha ytterligere sp\u00f8rsm\u00e5l.<\/p>\n","protected":false},"excerpt":{"rendered":"<p>Opptak gjennomf\u00f8res i form av uttakstreninger. De fleste lagene har uttakstreninger ved starten av h\u00f8stsemesteret. Informasjon ang\u00e5ende uttakstreninger vil bli annonsert p\u00e5 v\u00e5r Facebook-side. Du kan ogs\u00e5 kontakte de ulike lagene direkte p\u00e5 deres Facebook-sider dersom du skulle ha ytterligere sp\u00f8rsm\u00e5l.<\/p>\n","protected":false},"author":239,"featured_media":0,"parent":0,"menu_order":0,"comment_status":"closed","ping_status":"closed","template":"","meta":{"_coblocks_attr":"","_coblocks_dimensions":"","_coblocks_responsive_height":"","_coblocks_accordion_ie_support":"","_price":"","_stock":"","_tribe_ticket_header":"","_tribe_default_ticket_provider":"","_tribe_ticket_capacity":"0","_ticket_start_date":"","_ticket_end_date":"","_tribe_ticket_show_description":"","_tribe_ticket_show_not_going":false,"_tribe_ticket_use_global_stock":"","_tribe_ticket_global_stock_level":"","_global_stock_mode":"","_global_stock_cap":"","_tribe_rsvp_for_event":"","_tribe_ticket_going_count":"","_tribe_ticket_not_going_count":"","_tribe_tickets_list":[],"_tribe_ticket_has_attendee_info_fields":false,"footnotes":""},"class_list":["post-80","page","type-page","status-publish","hentry"],"featured_image_src":null,"featured_image_src_square":null,"_links":{"self":[{"href":"https:\/\/ntnui.no\/fotball\/wp-json\/wp\/v2\/pages\/80","targetHints":{"allow":["GET"]}}],"collection":[{"href":"https:\/\/ntnui.no\/fotball\/wp-json\/wp\/v2\/pages"}],"about":[{"href":"https:\/\/ntnui.no\/fotball\/wp-json\/wp\/v2\/types\/page"}],"author":[{"embeddable":true,"href":"https:\/\/ntnui.no\/fotball\/wp-json\/wp\/v2\/users\/239"}],"replies":[{"embeddable":true,"href":"https:\/\/ntnui.no\/fotball\/wp-json\/wp\/v2\/comments?post=80"}],"version-history":[{"count":3,"href":"https:\/\/ntnui.no\/fotball\/wp-json\/wp\/v2\/pages\/80\/revisions"}],"predecessor-version":[{"id":237,"href":"https:\/\/ntnui.no\/fotball\/wp-json\/wp\/v2\/pages\/80\/revisions\/237"}],"wp:attachment":[{"href":"https:\/\/ntnui.no\/fotball\/wp-json\/wp\/v2\/media?parent=80"}],"curies":[{"name":"wp","href":"https:\/\/api.w.org\/{rel}","templated":true}]}}