{"id":78,"date":"2020-10-07T12:29:13","date_gmt":"2020-10-07T12:29:13","guid":{"rendered":"https:\/\/ntnui.no\/fotball-ny\/?page_id=78"},"modified":"2024-04-28T19:28:49","modified_gmt":"2024-04-28T19:28:49","slug":"futsal-damer","status":"publish","type":"page","link":"https:\/\/ntnui.no\/fotball\/futsal-damer\/","title":{"rendered":"Futsal Damer"},"content":{"rendered":"\n<p>NTNUI Futsal Damer best\u00e5r av 30 spillere som sammen trener futsal gjennom hele skole\u00e5ret. Vi deltar med to lag i seriespillet i Trondheim, ett i 1.divisjon og ett i 2.divisjon. H\u00f8stens store happening er Studentmesterskap i futsal, hvor vi som regel reiser til Oslo eller Bergen for \u00e5 delta. Her har vi vunnet de siste tre turneringene, og det f\u00f8rer til at vi f\u00e5r delta i Student-EM hver sommer! I 2024 arrangeres EM i Debrecen i Ungarn, og vi gleder oss til \u00e5 pr\u00f8ve \u00e5 forbedre fjor\u00e5rets 4.plass fra Kroatia! I tillegg deltar vi i Norgesmesterskapet og lokale helgecuper som Heimdal Indoor.<\/p>\n\n\n\n<p>Futsal er en sterkt voksende idrett i Norge, hvor flere og flere f\u00e5r \u00f8ynene opp for denne fantastiske idretten! Derfor er det ekstra stort at Norge endelig har f\u00e5tt sitt f\u00f8rste landslag i futsal, hvor vi som lag har med hele fire spillere i f\u00f8rste landslagstropp!<\/p>\n\n\n\n<p><strong>Treningstidene v\u00e5re for 2023\/24 er:<\/strong><br>Mandag 19:00-20:30 Gl\u00f8shaugen<br>Onsdag 18:00-19:30 Dragvoll<br>Fredag 16:00-17:30 Trondheim Spektrum<\/p>\n\n\n\n<p>Om du er interessert i \u00e5 pr\u00f8ve ut futsal, s\u00e5 er det bare \u00e5 ta kontakt med oss enten p\u00e5 Instagram eller Facebook! Vi er alltid interesserte etter \u00e5 f\u00e5 inn nye spillere som kan bidra sportslig og sosialt inn u gruppa v\u00e5r!<\/p>\n\n\n\n<p>Lurer du p\u00e5 hvordan lagene gj\u00f8r det i serien? Oppdatert tabellinformasjon finner du p\u00e5 NFF sine nettsider ved \u00e5 f\u00f8lge lengene under:<\/p>\n\n\n\n<ul class=\"wp-block-list\"><li><a href=\"https:\/\/www.fotball.no\/fotballdata\/turnering\/hjem\/?fiksId=191987\">Tabell 1. divisjon kvinner (fotball.no)<\/a><\/li><li><a rel=\"noreferrer noopener\" href=\"https:\/\/www.fotball.no\/fotballdata\/turnering\/hjem\/?fiksId=191998\" target=\"_blank\">Tabell 2. divisjon kvinner (fotball.no)<\/a><\/li><\/ul>\n\n\n\n<p><strong>Kontaktinformasjon<\/strong>:<\/p>\n\n\n\n<p>Jon Stian Haukli <br>472 85 301 <br>jonshaukli@hotmail.com<\/p>\n\n\n\n<p>Instagram: <a href=\"https:\/\/www.instagram.com\/ntnuifutsal\/\">https:\/\/www.instagram.com\/ntnuifutsal\/<\/a><br>Facebook: <a href=\"https:\/\/www.facebook.com\/ntnuidamerfutsal\">https:\/\/www.facebook.com\/ntnuidamerfutsal<\/a><\/p>\n\n\n\n<div class=\"wp-block-image\"><figure class=\"aligncenter size-large\"><img loading=\"lazy\" decoding=\"async\" width=\"1440\" height=\"945\" src=\"https:\/\/ntnui.no\/fotball\/wp-content\/uploads\/sites\/276\/2024\/04\/Futsal-Damer.jpg\" alt=\"\" class=\"wp-image-329\" \/><\/figure><\/div>\n","protected":false},"excerpt":{"rendered":"<p>NTNUI Futsal Damer best\u00e5r av 30 spillere som sammen trener futsal gjennom hele skole\u00e5ret. Vi deltar med to lag i seriespillet i Trondheim, ett i 1.divisjon og ett i 2.divisjon. H\u00f8stens store happening er Studentmesterskap i futsal, hvor vi som regel reiser til Oslo eller Bergen for \u00e5 delta. Her har vi vunnet de siste [&hellip;]<\/p>\n","protected":false},"author":239,"featured_media":0,"parent":0,"menu_order":0,"comment_status":"closed","ping_status":"closed","template":"","meta":{"_coblocks_attr":"","_coblocks_dimensions":"","_coblocks_responsive_height":"","_coblocks_accordion_ie_support":"","_price":"","_stock":"","_tribe_ticket_header":"","_tribe_default_ticket_provider":"","_tribe_ticket_capacity":"0","_ticket_start_date":"","_ticket_end_date":"","_tribe_ticket_show_description":"","_tribe_ticket_show_not_going":false,"_tribe_ticket_use_global_stock":"","_tribe_ticket_global_stock_level":"","_global_stock_mode":"","_global_stock_cap":"","_tribe_rsvp_for_event":"","_tribe_ticket_going_count":"","_tribe_ticket_not_going_count":"","_tribe_tickets_list":[],"_tribe_ticket_has_attendee_info_fields":false,"footnotes":""},"class_list":["post-78","page","type-page","status-publish","hentry"],"featured_image_src":null,"featured_image_src_square":null,"_links":{"self":[{"href":"https:\/\/ntnui.no\/fotball\/wp-json\/wp\/v2\/pages\/78","targetHints":{"allow":["GET"]}}],"collection":[{"href":"https:\/\/ntnui.no\/fotball\/wp-json\/wp\/v2\/pages"}],"about":[{"href":"https:\/\/ntnui.no\/fotball\/wp-json\/wp\/v2\/types\/page"}],"author":[{"embeddable":true,"href":"https:\/\/ntnui.no\/fotball\/wp-json\/wp\/v2\/users\/239"}],"replies":[{"embeddable":true,"href":"https:\/\/ntnui.no\/fotball\/wp-json\/wp\/v2\/comments?post=78"}],"version-history":[{"count":8,"href":"https:\/\/ntnui.no\/fotball\/wp-json\/wp\/v2\/pages\/78\/revisions"}],"predecessor-version":[{"id":339,"href":"https:\/\/ntnui.no\/fotball\/wp-json\/wp\/v2\/pages\/78\/revisions\/339"}],"wp:attachment":[{"href":"https:\/\/ntnui.no\/fotball\/wp-json\/wp\/v2\/media?parent=78"}],"curies":[{"name":"wp","href":"https:\/\/api.w.org\/{rel}","templated":true}]}}