{"id":74,"date":"2020-10-07T12:28:31","date_gmt":"2020-10-07T12:28:31","guid":{"rendered":"https:\/\/ntnui.no\/fotball-ny\/?page_id=74"},"modified":"2023-08-07T12:03:27","modified_gmt":"2023-08-07T12:03:27","slug":"ra","status":"publish","type":"page","link":"https:\/\/ntnui.no\/fotball\/en\/ra\/","title":{"rendered":"R\u00c5"},"content":{"rendered":"\n<p>NTNUI R\u00c5 er et av NTNUIs 7er lag, og spiller hovedsakelig i studentligaen. Laget har i flere \u00e5r v\u00e6rt med i inneserien til bedriftsidretten hvor det spilles futsal, i tillegg til ulike turneringer i l\u00f8pet av \u00e5ret. <\/p>\n\n\n\n<p>Laget trener en gang i uken i d\u00f8dens dal. Sesongen 22\/23 har NTNUI R\u00c5 vunnet idrettsfestivalen, inneserien og ligger forel\u00f8pig \u00f8verst p\u00e5 tabellen i 1. divisjon i studentligaen.<\/p>\n\n\n\n<p><strong>Kontaktinformasjon:<\/strong><br>Facebook: <a href=\"https:\/\/www.facebook.com\/ntnui7er\">NTNUI Damer 7er sine Facebooksider<\/a><br>Instagram: <a href=\"https:\/\/l.facebook.com\/l.php?u=https%3A%2F%2Fwww.instagram.com%2Fntnuiraa%2F%3Ffbclid%3DIwAR0ekEUTev-on1jmtHjej_wx_cGOG4hW5LgNG0spaigxPUpjY1563H1VH9w&amp;h=AT1JvtPxXTXUbBWm8zhxHJ0WZETBlW7LdLh-pQPoBzaGBOthIpLorHdjT28OB6z6FaqnQ9QJISAExRJgjzS0tYEvWo8D8BPQZ7hc9o-I087YGmVYxmKHIoRkToQvGcdFyhQ\">NTNUI <\/a><a href=\"https:\/\/www.instagram.com\/ntnui_raa\/\">R\u00c5<\/a><\/p>\n\n\n\n<div class=\"wp-block-image\"><figure class=\"aligncenter size-large\"><img loading=\"lazy\" decoding=\"async\" width=\"967\" height=\"1292\" src=\"https:\/\/ntnui.no\/fotball\/wp-content\/uploads\/sites\/276\/2023\/08\/NTNUI-Ra.jpg\" alt=\"\" class=\"wp-image-268\" \/><\/figure><\/div>\n","protected":false},"excerpt":{"rendered":"<p>NTNUI R\u00c5 er et av NTNUIs 7er lag, og spiller hovedsakelig i studentligaen. Laget har i flere \u00e5r v\u00e6rt med i inneserien til bedriftsidretten hvor det spilles futsal, i tillegg til ulike turneringer i l\u00f8pet av \u00e5ret. Laget trener en gang i uken i d\u00f8dens dal. Sesongen 22\/23 har NTNUI R\u00c5 vunnet idrettsfestivalen, inneserien og [&hellip;]<\/p>\n","protected":false},"author":239,"featured_media":0,"parent":0,"menu_order":0,"comment_status":"closed","ping_status":"closed","template":"","meta":{"_coblocks_attr":"","_coblocks_dimensions":"","_coblocks_responsive_height":"","_coblocks_accordion_ie_support":"","_price":"","_stock":"","_tribe_ticket_header":"","_tribe_default_ticket_provider":"","_tribe_ticket_capacity":"0","_ticket_start_date":"","_ticket_end_date":"","_tribe_ticket_show_description":"","_tribe_ticket_show_not_going":false,"_tribe_ticket_use_global_stock":"","_tribe_ticket_global_stock_level":"","_global_stock_mode":"","_global_stock_cap":"","_tribe_rsvp_for_event":"","_tribe_ticket_going_count":"","_tribe_ticket_not_going_count":"","_tribe_tickets_list":[],"_tribe_ticket_has_attendee_info_fields":false,"footnotes":""},"class_list":["post-74","page","type-page","status-publish","hentry"],"featured_image_src":null,"featured_image_src_square":null,"_links":{"self":[{"href":"https:\/\/ntnui.no\/fotball\/wp-json\/wp\/v2\/pages\/74","targetHints":{"allow":["GET"]}}],"collection":[{"href":"https:\/\/ntnui.no\/fotball\/wp-json\/wp\/v2\/pages"}],"about":[{"href":"https:\/\/ntnui.no\/fotball\/wp-json\/wp\/v2\/types\/page"}],"author":[{"embeddable":true,"href":"https:\/\/ntnui.no\/fotball\/wp-json\/wp\/v2\/users\/239"}],"replies":[{"embeddable":true,"href":"https:\/\/ntnui.no\/fotball\/wp-json\/wp\/v2\/comments?post=74"}],"version-history":[{"count":5,"href":"https:\/\/ntnui.no\/fotball\/wp-json\/wp\/v2\/pages\/74\/revisions"}],"predecessor-version":[{"id":271,"href":"https:\/\/ntnui.no\/fotball\/wp-json\/wp\/v2\/pages\/74\/revisions\/271"}],"wp:attachment":[{"href":"https:\/\/ntnui.no\/fotball\/wp-json\/wp\/v2\/media?parent=74"}],"curies":[{"name":"wp","href":"https:\/\/api.w.org\/{rel}","templated":true}]}}