{"id":72,"date":"2020-10-07T12:28:08","date_gmt":"2020-10-07T12:28:08","guid":{"rendered":"https:\/\/ntnui.no\/fotball-ny\/?page_id=72"},"modified":"2023-08-07T12:13:05","modified_gmt":"2023-08-07T12:13:05","slug":"damer-7-1","status":"publish","type":"page","link":"https:\/\/ntnui.no\/fotball\/damer-7-1\/","title":{"rendered":"Damer 7-1 GOATS"},"content":{"rendered":"\n<p>Damer 7-1 GOATS er en fotballglad gjeng som er gode p\u00e5 \u00e5 ha det g\u00f8y b\u00e5de p\u00e5 og utenfor banen. <\/p>\n\n\n\n<p>Vi trener en gang i uken i D\u00f8dens dal og spiller kamper i 7dentligaen og flere turneringer gjennom \u00e5ret, og her f\u00e5r vi kjenne p\u00e5 konkurranseinstinktet. Utenfor banen st\u00e5r det sosiale sterkt med flere morsomme aktiviteter gjennom semesteret.<\/p>\n\n\n\n<p><strong>Kontaktinformasjon<\/strong><br>Facebook: <a href=\"https:\/\/www.facebook.com\/ntnui7er\" data-type=\"URL\" data-id=\"https:\/\/www.facebook.com\/ntnui7er\">NTNUI 7er Damer<\/a><br>Instagram: <a href=\"https:\/\/l.facebook.com\/l.php?u=https%3A%2F%2Fwww.instagram.com%2Fntnuigoats%2F%3Ffbclid%3DIwAR37Lu0kknaEP9kdJnpiFYtVKhAzgCLVgp9XE51LZ_8Lv3dIwj8xTBQ2lnY&amp;h=AT0RwIuhWCzkgnIfvLzQmNLQUfK6dFTvezYksQYU0tqGKwRin2imhk8LF-SAw__DzFufJKwPh0aicN9zqZL811ViDNfUHOZP56r_5x2ucY0H4tfNv0MznbpxQLB4VQMmlYE\" data-type=\"URL\" data-id=\"https:\/\/l.facebook.com\/l.php?u=https%3A%2F%2Fwww.instagram.com%2Fntnuigoats%2F%3Ffbclid%3DIwAR37Lu0kknaEP9kdJnpiFYtVKhAzgCLVgp9XE51LZ_8Lv3dIwj8xTBQ2lnY&amp;h=AT0RwIuhWCzkgnIfvLzQmNLQUfK6dFTvezYksQYU0tqGKwRin2imhk8LF-SAw__DzFufJKwPh0aicN9zqZL811ViDNfUHOZP56r_5x2ucY0H4tfNv0MznbpxQLB4VQMmlYE\">NTNUI 7-1 <\/a><a href=\"https:\/\/www.instagram.com\/ntnuigoats\/\" data-type=\"URL\" data-id=\"https:\/\/www.instagram.com\/ntnuigoats\/\">GOATS<\/a><\/p>\n\n\n\n<div class=\"wp-block-image\"><figure class=\"aligncenter size-large\"><img loading=\"lazy\" decoding=\"async\" width=\"4032\" height=\"3024\" src=\"https:\/\/ntnui.no\/fotball\/wp-content\/uploads\/sites\/276\/2023\/08\/lagbilde-1.jpeg\" alt=\"\" class=\"wp-image-263\" \/><\/figure><\/div>\n\n\n","protected":false},"excerpt":{"rendered":"<p>Damer 7-1 GOATS er en fotballglad gjeng som er gode p\u00e5 \u00e5 ha det g\u00f8y b\u00e5de p\u00e5 og utenfor banen. Vi trener en gang i uken i D\u00f8dens dal og spiller kamper i 7dentligaen og flere turneringer gjennom \u00e5ret, og her f\u00e5r vi kjenne p\u00e5 konkurranseinstinktet. Utenfor banen st\u00e5r det sosiale sterkt med flere morsomme [&hellip;]<\/p>\n","protected":false},"author":239,"featured_media":0,"parent":0,"menu_order":0,"comment_status":"closed","ping_status":"closed","template":"","meta":{"_coblocks_attr":"","_coblocks_dimensions":"","_coblocks_responsive_height":"","_coblocks_accordion_ie_support":"","_price":"","_stock":"","_tribe_ticket_header":"","_tribe_default_ticket_provider":"","_tribe_ticket_capacity":"0","_ticket_start_date":"","_ticket_end_date":"","_tribe_ticket_show_description":"","_tribe_ticket_show_not_going":false,"_tribe_ticket_use_global_stock":"","_tribe_ticket_global_stock_level":"","_global_stock_mode":"","_global_stock_cap":"","_tribe_rsvp_for_event":"","_tribe_ticket_going_count":"","_tribe_ticket_not_going_count":"","_tribe_tickets_list":[],"_tribe_ticket_has_attendee_info_fields":false,"footnotes":""},"class_list":["post-72","page","type-page","status-publish","hentry"],"featured_image_src":null,"featured_image_src_square":null,"_links":{"self":[{"href":"https:\/\/ntnui.no\/fotball\/wp-json\/wp\/v2\/pages\/72","targetHints":{"allow":["GET"]}}],"collection":[{"href":"https:\/\/ntnui.no\/fotball\/wp-json\/wp\/v2\/pages"}],"about":[{"href":"https:\/\/ntnui.no\/fotball\/wp-json\/wp\/v2\/types\/page"}],"author":[{"embeddable":true,"href":"https:\/\/ntnui.no\/fotball\/wp-json\/wp\/v2\/users\/239"}],"replies":[{"embeddable":true,"href":"https:\/\/ntnui.no\/fotball\/wp-json\/wp\/v2\/comments?post=72"}],"version-history":[{"count":6,"href":"https:\/\/ntnui.no\/fotball\/wp-json\/wp\/v2\/pages\/72\/revisions"}],"predecessor-version":[{"id":273,"href":"https:\/\/ntnui.no\/fotball\/wp-json\/wp\/v2\/pages\/72\/revisions\/273"}],"wp:attachment":[{"href":"https:\/\/ntnui.no\/fotball\/wp-json\/wp\/v2\/media?parent=72"}],"curies":[{"name":"wp","href":"https:\/\/api.w.org\/{rel}","templated":true}]}}