{"id":70,"date":"2020-10-07T12:27:50","date_gmt":"2020-10-07T12:27:50","guid":{"rendered":"https:\/\/ntnui.no\/fotball-ny\/?page_id=70"},"modified":"2023-08-09T22:27:13","modified_gmt":"2023-08-09T22:27:13","slug":"damer-11-2","status":"publish","type":"page","link":"https:\/\/ntnui.no\/fotball\/damer-11-2\/","title":{"rendered":"Damer 11-2"},"content":{"rendered":"\n<p>Vi er 30 jenter fra ulike studier p\u00e5 NTNU som spiller i Adressa-ligaen 4 divisjon. Vi trener 2 dager i uken + 1 kamp. Jentene er opptatt av samhold, er lidenskapelig opptatt av fotball og \u00f8nsker \u00e5 spille fotball for \u00e5 ha det g\u00f8y. Laget har spillende trener og vi styrer treninger og kamper selv. Vi blir dermed en sammensveiset gjeng som m\u00e5 samarbeide om ulike oppgaver for \u00e5 f\u00e5 laget til \u00e5 utvikle seg. Heia NTNUI!<\/p>\n\n\n\n<p>For oppdateringer og informasjon om uttakstreninger sjekk ut <a href=\"https:\/\/www.instagram.com\/ntnuidamer2\/\" data-type=\"URL\" data-id=\"https:\/\/www.instagram.com\/ntnuidamer2\/\">ntnuidamer2 p\u00e5 Instagram<\/a><\/p>\n\n\n\n<div class=\"wp-block-image\"><figure class=\"aligncenter size-large\"><img loading=\"lazy\" decoding=\"async\" width=\"1284\" height=\"945\" src=\"https:\/\/ntnui.no\/fotball\/wp-content\/uploads\/sites\/276\/2023\/08\/IMG_3170.jpg\" alt=\"\" class=\"wp-image-285\" \/><\/figure><\/div>\n","protected":false},"excerpt":{"rendered":"<p>Vi er 30 jenter fra ulike studier p\u00e5 NTNU som spiller i Adressa-ligaen 4 divisjon. Vi trener 2 dager i uken + 1 kamp. Jentene er opptatt av samhold, er lidenskapelig opptatt av fotball og \u00f8nsker \u00e5 spille fotball for \u00e5 ha det g\u00f8y. Laget har spillende trener og vi styrer treninger og kamper selv. [&hellip;]<\/p>\n","protected":false},"author":239,"featured_media":0,"parent":0,"menu_order":0,"comment_status":"closed","ping_status":"closed","template":"","meta":{"_coblocks_attr":"","_coblocks_dimensions":"","_coblocks_responsive_height":"","_coblocks_accordion_ie_support":"","_price":"","_stock":"","_tribe_ticket_header":"","_tribe_default_ticket_provider":"","_tribe_ticket_capacity":"0","_ticket_start_date":"","_ticket_end_date":"","_tribe_ticket_show_description":"","_tribe_ticket_show_not_going":false,"_tribe_ticket_use_global_stock":"","_tribe_ticket_global_stock_level":"","_global_stock_mode":"","_global_stock_cap":"","_tribe_rsvp_for_event":"","_tribe_ticket_going_count":"","_tribe_ticket_not_going_count":"","_tribe_tickets_list":[],"_tribe_ticket_has_attendee_info_fields":false,"footnotes":""},"class_list":["post-70","page","type-page","status-publish","hentry"],"featured_image_src":null,"featured_image_src_square":null,"_links":{"self":[{"href":"https:\/\/ntnui.no\/fotball\/wp-json\/wp\/v2\/pages\/70","targetHints":{"allow":["GET"]}}],"collection":[{"href":"https:\/\/ntnui.no\/fotball\/wp-json\/wp\/v2\/pages"}],"about":[{"href":"https:\/\/ntnui.no\/fotball\/wp-json\/wp\/v2\/types\/page"}],"author":[{"embeddable":true,"href":"https:\/\/ntnui.no\/fotball\/wp-json\/wp\/v2\/users\/239"}],"replies":[{"embeddable":true,"href":"https:\/\/ntnui.no\/fotball\/wp-json\/wp\/v2\/comments?post=70"}],"version-history":[{"count":3,"href":"https:\/\/ntnui.no\/fotball\/wp-json\/wp\/v2\/pages\/70\/revisions"}],"predecessor-version":[{"id":286,"href":"https:\/\/ntnui.no\/fotball\/wp-json\/wp\/v2\/pages\/70\/revisions\/286"}],"wp:attachment":[{"href":"https:\/\/ntnui.no\/fotball\/wp-json\/wp\/v2\/media?parent=70"}],"curies":[{"name":"wp","href":"https:\/\/api.w.org\/{rel}","templated":true}]}}