{"id":7,"date":"2019-01-10T17:36:13","date_gmt":"2019-01-10T17:36:13","guid":{"rendered":"https:\/\/ntnui.no\/fotball-ny2\/?page_id=7"},"modified":"2023-11-06T09:21:38","modified_gmt":"2023-11-06T09:21:38","slug":"forside","status":"publish","type":"page","link":"https:\/\/ntnui.no\/fotball\/","title":{"rendered":"Forside"},"content":{"rendered":"\n<div class=\"wp-block-cover alignfull has-background-dim has-parallax\" style=\"background-image:url(https:\/\/ntnui.no\/fotball\/wp-content\/uploads\/sites\/276\/2020\/10\/crop-0-0-1000-370-0-fotball-forsidebilde.jpg)\"><div class=\"wp-block-cover__inner-container is-layout-flow wp-block-cover-is-layout-flow\">\n<p class=\"has-text-align-center has-large-font-size\"><img loading=\"lazy\" decoding=\"async\" width=\"16091\" height=\"7219\" class=\"wp-image-242\" style=\"width: 1000px\" src=\"https:\/\/ntnui.no\/fotball\/wp-content\/uploads\/sites\/276\/2023\/07\/futsal-og-fotball.png\" alt=\"Logo NTNUI Fotball og NTNUI Futsal\"><\/p>\n<\/div><\/div>\n\n\n\n<h2 class=\"has-text-align-center wp-block-heading\">Nyheter<\/h2>\n\n\n\n<p><\/p>\n\n\n\n<div class=\"wp-block-group alignfull coblocks-animate\" data-coblocks-animation=\"slideInBottom\"><div class=\"wp-block-group__inner-container is-layout-flow wp-block-group-is-layout-flow\">\n<div class=\"wp-block-group\"><div class=\"wp-block-group__inner-container is-layout-flow wp-block-group-is-layout-flow\"><ul class=\"wp-block-latest-posts__list is-grid columns-3 alignfull wp-block-latest-posts\"><li><a class=\"wp-block-latest-posts__post-title\" href=\"https:\/\/ntnui.no\/fotball\/en\/2023\/09\/04\/apne-treninger-i-fotball-og-futsal-hver-uke\/\">\u00c5pne treninger i fotball og futsal hver uke!<\/a><\/li>\n<\/ul><\/div><\/div>\n<\/div><\/div>\n\n\n\n<div class=\"wp-block-media-text alignwide is-stacked-on-mobile is-style-default\"><figure class=\"wp-block-media-text__media\"><img loading=\"lazy\" decoding=\"async\" width=\"4318\" height=\"3239\" src=\"https:\/\/ntnui.no\/fotball\/wp-content\/uploads\/sites\/276\/2023\/08\/2023-02-04_LeonieRicharz_FNM-1-_-4-3-format.jpg\" alt=\"Mann sparker futsalball\" class=\"wp-image-254\" \/><\/figure><div class=\"wp-block-media-text__content\">\n<p class=\"has-large-font-size\" style=\"font-size:52px\">Velkommen til NTNUI Fotball!<\/p>\n\n\n\n<p>Her finner du informasjon om v\u00e5re fotball og futsallag. <\/p>\n\n\n\n<p>Har du sp\u00f8rsm\u00e5l om NTNUI Fotball? Send melding til fotball-leder@ntnui.no<\/p>\n\n\n\n<p>Foto: Leonie Richarz\/NTNUI Blits (CC BY 4.0)<\/p>\n<\/div><\/div>\n\n\n\n<div class=\"wp-block-media-text alignwide is-stacked-on-mobile is-style-default\"><figure class=\"wp-block-media-text__media\"><img loading=\"lazy\" decoding=\"async\" width=\"2047\" height=\"1365\" src=\"https:\/\/ntnui.no\/fotball\/wp-content\/uploads\/sites\/276\/2023\/09\/i-8Jk2d9h-X4-2.jpg\" alt=\"\" class=\"wp-image-308\" \/><\/figure><div class=\"wp-block-media-text__content\">\n<p class=\"has-large-font-size\" style=\"font-size:52px\">\u00c5pne treninger!<\/p>\n\n\n\n<p>Hver uke arrangeres det \u00e5pne treninger i b\u00e5de fotball og futsal!<\/p>\n\n\n\n<p><strong>Tidspunkt<\/strong>:<br>Fotball: Onsdag 16:00-17:30 i D\u00f8dens Dal<br>Futsal: Torsdag 14:30-16:00 i Dragvoll Hall B<\/p>\n\n\n\n<p>Vi opplever en enorm p\u00e5gang p\u00e5 v\u00e5re uttakstreninger i b\u00e5de fotball og futsal. For \u00e5 kunne tilby et st\u00f8rst mulig tilbud til Trondheims studenter arrangeres det derfor \u00e5pne treninger hver eneste uke i b\u00e5de fotball og futsal.<\/p>\n\n\n\n<p>Vi sees p\u00e5 trening!<\/p>\n\n\n\n<p><strong>Ser vi deg p\u00e5 uttakstrening til h\u00f8sten? <\/strong><\/p>\n\n\n\n<p>Hvert \u00e5r er vi p\u00e5 utkikk etter nye medspillere!<\/p>\n\n\n\n<p>Tidspunkt for uttakstreninger varierer mellom lagene. Ta gjerne en tur innom lagenes Facebook og Instagram-sider for n\u00e6rmere informasjon.<\/p>\n\n\n\n<p>Foto: Leonie Richarz\/NTNUI Blits (CC BY 4.0)<\/p>\n<\/div><\/div>\n","protected":false},"excerpt":{"rendered":"<p>Nyheter Velkommen til NTNUI Fotball! Her finner du informasjon om v\u00e5re fotball og futsallag. Har du sp\u00f8rsm\u00e5l om NTNUI Fotball? Send melding til fotball-leder@ntnui.no Foto: Leonie Richarz\/NTNUI Blits (CC BY 4.0) \u00c5pne treninger! Hver uke arrangeres det \u00e5pne treninger i b\u00e5de fotball og futsal! Tidspunkt:Fotball: Onsdag 16:00-17:30 i D\u00f8dens DalFutsal: Torsdag 14:30-16:00 i Dragvoll Hall [&hellip;]<\/p>\n","protected":false},"author":7,"featured_media":0,"parent":0,"menu_order":0,"comment_status":"closed","ping_status":"closed","template":"","meta":{"_coblocks_attr":"","_coblocks_dimensions":"","_coblocks_responsive_height":"","_coblocks_accordion_ie_support":"","_price":"","_stock":"","_tribe_ticket_header":"","_tribe_default_ticket_provider":"","_tribe_ticket_capacity":"0","_ticket_start_date":"","_ticket_end_date":"","_tribe_ticket_show_description":"","_tribe_ticket_show_not_going":false,"_tribe_ticket_use_global_stock":"","_tribe_ticket_global_stock_level":"","_global_stock_mode":"","_global_stock_cap":"","_tribe_rsvp_for_event":"","_tribe_ticket_going_count":"","_tribe_ticket_not_going_count":"","_tribe_tickets_list":[],"_tribe_ticket_has_attendee_info_fields":false,"footnotes":""},"class_list":["post-7","page","type-page","status-publish","hentry"],"featured_image_src":null,"featured_image_src_square":null,"_links":{"self":[{"href":"https:\/\/ntnui.no\/fotball\/wp-json\/wp\/v2\/pages\/7","targetHints":{"allow":["GET"]}}],"collection":[{"href":"https:\/\/ntnui.no\/fotball\/wp-json\/wp\/v2\/pages"}],"about":[{"href":"https:\/\/ntnui.no\/fotball\/wp-json\/wp\/v2\/types\/page"}],"author":[{"embeddable":true,"href":"https:\/\/ntnui.no\/fotball\/wp-json\/wp\/v2\/users\/7"}],"replies":[{"embeddable":true,"href":"https:\/\/ntnui.no\/fotball\/wp-json\/wp\/v2\/comments?post=7"}],"version-history":[{"count":17,"href":"https:\/\/ntnui.no\/fotball\/wp-json\/wp\/v2\/pages\/7\/revisions"}],"predecessor-version":[{"id":322,"href":"https:\/\/ntnui.no\/fotball\/wp-json\/wp\/v2\/pages\/7\/revisions\/322"}],"wp:attachment":[{"href":"https:\/\/ntnui.no\/fotball\/wp-json\/wp\/v2\/media?parent=7"}],"curies":[{"name":"wp","href":"https:\/\/api.w.org\/{rel}","templated":true}]}}