{"id":68,"date":"2020-10-07T12:27:28","date_gmt":"2020-10-07T12:27:28","guid":{"rendered":"https:\/\/ntnui.no\/fotball-ny\/?page_id=68"},"modified":"2023-08-09T22:23:13","modified_gmt":"2023-08-09T22:23:13","slug":"damer-11-1","status":"publish","type":"page","link":"https:\/\/ntnui.no\/fotball\/damer-11-1\/","title":{"rendered":"Damer 11-1"},"content":{"rendered":"\n<p>Vi er en gjeng fotballglade jenter som liker \u00e5 ha det g\u00f8y b\u00e5de p\u00e5 og av banen! Vi trener to ganger i uken i D\u00f8dens dal. Per n\u00e5 spiller vi i 4.divisjon, men vi har som m\u00e5l \u00e5 rykke opp igjen til 3.divisjon. Vi representerte Norge under student-EM i 2023, hvor vi endte p\u00e5 en 6. plass.<\/p>\n\n\n\n<p>Laget er selvdrevet, med spillende trenere og lagledere. Vi pleier \u00e5 ha to uttak i \u00e5ret, i august og januar.<\/p>\n\n\n\n<p><strong>Mer informasjon kan du finne p\u00e5:<\/strong><br><a href=\"https:\/\/www.instagram.com\/ntnuifotballdamer\/\">Instagram (@ntnuifotballdamer) <\/a><br><a href=\"https:\/\/www.facebook.com\/ntnuifotballdamelaget\">Facebook (NTNUI Fotball A-lag Damer)<\/a><\/p>\n\n\n\n<div class=\"wp-block-image\"><figure class=\"aligncenter size-large\"><img loading=\"lazy\" decoding=\"async\" width=\"3018\" height=\"2263\" src=\"https:\/\/ntnui.no\/fotball\/wp-content\/uploads\/sites\/276\/2023\/08\/Damer-11-1.jpg\" alt=\"\" class=\"wp-image-282\" \/><\/figure><\/div>\n","protected":false},"excerpt":{"rendered":"<p>Vi er en gjeng fotballglade jenter som liker \u00e5 ha det g\u00f8y b\u00e5de p\u00e5 og av banen! Vi trener to ganger i uken i D\u00f8dens dal. Per n\u00e5 spiller vi i 4.divisjon, men vi har som m\u00e5l \u00e5 rykke opp igjen til 3.divisjon. Vi representerte Norge under student-EM i 2023, hvor vi endte p\u00e5 en [&hellip;]<\/p>\n","protected":false},"author":239,"featured_media":0,"parent":0,"menu_order":0,"comment_status":"closed","ping_status":"closed","template":"","meta":{"_coblocks_attr":"","_coblocks_dimensions":"","_coblocks_responsive_height":"","_coblocks_accordion_ie_support":"","_price":"","_stock":"","_tribe_ticket_header":"","_tribe_default_ticket_provider":"","_tribe_ticket_capacity":"0","_ticket_start_date":"","_ticket_end_date":"","_tribe_ticket_show_description":"","_tribe_ticket_show_not_going":false,"_tribe_ticket_use_global_stock":"","_tribe_ticket_global_stock_level":"","_global_stock_mode":"","_global_stock_cap":"","_tribe_rsvp_for_event":"","_tribe_ticket_going_count":"","_tribe_ticket_not_going_count":"","_tribe_tickets_list":[],"_tribe_ticket_has_attendee_info_fields":false,"footnotes":""},"class_list":["post-68","page","type-page","status-publish","hentry"],"featured_image_src":null,"featured_image_src_square":null,"_links":{"self":[{"href":"https:\/\/ntnui.no\/fotball\/wp-json\/wp\/v2\/pages\/68","targetHints":{"allow":["GET"]}}],"collection":[{"href":"https:\/\/ntnui.no\/fotball\/wp-json\/wp\/v2\/pages"}],"about":[{"href":"https:\/\/ntnui.no\/fotball\/wp-json\/wp\/v2\/types\/page"}],"author":[{"embeddable":true,"href":"https:\/\/ntnui.no\/fotball\/wp-json\/wp\/v2\/users\/239"}],"replies":[{"embeddable":true,"href":"https:\/\/ntnui.no\/fotball\/wp-json\/wp\/v2\/comments?post=68"}],"version-history":[{"count":3,"href":"https:\/\/ntnui.no\/fotball\/wp-json\/wp\/v2\/pages\/68\/revisions"}],"predecessor-version":[{"id":283,"href":"https:\/\/ntnui.no\/fotball\/wp-json\/wp\/v2\/pages\/68\/revisions\/283"}],"wp:attachment":[{"href":"https:\/\/ntnui.no\/fotball\/wp-json\/wp\/v2\/media?parent=68"}],"curies":[{"name":"wp","href":"https:\/\/api.w.org\/{rel}","templated":true}]}}