{"id":66,"date":"2020-10-07T12:26:54","date_gmt":"2020-10-07T12:26:54","guid":{"rendered":"https:\/\/ntnui.no\/fotball-ny\/?page_id=66"},"modified":"2024-04-30T15:42:12","modified_gmt":"2024-04-30T15:42:12","slug":"futsal-herrer","status":"publish","type":"page","link":"https:\/\/ntnui.no\/fotball\/futsal-herrer\/","title":{"rendered":"Futsal Herrer"},"content":{"rendered":"\n<p>Futsal er blant de raskest voksende idrettene b\u00e5de i Norge og i verden. Futsal spilles innend\u00f8rs (5 mot 5, inkludert keeper) med samme banest\u00f8rrelse og m\u00e5l som i h\u00e5ndball.<\/p>\n\n\n\n<p>NTNUI Futsal Herrer spiller i vanlig seriespill. Laget trener 3 ganger i uken i tillegg til kamp, og har som m\u00e5l \u00e5 v\u00e6re et av landets beste futsallag. Laget best\u00e5r av \u00e9n treningsgruppe som sesongen 2023\/24 har ett lag i Eliteserien og ett lag i 2. divisjon. Gjennom \u00e5ret deltar laget ogs\u00e5 p\u00e5 flere turneringer b\u00e5de lokalt, nasjonalt og i noen tilfeller internasjonalt. Blant h\u00f8ydepunktene gjennom sesongen er deltakelse p\u00e5 Studentlekene (student-NM) p\u00e5 h\u00f8sten, hvor vinneren representerer Norge i student-EM sommeren etter.<\/p>\n\n\n\n<p>NTNUI Futsal herrer best\u00e5r av spillere fra alle studieretninger p\u00e5 NTNU. Vi verdsetter b\u00e5de det sportslige fokuset, men ogs\u00e5 et sv\u00e6rt godt sosialt milj\u00f8.<\/p>\n\n\n\n<p>Vi har vanligvis opptak av nye spillere ved semesterstart p\u00e5 h\u00f8sten. Send oss gjerne en melding p\u00e5 Facebook (NTNUI Futsal Herrer) eller Instagram om du er interessert! Det er ingen krav om tidligere futsalerfaring, men man b\u00f8r ha spilt en del fotball fra f\u00f8r. Det er ogs\u00e5 spillere p\u00e5 laget som kombinerer fotball og futsal.<\/p>\n\n\n\n<p>F\u00f8lg lagets reise i Eliteserien og 2. divisjon med oppdaterte tabeller ved \u00e5 f\u00f8lge lenkene nedenfor:<\/p>\n\n\n\n<ul class=\"wp-block-list\"><li><a rel=\"noreferrer noopener\" href=\"https:\/\/www.fotball.no\/turneringer\/eliteserien-futsal\/\" data-type=\"URL\" data-id=\"https:\/\/www.fotball.no\/turneringer\/eliteserien-futsal\/\" target=\"_blank\">Tabell Eliteserien Futsal (fotball.no)<\/a> <\/li><li><a rel=\"noreferrer noopener\" href=\"https:\/\/www.fotball.no\/fotballdata\/turnering\/hjem\/?fiksId=192001\" data-type=\"URL\" data-id=\"https:\/\/www.fotball.no\/fotballdata\/turnering\/hjem\/?fiksId=192001\" target=\"_blank\">Tabell 2. divisjon Tr\u00f8ndelag (fotball.no)<\/a><\/li><\/ul>\n\n\n\n<p><\/p>\n\n\n\n<p><strong>Kontaktinformasjon<\/strong><br>\u00d8yvind L\u00f8kke Vie, futsal@ntnui.no<strong><br><\/strong>Facebook: <a href=\"https:\/\/www.facebook.com\/NTNUIFutsalHerrer\" data-type=\"URL\" data-id=\"https:\/\/www.facebook.com\/NTNUIFutsalHerrer\">NTNUI Futsal Herrer p\u00e5 Facebook<\/a><br>Instagram: <a href=\"https:\/\/www.instagram.com\/ntnuifutsalherrer\/\">NTNUI Futsal Herrer p\u00e5 Instagram<\/a><\/p>\n\n\n\n<div class=\"wp-block-image\"><figure class=\"aligncenter size-large\"><img loading=\"lazy\" decoding=\"async\" width=\"3004\" height=\"2259\" src=\"https:\/\/ntnui.no\/fotball\/wp-content\/uploads\/sites\/276\/2023\/08\/IMG_6903.jpg\" alt=\"\" class=\"wp-image-257\" \/><\/figure><\/div>\n\n\n\n<figure class=\"wp-block-image size-large\"><img loading=\"lazy\" decoding=\"async\" width=\"4000\" height=\"2667\" src=\"https:\/\/ntnui.no\/fotball\/wp-content\/uploads\/sites\/276\/2023\/08\/Dan-1-Jakov-13.jpg\" alt=\"\" class=\"wp-image-260\" \/><\/figure>\n\n\n\n<p><\/p>\n","protected":false},"excerpt":{"rendered":"<p>Futsal er blant de raskest voksende idrettene b\u00e5de i Norge og i verden. Futsal spilles innend\u00f8rs (5 mot 5, inkludert keeper) med samme banest\u00f8rrelse og m\u00e5l som i h\u00e5ndball. NTNUI Futsal Herrer spiller i vanlig seriespill. Laget trener 3 ganger i uken i tillegg til kamp, og har som m\u00e5l \u00e5 v\u00e6re et av landets [&hellip;]<\/p>\n","protected":false},"author":239,"featured_media":0,"parent":0,"menu_order":0,"comment_status":"closed","ping_status":"closed","template":"","meta":{"_coblocks_attr":"","_coblocks_dimensions":"","_coblocks_responsive_height":"","_coblocks_accordion_ie_support":"","_price":"","_stock":"","_tribe_ticket_header":"","_tribe_default_ticket_provider":"","_tribe_ticket_capacity":"0","_ticket_start_date":"","_ticket_end_date":"","_tribe_ticket_show_description":"","_tribe_ticket_show_not_going":false,"_tribe_ticket_use_global_stock":"","_tribe_ticket_global_stock_level":"","_global_stock_mode":"","_global_stock_cap":"","_tribe_rsvp_for_event":"","_tribe_ticket_going_count":"","_tribe_ticket_not_going_count":"","_tribe_tickets_list":[],"_tribe_ticket_has_attendee_info_fields":false,"footnotes":""},"class_list":["post-66","page","type-page","status-publish","hentry"],"featured_image_src":null,"featured_image_src_square":null,"_links":{"self":[{"href":"https:\/\/ntnui.no\/fotball\/wp-json\/wp\/v2\/pages\/66","targetHints":{"allow":["GET"]}}],"collection":[{"href":"https:\/\/ntnui.no\/fotball\/wp-json\/wp\/v2\/pages"}],"about":[{"href":"https:\/\/ntnui.no\/fotball\/wp-json\/wp\/v2\/types\/page"}],"author":[{"embeddable":true,"href":"https:\/\/ntnui.no\/fotball\/wp-json\/wp\/v2\/users\/239"}],"replies":[{"embeddable":true,"href":"https:\/\/ntnui.no\/fotball\/wp-json\/wp\/v2\/comments?post=66"}],"version-history":[{"count":10,"href":"https:\/\/ntnui.no\/fotball\/wp-json\/wp\/v2\/pages\/66\/revisions"}],"predecessor-version":[{"id":349,"href":"https:\/\/ntnui.no\/fotball\/wp-json\/wp\/v2\/pages\/66\/revisions\/349"}],"wp:attachment":[{"href":"https:\/\/ntnui.no\/fotball\/wp-json\/wp\/v2\/media?parent=66"}],"curies":[{"name":"wp","href":"https:\/\/api.w.org\/{rel}","templated":true}]}}