{"id":64,"date":"2020-10-07T12:26:35","date_gmt":"2020-10-07T12:26:35","guid":{"rendered":"https:\/\/ntnui.no\/fotball-ny\/?page_id=64"},"modified":"2020-10-07T13:51:09","modified_gmt":"2020-10-07T13:51:09","slug":"semi","status":"publish","type":"page","link":"https:\/\/ntnui.no\/fotball\/semi\/","title":{"rendered":"Semi"},"content":{"rendered":"\n<p>SEMI er et relativt lite lag som ikke tar seg selv s\u00e5 altfor h\u00f8ytidelig. Laget best\u00e5r av en gjeng semi-gode, semi-seri\u00f8se fotballspillere som liker \u00e5 spille ball. SEMI spiller i Bedriftsserien, noe som inneb\u00e6rer et bredt spekter av motstandere. P\u00e5 sommerhalv\u00e5ret sverger vi til 7er fotball, mens vi p\u00e5 vinterstid pr\u00f8ver s\u00e5 godt vi kan \u00e5 hevde oss i Bedriftseriens futsal-liga med varierende hell.<\/p>\n","protected":false},"excerpt":{"rendered":"<p>SEMI er et relativt lite lag som ikke tar seg selv s\u00e5 altfor h\u00f8ytidelig. Laget best\u00e5r av en gjeng semi-gode, semi-seri\u00f8se fotballspillere som liker \u00e5 spille ball. SEMI spiller i Bedriftsserien, noe som inneb\u00e6rer et bredt spekter av motstandere. P\u00e5 sommerhalv\u00e5ret sverger vi til 7er fotball, mens vi p\u00e5 vinterstid pr\u00f8ver s\u00e5 godt vi kan [&hellip;]<\/p>\n","protected":false},"author":239,"featured_media":0,"parent":0,"menu_order":0,"comment_status":"closed","ping_status":"closed","template":"","meta":{"_coblocks_attr":"","_coblocks_dimensions":"","_coblocks_responsive_height":"","_coblocks_accordion_ie_support":"","_price":"","_stock":"","_tribe_ticket_header":"","_tribe_default_ticket_provider":"","_tribe_ticket_capacity":"0","_ticket_start_date":"","_ticket_end_date":"","_tribe_ticket_show_description":"","_tribe_ticket_show_not_going":false,"_tribe_ticket_use_global_stock":"","_tribe_ticket_global_stock_level":"","_global_stock_mode":"","_global_stock_cap":"","_tribe_rsvp_for_event":"","_tribe_ticket_going_count":"","_tribe_ticket_not_going_count":"","_tribe_tickets_list":[],"_tribe_ticket_has_attendee_info_fields":false,"footnotes":""},"class_list":["post-64","page","type-page","status-publish","hentry"],"featured_image_src":null,"featured_image_src_square":null,"_links":{"self":[{"href":"https:\/\/ntnui.no\/fotball\/wp-json\/wp\/v2\/pages\/64","targetHints":{"allow":["GET"]}}],"collection":[{"href":"https:\/\/ntnui.no\/fotball\/wp-json\/wp\/v2\/pages"}],"about":[{"href":"https:\/\/ntnui.no\/fotball\/wp-json\/wp\/v2\/types\/page"}],"author":[{"embeddable":true,"href":"https:\/\/ntnui.no\/fotball\/wp-json\/wp\/v2\/users\/239"}],"replies":[{"embeddable":true,"href":"https:\/\/ntnui.no\/fotball\/wp-json\/wp\/v2\/comments?post=64"}],"version-history":[{"count":2,"href":"https:\/\/ntnui.no\/fotball\/wp-json\/wp\/v2\/pages\/64\/revisions"}],"predecessor-version":[{"id":195,"href":"https:\/\/ntnui.no\/fotball\/wp-json\/wp\/v2\/pages\/64\/revisions\/195"}],"wp:attachment":[{"href":"https:\/\/ntnui.no\/fotball\/wp-json\/wp\/v2\/media?parent=64"}],"curies":[{"name":"wp","href":"https:\/\/api.w.org\/{rel}","templated":true}]}}