{"id":60,"date":"2020-10-07T12:25:59","date_gmt":"2020-10-07T12:25:59","guid":{"rendered":"https:\/\/ntnui.no\/fotball-ny\/?page_id=60"},"modified":"2020-10-07T13:46:37","modified_gmt":"2020-10-07T13:46:37","slug":"samba","status":"publish","type":"page","link":"https:\/\/ntnui.no\/fotball\/samba\/","title":{"rendered":"Samba"},"content":{"rendered":"\n<p>Vi kaller oss Sambalaget etter v\u00e5re velkjente tradisjoner med frekke sm\u00e5 detaljer og  kjapt kombinasjonsspill. M\u00e5let for 18\/19 sesonger er \u00e5 gjenta 17\/18 sesongens bragd som seriemestre i studentligaen. P\u00e5 treninger er det en uformell tone og lav terskel for latter. P\u00e5 kamp er vi derimot seri\u00f8se, og er langt fra noen kasteball i ligaen. Vi trener to ganger i uka i D\u00f8dens dal. Sosiale happenings og fester skjer en gang i blant.<\/p>\n\n\n\n<div class=\"wp-block-image\"><figure class=\"aligncenter size-large\"><img loading=\"lazy\" decoding=\"async\" width=\"719\" height=\"510\" src=\"https:\/\/ntnui.no\/fotball\/wp-content\/uploads\/sites\/276\/2020\/10\/samba.png\" alt=\"\" class=\"wp-image-98\" srcset=\"https:\/\/ntnui.no\/fotball\/wp-content\/uploads\/sites\/276\/2020\/10\/samba.png 719w, https:\/\/ntnui.no\/fotball\/wp-content\/uploads\/sites\/276\/2020\/10\/samba-300x213.png 300w, https:\/\/ntnui.no\/fotball\/wp-content\/uploads\/sites\/276\/2020\/10\/samba-600x426.png 600w\" sizes=\"auto, (max-width: 719px) 100vw, 719px\" \/><\/figure><\/div>\n","protected":false},"excerpt":{"rendered":"<p>Vi kaller oss Sambalaget etter v\u00e5re velkjente tradisjoner med frekke sm\u00e5 detaljer og kjapt kombinasjonsspill. M\u00e5let for 18\/19 sesonger er \u00e5 gjenta 17\/18 sesongens bragd som seriemestre i studentligaen. P\u00e5 treninger er det en uformell tone og lav terskel for latter. P\u00e5 kamp er vi derimot seri\u00f8se, og er langt fra noen kasteball i ligaen. [&hellip;]<\/p>\n","protected":false},"author":239,"featured_media":0,"parent":0,"menu_order":0,"comment_status":"closed","ping_status":"closed","template":"","meta":{"_coblocks_attr":"","_coblocks_dimensions":"","_coblocks_responsive_height":"","_coblocks_accordion_ie_support":"","_price":"","_stock":"","_tribe_ticket_header":"","_tribe_default_ticket_provider":"","_tribe_ticket_capacity":"0","_ticket_start_date":"","_ticket_end_date":"","_tribe_ticket_show_description":"","_tribe_ticket_show_not_going":false,"_tribe_ticket_use_global_stock":"","_tribe_ticket_global_stock_level":"","_global_stock_mode":"","_global_stock_cap":"","_tribe_rsvp_for_event":"","_tribe_ticket_going_count":"","_tribe_ticket_not_going_count":"","_tribe_tickets_list":[],"_tribe_ticket_has_attendee_info_fields":false,"footnotes":""},"class_list":["post-60","page","type-page","status-publish","hentry"],"featured_image_src":null,"featured_image_src_square":null,"_links":{"self":[{"href":"https:\/\/ntnui.no\/fotball\/wp-json\/wp\/v2\/pages\/60","targetHints":{"allow":["GET"]}}],"collection":[{"href":"https:\/\/ntnui.no\/fotball\/wp-json\/wp\/v2\/pages"}],"about":[{"href":"https:\/\/ntnui.no\/fotball\/wp-json\/wp\/v2\/types\/page"}],"author":[{"embeddable":true,"href":"https:\/\/ntnui.no\/fotball\/wp-json\/wp\/v2\/users\/239"}],"replies":[{"embeddable":true,"href":"https:\/\/ntnui.no\/fotball\/wp-json\/wp\/v2\/comments?post=60"}],"version-history":[{"count":2,"href":"https:\/\/ntnui.no\/fotball\/wp-json\/wp\/v2\/pages\/60\/revisions"}],"predecessor-version":[{"id":194,"href":"https:\/\/ntnui.no\/fotball\/wp-json\/wp\/v2\/pages\/60\/revisions\/194"}],"wp:attachment":[{"href":"https:\/\/ntnui.no\/fotball\/wp-json\/wp\/v2\/media?parent=60"}],"curies":[{"name":"wp","href":"https:\/\/api.w.org\/{rel}","templated":true}]}}