{"id":58,"date":"2020-10-07T12:25:36","date_gmt":"2020-10-07T12:25:36","guid":{"rendered":"https:\/\/ntnui.no\/fotball-ny\/?page_id=58"},"modified":"2020-10-07T13:17:06","modified_gmt":"2020-10-07T13:17:06","slug":"champs","status":"publish","type":"page","link":"https:\/\/ntnui.no\/fotball\/champs\/","title":{"rendered":"Champs"},"content":{"rendered":"\n<p>Champs er et lag i studentligaen. Vi stiller krav til spillerne om at de skal gj\u00f8re sitt for \u00e5 oppn\u00e5 fullverdig Champs-status gjennom \u00e5 yte innsats i form av blod, svette og t\u00e5rer b\u00e5de p\u00e5 og utenfor banen. Laget trener to ganger i uken i D\u00f8dens dal og tidvis innend\u00f8rs p\u00e5 idrettsbygget. Lagmilj\u00f8et er det viktigste p\u00e5 Champs, og tilh\u00f8righetsf\u00f8lelse for nye spillere skapes p\u00e5 opptaksfester der de nye blir d\u00f8pt hvert semester.<\/p>\n\n\n\n<div class=\"wp-block-image\"><figure class=\"aligncenter size-large\"><img loading=\"lazy\" decoding=\"async\" width=\"1024\" height=\"1024\" src=\"https:\/\/ntnui.no\/fotball\/wp-content\/uploads\/sites\/276\/2020\/10\/fotball-bilde10.jpg\" alt=\"\" class=\"wp-image-102\" srcset=\"https:\/\/ntnui.no\/fotball\/wp-content\/uploads\/sites\/276\/2020\/10\/fotball-bilde10.jpg 1024w, https:\/\/ntnui.no\/fotball\/wp-content\/uploads\/sites\/276\/2020\/10\/fotball-bilde10-300x300.jpg 300w, https:\/\/ntnui.no\/fotball\/wp-content\/uploads\/sites\/276\/2020\/10\/fotball-bilde10-150x150.jpg 150w, https:\/\/ntnui.no\/fotball\/wp-content\/uploads\/sites\/276\/2020\/10\/fotball-bilde10-768x768.jpg 768w, https:\/\/ntnui.no\/fotball\/wp-content\/uploads\/sites\/276\/2020\/10\/fotball-bilde10-600x600.jpg 600w, https:\/\/ntnui.no\/fotball\/wp-content\/uploads\/sites\/276\/2020\/10\/fotball-bilde10-100x100.jpg 100w\" sizes=\"auto, (max-width: 1024px) 100vw, 1024px\" \/><\/figure><\/div>\n","protected":false},"excerpt":{"rendered":"<p>Champs er et lag i studentligaen. Vi stiller krav til spillerne om at de skal gj\u00f8re sitt for \u00e5 oppn\u00e5 fullverdig Champs-status gjennom \u00e5 yte innsats i form av blod, svette og t\u00e5rer b\u00e5de p\u00e5 og utenfor banen. Laget trener to ganger i uken i D\u00f8dens dal og tidvis innend\u00f8rs p\u00e5 idrettsbygget. Lagmilj\u00f8et er det [&hellip;]<\/p>\n","protected":false},"author":239,"featured_media":0,"parent":0,"menu_order":0,"comment_status":"closed","ping_status":"closed","template":"","meta":{"_coblocks_attr":"","_coblocks_dimensions":"","_coblocks_responsive_height":"","_coblocks_accordion_ie_support":"","_price":"","_stock":"","_tribe_ticket_header":"","_tribe_default_ticket_provider":"","_tribe_ticket_capacity":"0","_ticket_start_date":"","_ticket_end_date":"","_tribe_ticket_show_description":"","_tribe_ticket_show_not_going":false,"_tribe_ticket_use_global_stock":"","_tribe_ticket_global_stock_level":"","_global_stock_mode":"","_global_stock_cap":"","_tribe_rsvp_for_event":"","_tribe_ticket_going_count":"","_tribe_ticket_not_going_count":"","_tribe_tickets_list":[],"_tribe_ticket_has_attendee_info_fields":false,"footnotes":""},"class_list":["post-58","page","type-page","status-publish","hentry"],"featured_image_src":null,"featured_image_src_square":null,"_links":{"self":[{"href":"https:\/\/ntnui.no\/fotball\/wp-json\/wp\/v2\/pages\/58","targetHints":{"allow":["GET"]}}],"collection":[{"href":"https:\/\/ntnui.no\/fotball\/wp-json\/wp\/v2\/pages"}],"about":[{"href":"https:\/\/ntnui.no\/fotball\/wp-json\/wp\/v2\/types\/page"}],"author":[{"embeddable":true,"href":"https:\/\/ntnui.no\/fotball\/wp-json\/wp\/v2\/users\/239"}],"replies":[{"embeddable":true,"href":"https:\/\/ntnui.no\/fotball\/wp-json\/wp\/v2\/comments?post=58"}],"version-history":[{"count":2,"href":"https:\/\/ntnui.no\/fotball\/wp-json\/wp\/v2\/pages\/58\/revisions"}],"predecessor-version":[{"id":185,"href":"https:\/\/ntnui.no\/fotball\/wp-json\/wp\/v2\/pages\/58\/revisions\/185"}],"wp:attachment":[{"href":"https:\/\/ntnui.no\/fotball\/wp-json\/wp\/v2\/media?parent=58"}],"curies":[{"name":"wp","href":"https:\/\/api.w.org\/{rel}","templated":true}]}}