{"id":56,"date":"2020-10-07T12:25:21","date_gmt":"2020-10-07T12:25:21","guid":{"rendered":"https:\/\/ntnui.no\/fotball-ny\/?page_id=56"},"modified":"2023-08-16T16:46:52","modified_gmt":"2023-08-16T16:46:52","slug":"b-laget","status":"publish","type":"page","link":"https:\/\/ntnui.no\/fotball\/b-laget\/","title":{"rendered":"B-laget"},"content":{"rendered":"\n<p>B-laget har i flere \u00e5r p\u00e5 rad kjempet helt i toppen av 5. divisjon, og til og med vunnet avdelingen v\u00e5r flere ganger. Dessverre har det kun \u00a0blitt en enkelt sesong i 4. divisjon, siden NFFs regler sier at vi ikke kan spille p\u00e5 samme niv\u00e5 som A-laget. Av andre meritter har B-laget ogs\u00e5 blitt kretsmestere, i tillegg til \u00e5 ha representert Norge i Student-EM i 2018 etter \u00e5 ha vunnet NM i Sogndal \u00e5ret f\u00f8r.<\/p>\n\n\n\n<p>I 2023-sesongen spiller B-laget i 5. divisjon, hvor m\u00e5let, som vanlig, er opprykk. Utenfor banen er vi stolte av \u00e5 ha et godt sosialt milj\u00f8, med flere tradisjonsrike arrangementer som avholdes \u00e5rlig. Her kan vi nevne FIFA-turnering, spillerpresentasjoner, og Gudenes natteliv, som er et \u00e5rlig arrangement p\u00e5 Studentersamfundet kun for NTNUI-medlemmer.<\/p>\n\n\n\n<p>B-laget er alts\u00e5 perfekt for de som vil b\u00e5de spille fotball p\u00e5 et h\u00f8yt niv\u00e5, men ogs\u00e5 v\u00e6re med i et spennende sosialt milj\u00f8. Informasjon om opptak ligger p\u00e5 Instagram-brukeren v\u00e5r!<\/p>\n\n\n\n<p><strong>Kontaktinformasjon<\/strong><br>Facebook: <a href=\"https:\/\/www.facebook.com\/NtnuiBLaget\" data-type=\"URL\" data-id=\"https:\/\/www.facebook.com\/NtnuiBLaget\">NTNUI Herrer B-laget p\u00e5 Facebook<\/a><br>Instagram: <a href=\"https:\/\/www.instagram.com\/ntnuiblaget\/\" data-type=\"URL\" data-id=\"https:\/\/www.instagram.com\/ntnuiblaget\/\">NTNUI Herrer B-Laget p\u00e5 Instagram<\/a><\/p>\n\n\n\n<figure class=\"wp-block-image size-large\"><img loading=\"lazy\" decoding=\"async\" width=\"3024\" height=\"2268\" src=\"https:\/\/ntnui.no\/fotball\/wp-content\/uploads\/sites\/276\/2023\/08\/B-laget.jpg\" alt=\"\" class=\"wp-image-278\" \/><\/figure>\n","protected":false},"excerpt":{"rendered":"<p>B-laget har i flere \u00e5r p\u00e5 rad kjempet helt i toppen av 5. divisjon, og til og med vunnet avdelingen v\u00e5r flere ganger. Dessverre har det kun \u00a0blitt en enkelt sesong i 4. divisjon, siden NFFs regler sier at vi ikke kan spille p\u00e5 samme niv\u00e5 som A-laget. Av andre meritter har B-laget ogs\u00e5 blitt [&hellip;]<\/p>\n","protected":false},"author":239,"featured_media":0,"parent":0,"menu_order":0,"comment_status":"closed","ping_status":"closed","template":"","meta":{"_coblocks_attr":"","_coblocks_dimensions":"","_coblocks_responsive_height":"","_coblocks_accordion_ie_support":"","_price":"","_stock":"","_tribe_ticket_header":"","_tribe_default_ticket_provider":"","_tribe_ticket_capacity":"0","_ticket_start_date":"","_ticket_end_date":"","_tribe_ticket_show_description":"","_tribe_ticket_show_not_going":false,"_tribe_ticket_use_global_stock":"","_tribe_ticket_global_stock_level":"","_global_stock_mode":"","_global_stock_cap":"","_tribe_rsvp_for_event":"","_tribe_ticket_going_count":"","_tribe_ticket_not_going_count":"","_tribe_tickets_list":[],"_tribe_ticket_has_attendee_info_fields":false,"footnotes":""},"class_list":["post-56","page","type-page","status-publish","hentry"],"featured_image_src":null,"featured_image_src_square":null,"_links":{"self":[{"href":"https:\/\/ntnui.no\/fotball\/wp-json\/wp\/v2\/pages\/56","targetHints":{"allow":["GET"]}}],"collection":[{"href":"https:\/\/ntnui.no\/fotball\/wp-json\/wp\/v2\/pages"}],"about":[{"href":"https:\/\/ntnui.no\/fotball\/wp-json\/wp\/v2\/types\/page"}],"author":[{"embeddable":true,"href":"https:\/\/ntnui.no\/fotball\/wp-json\/wp\/v2\/users\/239"}],"replies":[{"embeddable":true,"href":"https:\/\/ntnui.no\/fotball\/wp-json\/wp\/v2\/comments?post=56"}],"version-history":[{"count":4,"href":"https:\/\/ntnui.no\/fotball\/wp-json\/wp\/v2\/pages\/56\/revisions"}],"predecessor-version":[{"id":288,"href":"https:\/\/ntnui.no\/fotball\/wp-json\/wp\/v2\/pages\/56\/revisions\/288"}],"wp:attachment":[{"href":"https:\/\/ntnui.no\/fotball\/wp-json\/wp\/v2\/media?parent=56"}],"curies":[{"name":"wp","href":"https:\/\/api.w.org\/{rel}","templated":true}]}}