{"id":53,"date":"2020-10-07T12:24:52","date_gmt":"2020-10-07T12:24:52","guid":{"rendered":"https:\/\/ntnui.no\/fotball-ny\/?page_id=53"},"modified":"2020-10-07T13:03:15","modified_gmt":"2020-10-07T13:03:15","slug":"a-laget","status":"publish","type":"page","link":"https:\/\/ntnui.no\/fotball\/a-laget\/","title":{"rendered":"A-laget"},"content":{"rendered":"\n<p>Vi har i mange \u00e5r v\u00e6rt det beste studentlaget i fotball i Norge og er, sammen med NHH FK i Bergen det studentlaget som ligger h\u00f8yest i divisjonssystemet. Vi rykket i 2019 opp til 3.divisjon, og har selvsagt ambisjoner om \u00e5 gj\u00f8re det godt her. Vi er et lag med sterkt samhold, hvor det sosiale vel som det sportslige settes h\u00f8yt. Opptakstreninger er i starten av h\u00f8stsemesteret, og vi er interessert i gode og seri\u00f8se spillere.<\/p>\n\n\n\n<div class=\"wp-block-image\"><figure class=\"aligncenter size-large is-resized\"><img loading=\"lazy\" decoding=\"async\" src=\"https:\/\/ntnui.no\/fotball\/wp-content\/uploads\/sites\/276\/2020\/10\/fotball-a-laget.jpeg\" alt=\"\" class=\"wp-image-113\" width=\"610\" height=\"406\" srcset=\"https:\/\/ntnui.no\/fotball\/wp-content\/uploads\/sites\/276\/2020\/10\/fotball-a-laget.jpeg 502w, https:\/\/ntnui.no\/fotball\/wp-content\/uploads\/sites\/276\/2020\/10\/fotball-a-laget-300x200.jpeg 300w\" sizes=\"auto, (max-width: 610px) 100vw, 610px\" \/><\/figure><\/div>\n","protected":false},"excerpt":{"rendered":"<p>Vi har i mange \u00e5r v\u00e6rt det beste studentlaget i fotball i Norge og er, sammen med NHH FK i Bergen det studentlaget som ligger h\u00f8yest i divisjonssystemet. Vi rykket i 2019 opp til 3.divisjon, og har selvsagt ambisjoner om \u00e5 gj\u00f8re det godt her. Vi er et lag med sterkt samhold, hvor det sosiale [&hellip;]<\/p>\n","protected":false},"author":239,"featured_media":0,"parent":0,"menu_order":0,"comment_status":"closed","ping_status":"closed","template":"","meta":{"_coblocks_attr":"","_coblocks_dimensions":"","_coblocks_responsive_height":"","_coblocks_accordion_ie_support":"","_price":"","_stock":"","_tribe_ticket_header":"","_tribe_default_ticket_provider":"","_tribe_ticket_capacity":"0","_ticket_start_date":"","_ticket_end_date":"","_tribe_ticket_show_description":"","_tribe_ticket_show_not_going":false,"_tribe_ticket_use_global_stock":"","_tribe_ticket_global_stock_level":"","_global_stock_mode":"","_global_stock_cap":"","_tribe_rsvp_for_event":"","_tribe_ticket_going_count":"","_tribe_ticket_not_going_count":"","_tribe_tickets_list":[],"_tribe_ticket_has_attendee_info_fields":false,"footnotes":""},"class_list":["post-53","page","type-page","status-publish","hentry"],"featured_image_src":null,"featured_image_src_square":null,"_links":{"self":[{"href":"https:\/\/ntnui.no\/fotball\/wp-json\/wp\/v2\/pages\/53","targetHints":{"allow":["GET"]}}],"collection":[{"href":"https:\/\/ntnui.no\/fotball\/wp-json\/wp\/v2\/pages"}],"about":[{"href":"https:\/\/ntnui.no\/fotball\/wp-json\/wp\/v2\/types\/page"}],"author":[{"embeddable":true,"href":"https:\/\/ntnui.no\/fotball\/wp-json\/wp\/v2\/users\/239"}],"replies":[{"embeddable":true,"href":"https:\/\/ntnui.no\/fotball\/wp-json\/wp\/v2\/comments?post=53"}],"version-history":[{"count":3,"href":"https:\/\/ntnui.no\/fotball\/wp-json\/wp\/v2\/pages\/53\/revisions"}],"predecessor-version":[{"id":182,"href":"https:\/\/ntnui.no\/fotball\/wp-json\/wp\/v2\/pages\/53\/revisions\/182"}],"wp:attachment":[{"href":"https:\/\/ntnui.no\/fotball\/wp-json\/wp\/v2\/media?parent=53"}],"curies":[{"name":"wp","href":"https:\/\/api.w.org\/{rel}","templated":true}]}}