{"id":347,"date":"2024-04-30T16:21:00","date_gmt":"2024-04-30T16:21:00","guid":{"rendered":"https:\/\/ntnui.no\/fotball\/?page_id=347"},"modified":"2024-04-30T16:21:01","modified_gmt":"2024-04-30T16:21:01","slug":"sponsor","status":"publish","type":"page","link":"https:\/\/ntnui.no\/fotball\/sponsor\/","title":{"rendered":"Sponsor"},"content":{"rendered":"\n<p>Vi er p\u00e5 utkikk etter sponsorer for 2024\/25 sesongen! Kunne du eller din bedrift tenke deg \u00e5 sponse et av landets beste futsallag p\u00e5 b\u00e5de herre- og kvinnesiden? Gjennom \u00e5 sponse v\u00e5re lag vil du n\u00e5 ut til 20 000 studenter fra hele landet. Vi leverer b\u00e5de p\u00e5 banen, og utenfor banen med Norges beste futsalstreams. Vi spiller til vanlig i Eliteserien, og er ogs\u00e5 Norges representant i EUSA Games 2024 i Ungarn! <\/p>\n\n\n\n<p><strong>Hvem er vi? Bare se her: <\/strong><\/p>\n\n\n\n<figure class=\"wp-block-embed-youtube wp-block-embed is-type-video is-provider-youtube wp-embed-aspect-16-9 wp-has-aspect-ratio\"><div class=\"wp-block-embed__wrapper\">\n<iframe loading=\"lazy\" title=\"NTNUI Futsal s\u00f8ker sponsorer og st\u00f8ttespillere!\" width=\"700\" height=\"394\" src=\"https:\/\/www.youtube.com\/embed\/sf2XBx-cQVA?feature=oembed\" frameborder=\"0\" allow=\"accelerometer; autoplay; clipboard-write; encrypted-media; gyroscope; picture-in-picture; web-share\" referrerpolicy=\"strict-origin-when-cross-origin\" allowfullscreen><\/iframe>\n<\/div><\/figure>\n\n\n\n<p><strong>Vi \u00f8nsker \u00e5 takke v\u00e5re sponsorer for Eliteserien 2023\/24:<\/strong><\/p>\n\n\n\n<ul class=\"wp-block-list\"><li>Bunnpris Rosenborg &#8211; Bunnpris Rosenborg stilte velvillig opp med frukt og bevertning til dommere, motstanderlag og kiosk. Vi setter stor pris p\u00e5 st\u00f8tten gjennom sesongen!<\/li><li>Messeselskapet AS &#8211; Etter mang en messedugnad i Trondheim Spektrum fikk vi gledelig ekstrast\u00f8tte fra Messeselskapet AS i forbindelse med v\u00e5r deltakelse i Student EM 2023. Vi setter stor pris p\u00e5 st\u00f8tten, og gleder oss til neste messedugnad!<\/li><\/ul>\n\n\n\n<p><strong>\u00d8nsker du \u00e5 sponse et av Norges beste futsallag?<\/strong><br>Ta kontakt med \u00d8yvind L\u00f8kke Vie (oyvind.vie@ntnui.no).<\/p>\n\n\n\n<p>\u00d8nsker du \u00e5 vite mer om laget kan dere lese v\u00e5r sponsorpresentasjon og ta en titt p\u00e5 videoene under:<\/p>\n\n\n\n<div class=\"wp-block-file\"><a href=\"https:\/\/ntnui.no\/fotball\/wp-content\/uploads\/sites\/276\/2024\/04\/Sponsorpresentasjon.pdf-1-komprimert-1.pdf\">Sponsorpresentasjon.pdf<\/a><a href=\"https:\/\/ntnui.no\/fotball\/wp-content\/uploads\/sites\/276\/2024\/04\/Sponsorpresentasjon.pdf-1-komprimert-1.pdf\" class=\"wp-block-file__button\" download>Last ned<\/a><\/div>\n\n\n\n<p>Se NM-Finalen i opptak her:<\/p>\n\n\n\n<figure class=\"wp-block-embed-youtube wp-block-embed is-type-video is-provider-youtube wp-embed-aspect-16-9 wp-has-aspect-ratio\"><div class=\"wp-block-embed__wrapper\">\n<iframe loading=\"lazy\" title=\"Norgesmesterskapet i Futsal - FINALE: NTNUI Futsal Herrer - Sandefjord\" width=\"700\" height=\"394\" src=\"https:\/\/www.youtube.com\/embed\/Uwk-hGdR1yc?feature=oembed\" frameborder=\"0\" allow=\"accelerometer; autoplay; clipboard-write; encrypted-media; gyroscope; picture-in-picture; web-share\" referrerpolicy=\"strict-origin-when-cross-origin\" allowfullscreen><\/iframe>\n<\/div><\/figure>\n","protected":false},"excerpt":{"rendered":"<p>Vi er p\u00e5 utkikk etter sponsorer for 2024\/25 sesongen! Kunne du eller din bedrift tenke deg \u00e5 sponse et av landets beste futsallag p\u00e5 b\u00e5de herre- og kvinnesiden? Gjennom \u00e5 sponse v\u00e5re lag vil du n\u00e5 ut til 20 000 studenter fra hele landet. Vi leverer b\u00e5de p\u00e5 banen, og utenfor banen med Norges beste [&hellip;]<\/p>\n","protected":false},"author":504,"featured_media":0,"parent":0,"menu_order":0,"comment_status":"closed","ping_status":"closed","template":"","meta":{"_coblocks_attr":"","_coblocks_dimensions":"","_coblocks_responsive_height":"","_coblocks_accordion_ie_support":"","_price":"","_stock":"","_tribe_ticket_header":"","_tribe_default_ticket_provider":"","_tribe_ticket_capacity":"0","_ticket_start_date":"","_ticket_end_date":"","_tribe_ticket_show_description":"","_tribe_ticket_show_not_going":false,"_tribe_ticket_use_global_stock":"","_tribe_ticket_global_stock_level":"","_global_stock_mode":"","_global_stock_cap":"","_tribe_rsvp_for_event":"","_tribe_ticket_going_count":"","_tribe_ticket_not_going_count":"","_tribe_tickets_list":[],"_tribe_ticket_has_attendee_info_fields":false,"footnotes":""},"class_list":["post-347","page","type-page","status-publish","hentry"],"featured_image_src":null,"featured_image_src_square":null,"_links":{"self":[{"href":"https:\/\/ntnui.no\/fotball\/wp-json\/wp\/v2\/pages\/347","targetHints":{"allow":["GET"]}}],"collection":[{"href":"https:\/\/ntnui.no\/fotball\/wp-json\/wp\/v2\/pages"}],"about":[{"href":"https:\/\/ntnui.no\/fotball\/wp-json\/wp\/v2\/types\/page"}],"author":[{"embeddable":true,"href":"https:\/\/ntnui.no\/fotball\/wp-json\/wp\/v2\/users\/504"}],"replies":[{"embeddable":true,"href":"https:\/\/ntnui.no\/fotball\/wp-json\/wp\/v2\/comments?post=347"}],"version-history":[{"count":1,"href":"https:\/\/ntnui.no\/fotball\/wp-json\/wp\/v2\/pages\/347\/revisions"}],"predecessor-version":[{"id":351,"href":"https:\/\/ntnui.no\/fotball\/wp-json\/wp\/v2\/pages\/347\/revisions\/351"}],"wp:attachment":[{"href":"https:\/\/ntnui.no\/fotball\/wp-json\/wp\/v2\/media?parent=347"}],"curies":[{"name":"wp","href":"https:\/\/api.w.org\/{rel}","templated":true}]}}