{"id":1814,"date":"2023-08-12T11:52:08","date_gmt":"2023-08-12T11:52:08","guid":{"rendered":"https:\/\/ntnui.no\/fekting\/?page_id=1814"},"modified":"2023-08-12T11:58:20","modified_gmt":"2023-08-12T11:58:20","slug":"aeresmedlem","status":"publish","type":"page","link":"https:\/\/ntnui.no\/fekting\/aeresmedlem\/","title":{"rendered":"\u00c6resmedlem"},"content":{"rendered":"\n<p>I 2022 introduserte NTNUI Fekting \u00e6resmedlem. Dette er en m\u00e5te for klubben til \u00e5 kaste litt ekstra lys p\u00e5 enkelte medlemmer som har bidratt og st\u00e5tt p\u00e5 ekstra hardt for klubben og fremmet NTNUI Fektings budskap p\u00e5 en positiv m\u00e5te.<\/p>\n\n\n\n<p>Regler for nominasjoner av \u00e6resmedlemmer finner du <strong><a href=\"https:\/\/docs.google.com\/document\/d\/1RWwRVshL-GB8xmVEV48grwMYIWMX-kgR2Mic4KL7g8M\/edit?usp=sharing\" target=\"_blank\" rel=\"noreferrer noopener\"><span style=\"text-decoration: underline\">her<\/span><\/a><\/strong>.<\/p>\n","protected":false},"excerpt":{"rendered":"<p>I 2022 introduserte NTNUI Fekting \u00e6resmedlem. Dette er en m\u00e5te for klubben til \u00e5 kaste litt ekstra lys p\u00e5 enkelte medlemmer som har bidratt og st\u00e5tt p\u00e5 ekstra hardt for klubben og fremmet NTNUI Fektings budskap p\u00e5 en positiv m\u00e5te. Regler for nominasjoner av \u00e6resmedlemmer finner du her.<\/p>\n","protected":false},"author":193,"featured_media":0,"parent":0,"menu_order":0,"comment_status":"closed","ping_status":"closed","template":"","meta":{"_coblocks_attr":"","_coblocks_dimensions":"","_coblocks_responsive_height":"","_coblocks_accordion_ie_support":"","_price":"","_stock":"","_tribe_ticket_header":"","_tribe_default_ticket_provider":"","_tribe_ticket_capacity":"0","_ticket_start_date":"","_ticket_end_date":"","_tribe_ticket_show_description":"","_tribe_ticket_show_not_going":false,"_tribe_ticket_use_global_stock":"","_tribe_ticket_global_stock_level":"","_global_stock_mode":"","_global_stock_cap":"","_tribe_rsvp_for_event":"","_tribe_ticket_going_count":"","_tribe_ticket_not_going_count":"","_tribe_tickets_list":[],"_tribe_ticket_has_attendee_info_fields":false,"_EventAllDay":false,"_EventTimezone":"","_EventStartDate":"","_EventEndDate":"","_EventStartDateUTC":"","_EventEndDateUTC":"","_EventShowMap":false,"_EventShowMapLink":false,"_EventURL":"","_EventCost":"","_EventCostDescription":"","_EventCurrencySymbol":"","_EventCurrencyPosition":"","_EventDateTimeSeparator":"","_EventTimeRangeSeparator":"","_EventOrganizerID":[],"_EventVenueID":0,"_OrganizerEmail":"","_OrganizerPhone":"","_OrganizerWebsite":"","_VenueAddress":"","_VenueCity":"","_VenueCountry":"","_VenueProvince":"","_VenueZip":"","_VenuePhone":"","_VenueURL":"","_VenueStateProvince":"","_VenueLat":"","_VenueLng":"","footnotes":""},"class_list":["post-1814","page","type-page","status-publish","hentry"],"featured_image_src":null,"featured_image_src_square":null,"_links":{"self":[{"href":"https:\/\/ntnui.no\/fekting\/wp-json\/wp\/v2\/pages\/1814","targetHints":{"allow":["GET"]}}],"collection":[{"href":"https:\/\/ntnui.no\/fekting\/wp-json\/wp\/v2\/pages"}],"about":[{"href":"https:\/\/ntnui.no\/fekting\/wp-json\/wp\/v2\/types\/page"}],"author":[{"embeddable":true,"href":"https:\/\/ntnui.no\/fekting\/wp-json\/wp\/v2\/users\/193"}],"replies":[{"embeddable":true,"href":"https:\/\/ntnui.no\/fekting\/wp-json\/wp\/v2\/comments?post=1814"}],"version-history":[{"count":4,"href":"https:\/\/ntnui.no\/fekting\/wp-json\/wp\/v2\/pages\/1814\/revisions"}],"predecessor-version":[{"id":1820,"href":"https:\/\/ntnui.no\/fekting\/wp-json\/wp\/v2\/pages\/1814\/revisions\/1820"}],"wp:attachment":[{"href":"https:\/\/ntnui.no\/fekting\/wp-json\/wp\/v2\/media?parent=1814"}],"curies":[{"name":"wp","href":"https:\/\/api.w.org\/{rel}","templated":true}]}}