{"id":1347,"date":"2018-11-06T20:23:44","date_gmt":"2018-11-06T19:23:44","guid":{"rendered":"https:\/\/ntnui.no\/fekting\/?page_id=1347"},"modified":"2018-11-06T20:23:44","modified_gmt":"2018-11-06T19:23:44","slug":"historie","status":"publish","type":"page","link":"https:\/\/ntnui.no\/fekting\/historie\/","title":{"rendered":"Historie"},"content":{"rendered":"<p>Sverd har helt siden bronsealderen blitt brukt som v\u00e5pen, men har siden 1700-tallet utviklet seg til duellv\u00e5pen og konkurransev\u00e5pen. Duellv\u00e5pnene kjennetegnes ved at de ble laget for \u00e5 levere raske st\u00f8t i stedet for kraftige hugg. Konkurransefekting i dag er delt inn i tre ulike v\u00e5penarter: sabel, florett og k\u00e5rde. I konkurransesporten er kravene til sikkerhet h\u00f8ye, og v\u00e5pnene er ikke lengre skarpe.<\/p>\n<p>Sabel er et huggv\u00e5pen som ble utviklet fra milit\u00e6re sabler, blant annet brukt av kavalerister p\u00e5 1700- og 1800-tallet. I kamp med huggv\u00e5pen f\u00e5r man poeng ved \u00e5 sl\u00e5 bladet sitt p\u00e5 motstanderens overkropp. Moderne sabelfekting, og florettfektig, har prioriteringsregler som avgj\u00f8r hvem som f\u00e5r poeng om begge duellantene treffer hverandre samtidig.<\/p>\n<p>Floretten er et stikkv\u00e5pen som ble utviklet fra sivile duellv\u00e5pen. Det betyr at i moderne florettfekting f\u00e5r man poeng med \u00e5 stikke motstanderen med tuppen av sverdet. I florettfekting kan man bare treffe p\u00e5 overkroppen, men ikke p\u00e5 armer eller hodet. Det forklares ofte med at florettene ble brukt til trening n\u00e5r man hadde lite beskyttelsesutsyr. En annen forklaring er at floretten ble brukt i dueller til d\u00f8den, og man \u00f8nsket \u00e5 skade de vitale organene. Ogs\u00e5 i florett har man prioritetsregler.<\/p>\n<p>K\u00e5rden er et stikkv\u00e5pen. Den er ogs\u00e5 utviklet fra sivile v\u00e5pen, og var beregnet p\u00e5 dueller til f\u00f8rste blodsdr\u00e5pe (alts\u00e5 ikke til \u00e5 drepe). F\u00f8lgende er hele kroppen trefflate i moderne k\u00e5rdefekting. Reglene er enklere enn i florettfekting: poeng gis til den som treffer motstanderen f\u00f8rst med tuppen av k\u00e5rden. Hvis de to duellantene treffer hverandre med en tidsforskjell som er mindre enn 40 millisekunder, blir det et poeng til hver, alts\u00e5 dobbeltpoeng.<\/p>\n","protected":false},"excerpt":{"rendered":"<p>Sverd har helt siden bronsealderen blitt brukt som v\u00e5pen, men har siden 1700-tallet utviklet seg til duellv\u00e5pen og konkurransev\u00e5pen. Duellv\u00e5pnene kjennetegnes ved at de ble laget for \u00e5 levere raske st\u00f8t i stedet for kraftige hugg. Konkurransefekting i dag er delt inn i tre ulike v\u00e5penarter: sabel, florett og k\u00e5rde. I konkurransesporten er kravene til [&hellip;]<\/p>\n","protected":false},"author":85,"featured_media":0,"parent":0,"menu_order":0,"comment_status":"closed","ping_status":"closed","template":"","meta":{"_coblocks_attr":"","_coblocks_dimensions":"","_coblocks_responsive_height":"","_coblocks_accordion_ie_support":"","_price":"","_stock":"","_tribe_ticket_header":"","_tribe_default_ticket_provider":"","_tribe_ticket_capacity":"0","_ticket_start_date":"","_ticket_end_date":"","_tribe_ticket_show_description":"","_tribe_ticket_show_not_going":false,"_tribe_ticket_use_global_stock":"","_tribe_ticket_global_stock_level":"","_global_stock_mode":"","_global_stock_cap":"","_tribe_rsvp_for_event":"","_tribe_ticket_going_count":"","_tribe_ticket_not_going_count":"","_tribe_tickets_list":[],"_tribe_ticket_has_attendee_info_fields":false,"_EventAllDay":false,"_EventTimezone":"","_EventStartDate":"","_EventEndDate":"","_EventStartDateUTC":"","_EventEndDateUTC":"","_EventShowMap":false,"_EventShowMapLink":false,"_EventURL":"","_EventCost":"","_EventCostDescription":"","_EventCurrencySymbol":"","_EventCurrencyPosition":"","_EventDateTimeSeparator":"","_EventTimeRangeSeparator":"","_EventOrganizerID":[],"_EventVenueID":0,"_OrganizerEmail":"","_OrganizerPhone":"","_OrganizerWebsite":"","_VenueAddress":"","_VenueCity":"","_VenueCountry":"","_VenueProvince":"","_VenueZip":"","_VenuePhone":"","_VenueURL":"","_VenueStateProvince":"","_VenueLat":"","_VenueLng":"","footnotes":""},"class_list":["post-1347","page","type-page","status-publish","hentry"],"featured_image_src":null,"featured_image_src_square":null,"_links":{"self":[{"href":"https:\/\/ntnui.no\/fekting\/wp-json\/wp\/v2\/pages\/1347","targetHints":{"allow":["GET"]}}],"collection":[{"href":"https:\/\/ntnui.no\/fekting\/wp-json\/wp\/v2\/pages"}],"about":[{"href":"https:\/\/ntnui.no\/fekting\/wp-json\/wp\/v2\/types\/page"}],"author":[{"embeddable":true,"href":"https:\/\/ntnui.no\/fekting\/wp-json\/wp\/v2\/users\/85"}],"replies":[{"embeddable":true,"href":"https:\/\/ntnui.no\/fekting\/wp-json\/wp\/v2\/comments?post=1347"}],"version-history":[{"count":0,"href":"https:\/\/ntnui.no\/fekting\/wp-json\/wp\/v2\/pages\/1347\/revisions"}],"wp:attachment":[{"href":"https:\/\/ntnui.no\/fekting\/wp-json\/wp\/v2\/media?parent=1347"}],"curies":[{"name":"wp","href":"https:\/\/api.w.org\/{rel}","templated":true}]}}