{"id":1340,"date":"2018-11-06T20:23:59","date_gmt":"2018-11-06T19:23:59","guid":{"rendered":"https:\/\/ntnui.no\/fekting\/?page_id=1340"},"modified":"2025-08-10T19:10:00","modified_gmt":"2025-08-10T19:10:00","slug":"fekting-i-norge","status":"publish","type":"page","link":"https:\/\/ntnui.no\/fekting\/fekting-i-norge\/","title":{"rendered":"Fekting i Norge"},"content":{"rendered":"<p>Fektemilj\u00f8et i Norge er og har v\u00e6rt lite, og man har derfor inntil nylig begrenset seg til k\u00e5rdefekting for \u00e5 skape samhold og kompetanse. Likevel har sabelfekting begynt \u00e5 vokse i noen av landets mindre byer, og baner dermed vegen for de andre disiplenene. Enn s\u00e5 lenge kommer NTNUI til \u00e5 drive utelukket med k\u00e5rdefekting.<\/p>\n<p>I tillegg til NTNUI finnes det ogs\u00e5 en fekteklubb til i Trondheim. <a href=\"http:\/\/www.trondheimfekteklubb.no\/\">Tordenskiold Trondheim Fekteklubb<\/a> er \u00e5pen for alle som ivrer etter \u00e5 fekte, men ikke er studenter!<\/p>\n<p>Morsom fakta om NTNUI Fekting er at klubben ble etablert i 1910, og er dermed tre \u00e5r eldre enn det internasjonale fekteforbundet (FIE) \u2014 noe vi synes er ganske kult \ud83d\ude42<\/p>\n","protected":false},"excerpt":{"rendered":"<p>Fektemilj\u00f8et i Norge er og har v\u00e6rt lite, og man har derfor inntil nylig begrenset seg til k\u00e5rdefekting for \u00e5 skape samhold og kompetanse. Likevel har sabelfekting begynt \u00e5 vokse i noen av landets mindre byer, og baner dermed vegen for de andre disiplenene. Enn s\u00e5 lenge kommer NTNUI til \u00e5 drive utelukket med k\u00e5rdefekting. [&hellip;]<\/p>\n","protected":false},"author":85,"featured_media":0,"parent":0,"menu_order":0,"comment_status":"closed","ping_status":"closed","template":"","meta":{"_coblocks_attr":"","_coblocks_dimensions":"","_coblocks_responsive_height":"","_coblocks_accordion_ie_support":"","_price":"","_stock":"","_tribe_ticket_header":"","_tribe_default_ticket_provider":"","_tribe_ticket_capacity":"0","_ticket_start_date":"","_ticket_end_date":"","_tribe_ticket_show_description":"","_tribe_ticket_show_not_going":false,"_tribe_ticket_use_global_stock":"","_tribe_ticket_global_stock_level":"","_global_stock_mode":"","_global_stock_cap":"","_tribe_rsvp_for_event":"","_tribe_ticket_going_count":"","_tribe_ticket_not_going_count":"","_tribe_tickets_list":[],"_tribe_ticket_has_attendee_info_fields":false,"_EventAllDay":false,"_EventTimezone":"","_EventStartDate":"","_EventEndDate":"","_EventStartDateUTC":"","_EventEndDateUTC":"","_EventShowMap":false,"_EventShowMapLink":false,"_EventURL":"","_EventCost":"","_EventCostDescription":"","_EventCurrencySymbol":"","_EventCurrencyPosition":"","_EventDateTimeSeparator":"","_EventTimeRangeSeparator":"","_EventOrganizerID":[],"_EventVenueID":0,"_OrganizerEmail":"","_OrganizerPhone":"","_OrganizerWebsite":"","_VenueAddress":"","_VenueCity":"","_VenueCountry":"","_VenueProvince":"","_VenueZip":"","_VenuePhone":"","_VenueURL":"","_VenueStateProvince":"","_VenueLat":"","_VenueLng":"","footnotes":""},"class_list":["post-1340","page","type-page","status-publish","hentry"],"featured_image_src":null,"featured_image_src_square":null,"_links":{"self":[{"href":"https:\/\/ntnui.no\/fekting\/wp-json\/wp\/v2\/pages\/1340","targetHints":{"allow":["GET"]}}],"collection":[{"href":"https:\/\/ntnui.no\/fekting\/wp-json\/wp\/v2\/pages"}],"about":[{"href":"https:\/\/ntnui.no\/fekting\/wp-json\/wp\/v2\/types\/page"}],"author":[{"embeddable":true,"href":"https:\/\/ntnui.no\/fekting\/wp-json\/wp\/v2\/users\/85"}],"replies":[{"embeddable":true,"href":"https:\/\/ntnui.no\/fekting\/wp-json\/wp\/v2\/comments?post=1340"}],"version-history":[{"count":1,"href":"https:\/\/ntnui.no\/fekting\/wp-json\/wp\/v2\/pages\/1340\/revisions"}],"predecessor-version":[{"id":1923,"href":"https:\/\/ntnui.no\/fekting\/wp-json\/wp\/v2\/pages\/1340\/revisions\/1923"}],"wp:attachment":[{"href":"https:\/\/ntnui.no\/fekting\/wp-json\/wp\/v2\/media?parent=1340"}],"curies":[{"name":"wp","href":"https:\/\/api.w.org\/{rel}","templated":true}]}}