{"id":1285,"date":"2018-11-06T16:59:37","date_gmt":"2018-11-06T15:59:37","guid":{"rendered":"https:\/\/ntnui.no\/fekting\/?page_id=1285"},"modified":"2020-02-07T12:54:39","modified_gmt":"2020-02-07T12:54:39","slug":"faq-normal","status":"publish","type":"page","link":"https:\/\/ntnui.no\/fekting\/faq-normal\/","title":{"rendered":"FAQ"},"content":{"rendered":"<ul>\n<li><strong>Hvilken type fekting driver dere med?<\/strong><\/li>\n<\/ul>\n<p><em>\u2013 V\u00e5r klubb driver utelukkede med k\u00e5rde.<\/em><\/p>\n<ul>\n<li><strong>Gj\u00f8r fekting vondt?<\/strong><\/li>\n<\/ul>\n<p><em>\u2013 Neida! Man risikerer et lite bl\u00e5merke i ny og ne, men vi bruker profesjonelt beskyttelsesutstyr. Fekting er faktisk en av idrettene med f\u00e6rrest skader!<\/em><\/p>\n<ul>\n<li><strong>Jeg har aldri fektet f\u00f8r. Kan jeg likevel pr\u00f8ve hos dere?<\/strong><\/li>\n<\/ul>\n<p><em>\u2013 Ja! Det er akkurat deg denne klubben \u00f8nsker! Erfarne fektere er ogs\u00e5 selvsagt velkommen, men niv\u00e5et er spesielt tilpasset nybegynnere.<\/em><\/p>\n<ul>\n<li><strong>Kommer jeg til \u00e5 \u00f8delegge for de erfarne fekterne n\u00e5r jeg ikke kan noe selv?<\/strong><\/li>\n<\/ul>\n<p><em>\u2013 Nei! Uavhengig av ditt niv\u00e5 vil motstanderen din alltid ha nytte av \u00e5 fekte mot deg. Det anbefales \u00e5 fekte med erfarne fektere da de ofte har gode r\u00e5d \u00e5 komme med.<\/em><\/p>\n<ul>\n<li><strong>Jeg har kun anledning til \u00e5 komme en gang annenhver uke. Er det greit?<\/strong><\/li>\n<\/ul>\n<p><em>\u2013 Du kommer akkurat n\u00e5r det passer deg! Det er ingen m\u00f8teplikt hos oss.<\/em><\/p>\n<ul>\n<li><strong>Hva trenger jeg for \u00e5 starte med fekting?<\/strong><\/li>\n<\/ul>\n<p><em>\u2013 Hos oss trenger du et medlemskap i SiT og NTNUI\u00a0 samt vanlige treningskl\u00e6r og innesko. Selve fekteutstyret stiller vi med.<\/em><\/p>\n","protected":false},"excerpt":{"rendered":"<p>Hvilken type fekting driver dere med? \u2013 V\u00e5r klubb driver utelukkede med k\u00e5rde. Gj\u00f8r fekting vondt? \u2013 Neida! Man risikerer et lite bl\u00e5merke i ny og ne, men vi bruker profesjonelt beskyttelsesutstyr. Fekting er faktisk en av idrettene med f\u00e6rrest skader! Jeg har aldri fektet f\u00f8r. Kan jeg likevel pr\u00f8ve hos dere? \u2013 Ja! Det [&hellip;]<\/p>\n","protected":false},"author":85,"featured_media":0,"parent":0,"menu_order":0,"comment_status":"closed","ping_status":"closed","template":"","meta":{"_coblocks_attr":"","_coblocks_dimensions":"","_coblocks_responsive_height":"","_coblocks_accordion_ie_support":"","_price":"","_stock":"","_tribe_ticket_header":"","_tribe_default_ticket_provider":"","_tribe_ticket_capacity":"0","_ticket_start_date":"","_ticket_end_date":"","_tribe_ticket_show_description":"","_tribe_ticket_show_not_going":false,"_tribe_ticket_use_global_stock":"","_tribe_ticket_global_stock_level":"","_global_stock_mode":"","_global_stock_cap":"","_tribe_rsvp_for_event":"","_tribe_ticket_going_count":"","_tribe_ticket_not_going_count":"","_tribe_tickets_list":[],"_tribe_ticket_has_attendee_info_fields":false,"_EventAllDay":false,"_EventTimezone":"","_EventStartDate":"","_EventEndDate":"","_EventStartDateUTC":"","_EventEndDateUTC":"","_EventShowMap":false,"_EventShowMapLink":false,"_EventURL":"","_EventCost":"","_EventCostDescription":"","_EventCurrencySymbol":"","_EventCurrencyPosition":"","_EventDateTimeSeparator":"","_EventTimeRangeSeparator":"","_EventOrganizerID":[],"_EventVenueID":0,"_OrganizerEmail":"","_OrganizerPhone":"","_OrganizerWebsite":"","_VenueAddress":"","_VenueCity":"","_VenueCountry":"","_VenueProvince":"","_VenueZip":"","_VenuePhone":"","_VenueURL":"","_VenueStateProvince":"","_VenueLat":"","_VenueLng":"","footnotes":""},"class_list":["post-1285","page","type-page","status-publish","hentry"],"featured_image_src":null,"featured_image_src_square":null,"_links":{"self":[{"href":"https:\/\/ntnui.no\/fekting\/wp-json\/wp\/v2\/pages\/1285","targetHints":{"allow":["GET"]}}],"collection":[{"href":"https:\/\/ntnui.no\/fekting\/wp-json\/wp\/v2\/pages"}],"about":[{"href":"https:\/\/ntnui.no\/fekting\/wp-json\/wp\/v2\/types\/page"}],"author":[{"embeddable":true,"href":"https:\/\/ntnui.no\/fekting\/wp-json\/wp\/v2\/users\/85"}],"replies":[{"embeddable":true,"href":"https:\/\/ntnui.no\/fekting\/wp-json\/wp\/v2\/comments?post=1285"}],"version-history":[{"count":1,"href":"https:\/\/ntnui.no\/fekting\/wp-json\/wp\/v2\/pages\/1285\/revisions"}],"predecessor-version":[{"id":1670,"href":"https:\/\/ntnui.no\/fekting\/wp-json\/wp\/v2\/pages\/1285\/revisions\/1670"}],"wp:attachment":[{"href":"https:\/\/ntnui.no\/fekting\/wp-json\/wp\/v2\/media?parent=1285"}],"curies":[{"name":"wp","href":"https:\/\/api.w.org\/{rel}","templated":true}]}}