{"id":1229,"date":"2018-11-06T15:43:19","date_gmt":"2018-11-06T14:43:19","guid":{"rendered":"https:\/\/ntnui.no\/fekting\/?page_id=1229"},"modified":"2018-11-06T15:43:19","modified_gmt":"2018-11-06T14:43:19","slug":"sosialt-fokus","status":"publish","type":"page","link":"https:\/\/ntnui.no\/fekting\/sosialt-fokus\/","title":{"rendered":"Sosialt fokus"},"content":{"rendered":"<p>Vi er en studentklubb innen en sport som er liten i Norge. Vi er aktive i idretten, men har ogs\u00e5 et stort sosialt fokus. Studier kan fort bli ensformige, og derfor kan det v\u00e5re godt \u00e5 gj\u00f8re noe helt annet \u2013 som \u00e5 fekte eller m\u00f8te folk utenfor sin egen studiekrets. Vi har sosiale arrangementer som fester, julebord, hyttetur og filmkvelder.<\/p>\n<p>Vi vil at medlemmene v\u00e5re skal f\u00f8le seg hjemme, b\u00e5de p\u00e5 og utenfor trening, og er alltid \u00e5pne for innspill p\u00e5 hvordan vi kan gj\u00f8re det bedre.<\/p>\n","protected":false},"excerpt":{"rendered":"<p>Vi er en studentklubb innen en sport som er liten i Norge. Vi er aktive i idretten, men har ogs\u00e5 et stort sosialt fokus. Studier kan fort bli ensformige, og derfor kan det v\u00e5re godt \u00e5 gj\u00f8re noe helt annet \u2013 som \u00e5 fekte eller m\u00f8te folk utenfor sin egen studiekrets. Vi har sosiale arrangementer [&hellip;]<\/p>\n","protected":false},"author":85,"featured_media":0,"parent":0,"menu_order":0,"comment_status":"closed","ping_status":"closed","template":"","meta":{"_coblocks_attr":"","_coblocks_dimensions":"","_coblocks_responsive_height":"","_coblocks_accordion_ie_support":"","_price":"","_stock":"","_tribe_ticket_header":"","_tribe_default_ticket_provider":"","_tribe_ticket_capacity":"0","_ticket_start_date":"","_ticket_end_date":"","_tribe_ticket_show_description":"","_tribe_ticket_show_not_going":false,"_tribe_ticket_use_global_stock":"","_tribe_ticket_global_stock_level":"","_global_stock_mode":"","_global_stock_cap":"","_tribe_rsvp_for_event":"","_tribe_ticket_going_count":"","_tribe_ticket_not_going_count":"","_tribe_tickets_list":[],"_tribe_ticket_has_attendee_info_fields":false,"_EventAllDay":false,"_EventTimezone":"","_EventStartDate":"","_EventEndDate":"","_EventStartDateUTC":"","_EventEndDateUTC":"","_EventShowMap":false,"_EventShowMapLink":false,"_EventURL":"","_EventCost":"","_EventCostDescription":"","_EventCurrencySymbol":"","_EventCurrencyPosition":"","_EventDateTimeSeparator":"","_EventTimeRangeSeparator":"","_EventOrganizerID":[],"_EventVenueID":0,"_OrganizerEmail":"","_OrganizerPhone":"","_OrganizerWebsite":"","_VenueAddress":"","_VenueCity":"","_VenueCountry":"","_VenueProvince":"","_VenueZip":"","_VenuePhone":"","_VenueURL":"","_VenueStateProvince":"","_VenueLat":"","_VenueLng":"","footnotes":""},"class_list":["post-1229","page","type-page","status-publish","hentry"],"featured_image_src":null,"featured_image_src_square":null,"_links":{"self":[{"href":"https:\/\/ntnui.no\/fekting\/wp-json\/wp\/v2\/pages\/1229","targetHints":{"allow":["GET"]}}],"collection":[{"href":"https:\/\/ntnui.no\/fekting\/wp-json\/wp\/v2\/pages"}],"about":[{"href":"https:\/\/ntnui.no\/fekting\/wp-json\/wp\/v2\/types\/page"}],"author":[{"embeddable":true,"href":"https:\/\/ntnui.no\/fekting\/wp-json\/wp\/v2\/users\/85"}],"replies":[{"embeddable":true,"href":"https:\/\/ntnui.no\/fekting\/wp-json\/wp\/v2\/comments?post=1229"}],"version-history":[{"count":0,"href":"https:\/\/ntnui.no\/fekting\/wp-json\/wp\/v2\/pages\/1229\/revisions"}],"wp:attachment":[{"href":"https:\/\/ntnui.no\/fekting\/wp-json\/wp\/v2\/media?parent=1229"}],"curies":[{"name":"wp","href":"https:\/\/api.w.org\/{rel}","templated":true}]}}