{"id":1225,"date":"2018-11-06T15:42:39","date_gmt":"2018-11-06T14:42:39","guid":{"rendered":"https:\/\/ntnui.no\/fekting\/?page_id=1225"},"modified":"2023-03-15T17:24:54","modified_gmt":"2023-03-15T17:24:54","slug":"treningsavgift","status":"publish","type":"page","link":"https:\/\/ntnui.no\/fekting\/treningsavgift\/","title":{"rendered":"Kostnader"},"content":{"rendered":"<p>V\u00e5re medlemmer m\u00e5 ha medlemsskap i <a href=\"https:\/\/www.sit.no\/trening\/treningspriser\">SiT Trening<\/a> som ogs\u00e5 inkluderer medlemskap i NTNUI.<br \/>\nI tillegg kommer lisensavgift til Norges Fekteforbund (NF-lisens) og treningsavgift i fektegruppa.<\/p>\n<p><strong>Nye fektere betaler ikke for NF-lisens eller treningsavgift det f\u00f8rste semesteret de fekter.<\/strong><\/p>\n<ul>\n<li>Medlemskap i SiT Trening og NTNUI\u00a0 (Betales til SiT, se priser hos <a href=\"https:\/\/www.sit.no\/trening\/treningspriser\">SiT Trening<\/a>)<\/li>\n<li>Treningsavgift (inkludert NF-Lisens): 70 kr per semester, betales til NTNUI Fekting<\/li>\n<\/ul>\n","protected":false},"excerpt":{"rendered":"<p>V\u00e5re medlemmer m\u00e5 ha medlemsskap i SiT Trening som ogs\u00e5 inkluderer medlemskap i NTNUI. I tillegg kommer lisensavgift til Norges Fekteforbund (NF-lisens) og treningsavgift i fektegruppa. Nye fektere betaler ikke for NF-lisens eller treningsavgift det f\u00f8rste semesteret de fekter. Medlemskap i SiT Trening og NTNUI\u00a0 (Betales til SiT, se priser hos SiT Trening) Treningsavgift (inkludert [&hellip;]<\/p>\n","protected":false},"author":85,"featured_media":0,"parent":0,"menu_order":0,"comment_status":"closed","ping_status":"closed","template":"","meta":{"_coblocks_attr":"","_coblocks_dimensions":"","_coblocks_responsive_height":"","_coblocks_accordion_ie_support":"","_price":"","_stock":"","_tribe_ticket_header":"","_tribe_default_ticket_provider":"","_tribe_ticket_capacity":"0","_ticket_start_date":"","_ticket_end_date":"","_tribe_ticket_show_description":"","_tribe_ticket_show_not_going":false,"_tribe_ticket_use_global_stock":"","_tribe_ticket_global_stock_level":"","_global_stock_mode":"","_global_stock_cap":"","_tribe_rsvp_for_event":"","_tribe_ticket_going_count":"","_tribe_ticket_not_going_count":"","_tribe_tickets_list":[],"_tribe_ticket_has_attendee_info_fields":false,"_EventAllDay":false,"_EventTimezone":"","_EventStartDate":"","_EventEndDate":"","_EventStartDateUTC":"","_EventEndDateUTC":"","_EventShowMap":false,"_EventShowMapLink":false,"_EventURL":"","_EventCost":"","_EventCostDescription":"","_EventCurrencySymbol":"","_EventCurrencyPosition":"","_EventDateTimeSeparator":"","_EventTimeRangeSeparator":"","_EventOrganizerID":[],"_EventVenueID":0,"_OrganizerEmail":"","_OrganizerPhone":"","_OrganizerWebsite":"","_VenueAddress":"","_VenueCity":"","_VenueCountry":"","_VenueProvince":"","_VenueZip":"","_VenuePhone":"","_VenueURL":"","_VenueStateProvince":"","_VenueLat":"","_VenueLng":"","footnotes":""},"class_list":["post-1225","page","type-page","status-publish","hentry"],"featured_image_src":null,"featured_image_src_square":null,"_links":{"self":[{"href":"https:\/\/ntnui.no\/fekting\/wp-json\/wp\/v2\/pages\/1225","targetHints":{"allow":["GET"]}}],"collection":[{"href":"https:\/\/ntnui.no\/fekting\/wp-json\/wp\/v2\/pages"}],"about":[{"href":"https:\/\/ntnui.no\/fekting\/wp-json\/wp\/v2\/types\/page"}],"author":[{"embeddable":true,"href":"https:\/\/ntnui.no\/fekting\/wp-json\/wp\/v2\/users\/85"}],"replies":[{"embeddable":true,"href":"https:\/\/ntnui.no\/fekting\/wp-json\/wp\/v2\/comments?post=1225"}],"version-history":[{"count":2,"href":"https:\/\/ntnui.no\/fekting\/wp-json\/wp\/v2\/pages\/1225\/revisions"}],"predecessor-version":[{"id":1801,"href":"https:\/\/ntnui.no\/fekting\/wp-json\/wp\/v2\/pages\/1225\/revisions\/1801"}],"wp:attachment":[{"href":"https:\/\/ntnui.no\/fekting\/wp-json\/wp\/v2\/media?parent=1225"}],"curies":[{"name":"wp","href":"https:\/\/api.w.org\/{rel}","templated":true}]}}