{"id":1217,"date":"2018-11-06T15:33:31","date_gmt":"2018-11-06T14:33:31","guid":{"rendered":"https:\/\/ntnui.no\/fekting\/?page_id=1217"},"modified":"2018-11-06T15:33:31","modified_gmt":"2018-11-06T14:33:31","slug":"grupperegler","status":"publish","type":"page","link":"https:\/\/ntnui.no\/fekting\/grupperegler\/","title":{"rendered":"Grupperegler"},"content":{"rendered":"<p>Fektegruppa i NTNUI har tolv interne regler. Form\u00e5let med dem er \u00e5 ivareta et godt treningsmilj\u00f8\u00b8. Siden vi ikke har profesjonell trener, \u00f8nsker vi oss et treningsmilj\u00f8 der alle deler erfaringer og gj\u00f8r hverandre gode. Sikkerhetsreglene er en forenkling og tydeliggj\u00f8ring av det minimum som forventes i fektesporten.<br \/>\n<strong>\u00a0<\/strong><br \/>\n<strong>SIKKERHETSREGLER<\/strong><\/p>\n<ul>\n<li>Beskyttelsesutstyr m\u00e5 nyttes<\/li>\n<li>K\u00e5rdespissen skal peke mot gulvet n\u00e5r man ikke fekter<\/li>\n<li>Hvis en k\u00e5rde brekker, skal kampen stanses umiddelbart<\/li>\n<li>Snu aldri ryggen til din motstander p\u00e5 pisten<\/li>\n<li>Bruk aldri din ubeskyttede arm<\/li>\n<li>Lytt til dommeren, respekter og f\u00f8lg hans instrukser<\/li>\n<\/ul>\n<p><strong>\u00a0<\/strong><br \/>\n<strong>TRENINGSMILJ\u00d8<\/strong><\/p>\n<ul>\n<li>Hils korrekt f\u00f8r og etter kampen<\/li>\n<li>Vis respekt for motstanderen<\/li>\n<li>Snakk med motstanderen etter kampen<\/li>\n<li>Sp\u00f8r andre om tips og r\u00e5d<\/li>\n<li>Hjelp hverandre, l\u00e6r fra deg<\/li>\n<li>Tenk ikke bare p\u00e5 seier, du skal ogs\u00e5 utvikle deg<\/li>\n<\/ul>\n","protected":false},"excerpt":{"rendered":"<p>Fektegruppa i NTNUI har tolv interne regler. Form\u00e5let med dem er \u00e5 ivareta et godt treningsmilj\u00f8\u00b8. Siden vi ikke har profesjonell trener, \u00f8nsker vi oss et treningsmilj\u00f8 der alle deler erfaringer og gj\u00f8r hverandre gode. Sikkerhetsreglene er en forenkling og tydeliggj\u00f8ring av det minimum som forventes i fektesporten. \u00a0 SIKKERHETSREGLER Beskyttelsesutstyr m\u00e5 nyttes K\u00e5rdespissen skal [&hellip;]<\/p>\n","protected":false},"author":85,"featured_media":0,"parent":0,"menu_order":0,"comment_status":"closed","ping_status":"closed","template":"","meta":{"_coblocks_attr":"","_coblocks_dimensions":"","_coblocks_responsive_height":"","_coblocks_accordion_ie_support":"","_price":"","_stock":"","_tribe_ticket_header":"","_tribe_default_ticket_provider":"","_tribe_ticket_capacity":"0","_ticket_start_date":"","_ticket_end_date":"","_tribe_ticket_show_description":"","_tribe_ticket_show_not_going":false,"_tribe_ticket_use_global_stock":"","_tribe_ticket_global_stock_level":"","_global_stock_mode":"","_global_stock_cap":"","_tribe_rsvp_for_event":"","_tribe_ticket_going_count":"","_tribe_ticket_not_going_count":"","_tribe_tickets_list":[],"_tribe_ticket_has_attendee_info_fields":false,"_EventAllDay":false,"_EventTimezone":"","_EventStartDate":"","_EventEndDate":"","_EventStartDateUTC":"","_EventEndDateUTC":"","_EventShowMap":false,"_EventShowMapLink":false,"_EventURL":"","_EventCost":"","_EventCostDescription":"","_EventCurrencySymbol":"","_EventCurrencyPosition":"","_EventDateTimeSeparator":"","_EventTimeRangeSeparator":"","_EventOrganizerID":[],"_EventVenueID":0,"_OrganizerEmail":"","_OrganizerPhone":"","_OrganizerWebsite":"","_VenueAddress":"","_VenueCity":"","_VenueCountry":"","_VenueProvince":"","_VenueZip":"","_VenuePhone":"","_VenueURL":"","_VenueStateProvince":"","_VenueLat":"","_VenueLng":"","footnotes":""},"class_list":["post-1217","page","type-page","status-publish","hentry"],"featured_image_src":null,"featured_image_src_square":null,"_links":{"self":[{"href":"https:\/\/ntnui.no\/fekting\/wp-json\/wp\/v2\/pages\/1217","targetHints":{"allow":["GET"]}}],"collection":[{"href":"https:\/\/ntnui.no\/fekting\/wp-json\/wp\/v2\/pages"}],"about":[{"href":"https:\/\/ntnui.no\/fekting\/wp-json\/wp\/v2\/types\/page"}],"author":[{"embeddable":true,"href":"https:\/\/ntnui.no\/fekting\/wp-json\/wp\/v2\/users\/85"}],"replies":[{"embeddable":true,"href":"https:\/\/ntnui.no\/fekting\/wp-json\/wp\/v2\/comments?post=1217"}],"version-history":[{"count":0,"href":"https:\/\/ntnui.no\/fekting\/wp-json\/wp\/v2\/pages\/1217\/revisions"}],"wp:attachment":[{"href":"https:\/\/ntnui.no\/fekting\/wp-json\/wp\/v2\/media?parent=1217"}],"curies":[{"name":"wp","href":"https:\/\/api.w.org\/{rel}","templated":true}]}}