{"id":1213,"date":"2018-11-06T15:32:39","date_gmt":"2018-11-06T14:32:39","guid":{"rendered":"https:\/\/ntnui.no\/fekting\/?page_id=1213"},"modified":"2018-11-06T15:32:39","modified_gmt":"2018-11-06T14:32:39","slug":"about-the-group","status":"publish","type":"page","link":"https:\/\/ntnui.no\/fekting\/en\/about-the-group\/","title":{"rendered":"About the group"},"content":{"rendered":"<p>NTNUI Fencing is a group consisting of 20-30 students who fences with \u00e9p\u00e9\u00e9. We which new members throughout the whole year, and we arrange a beginners course at the start of every fall semester. Feel free to contact us or join one of our trainings, no prior experience needed.<\/p>\n<p>Read more by clicking the links below or browsing the menu:<\/p>\n<p><a href=\"https:\/\/ntnui.no\/fekting\/rules\/\">Rules<\/a><\/p>\n<p><a href=\"https:\/\/ntnui.no\/fekting\/training-fee\/\">Training fee<\/a><\/p>\n<p><a href=\"https:\/\/ntnui.no\/fekting\/social-focus\/\">Social focus<\/a><\/p>\n","protected":false},"excerpt":{"rendered":"<p>NTNUI Fencing is a group consisting of 20-30 students who fences with \u00e9p\u00e9\u00e9. We which new members throughout the whole year, and we arrange a beginners course at the start of every fall semester. Feel free to contact us or join one of our trainings, no prior experience needed. Read more by clicking the links [&hellip;]<\/p>\n","protected":false},"author":85,"featured_media":0,"parent":0,"menu_order":0,"comment_status":"closed","ping_status":"closed","template":"","meta":{"_coblocks_attr":"","_coblocks_dimensions":"","_coblocks_responsive_height":"","_coblocks_accordion_ie_support":"","_price":"","_stock":"","_tribe_ticket_header":"","_tribe_default_ticket_provider":"","_tribe_ticket_capacity":"0","_ticket_start_date":"","_ticket_end_date":"","_tribe_ticket_show_description":"","_tribe_ticket_show_not_going":false,"_tribe_ticket_use_global_stock":"","_tribe_ticket_global_stock_level":"","_global_stock_mode":"","_global_stock_cap":"","_tribe_rsvp_for_event":"","_tribe_ticket_going_count":"","_tribe_ticket_not_going_count":"","_tribe_tickets_list":[],"_tribe_ticket_has_attendee_info_fields":false,"_EventAllDay":false,"_EventTimezone":"","_EventStartDate":"","_EventEndDate":"","_EventStartDateUTC":"","_EventEndDateUTC":"","_EventShowMap":false,"_EventShowMapLink":false,"_EventURL":"","_EventCost":"","_EventCostDescription":"","_EventCurrencySymbol":"","_EventCurrencyPosition":"","_EventDateTimeSeparator":"","_EventTimeRangeSeparator":"","_EventOrganizerID":[],"_EventVenueID":0,"_OrganizerEmail":"","_OrganizerPhone":"","_OrganizerWebsite":"","_VenueAddress":"","_VenueCity":"","_VenueCountry":"","_VenueProvince":"","_VenueZip":"","_VenuePhone":"","_VenueURL":"","_VenueStateProvince":"","_VenueLat":"","_VenueLng":"","footnotes":""},"class_list":["post-1213","page","type-page","status-publish","hentry"],"featured_image_src":null,"featured_image_src_square":null,"_links":{"self":[{"href":"https:\/\/ntnui.no\/fekting\/wp-json\/wp\/v2\/pages\/1213","targetHints":{"allow":["GET"]}}],"collection":[{"href":"https:\/\/ntnui.no\/fekting\/wp-json\/wp\/v2\/pages"}],"about":[{"href":"https:\/\/ntnui.no\/fekting\/wp-json\/wp\/v2\/types\/page"}],"author":[{"embeddable":true,"href":"https:\/\/ntnui.no\/fekting\/wp-json\/wp\/v2\/users\/85"}],"replies":[{"embeddable":true,"href":"https:\/\/ntnui.no\/fekting\/wp-json\/wp\/v2\/comments?post=1213"}],"version-history":[{"count":0,"href":"https:\/\/ntnui.no\/fekting\/wp-json\/wp\/v2\/pages\/1213\/revisions"}],"wp:attachment":[{"href":"https:\/\/ntnui.no\/fekting\/wp-json\/wp\/v2\/media?parent=1213"}],"curies":[{"name":"wp","href":"https:\/\/api.w.org\/{rel}","templated":true}]}}