{"id":1187,"date":"2018-11-06T15:08:51","date_gmt":"2018-11-06T14:08:51","guid":{"rendered":"https:\/\/ntnui.no\/fekting\/?page_id=1187"},"modified":"2018-11-06T15:08:51","modified_gmt":"2018-11-06T14:08:51","slug":"om-gruppa","status":"publish","type":"page","link":"https:\/\/ntnui.no\/fekting\/om-gruppa\/","title":{"rendered":"Om Gruppa"},"content":{"rendered":"<p>NTNUI Fekting er en gruppe p\u00e5 20-30 studenter som driver med k\u00e5rdefekting. Vi tar imot nye medlemmer gjennom hele \u00e5ret, og arrangerer nybegynnerkurs p\u00e5 begynnelsen av hvert h\u00f8stsemester. Kom gjerne innom en av v\u00e5re treninger, eller ta kontakt med oss.<\/p>\n<p>Les mer ved \u00e5 klikke p\u00e5 lenkene under eller ved \u00e5 navigere i menyen<\/p>\n<p><a href=\"https:\/\/ntnui.no\/fekting\/grupperegler\/\">Grupperegler<\/a><\/p>\n<p><a href=\"https:\/\/ntnui.no\/fekting\/treningsavgift\/\">Treningsavgift<\/a><\/p>\n<p><a href=\"https:\/\/ntnui.no\/fekting\/sosialt-fokus\/\">Sosialt fokus<\/a><\/p>\n","protected":false},"excerpt":{"rendered":"<p>NTNUI Fekting er en gruppe p\u00e5 20-30 studenter som driver med k\u00e5rdefekting. Vi tar imot nye medlemmer gjennom hele \u00e5ret, og arrangerer nybegynnerkurs p\u00e5 begynnelsen av hvert h\u00f8stsemester. Kom gjerne innom en av v\u00e5re treninger, eller ta kontakt med oss. Les mer ved \u00e5 klikke p\u00e5 lenkene under eller ved \u00e5 navigere i menyen Grupperegler [&hellip;]<\/p>\n","protected":false},"author":85,"featured_media":0,"parent":0,"menu_order":0,"comment_status":"closed","ping_status":"closed","template":"","meta":{"_coblocks_attr":"","_coblocks_dimensions":"","_coblocks_responsive_height":"","_coblocks_accordion_ie_support":"","_price":"","_stock":"","_tribe_ticket_header":"","_tribe_default_ticket_provider":"","_tribe_ticket_capacity":"0","_ticket_start_date":"","_ticket_end_date":"","_tribe_ticket_show_description":"","_tribe_ticket_show_not_going":false,"_tribe_ticket_use_global_stock":"","_tribe_ticket_global_stock_level":"","_global_stock_mode":"","_global_stock_cap":"","_tribe_rsvp_for_event":"","_tribe_ticket_going_count":"","_tribe_ticket_not_going_count":"","_tribe_tickets_list":[],"_tribe_ticket_has_attendee_info_fields":false,"_EventAllDay":false,"_EventTimezone":"","_EventStartDate":"","_EventEndDate":"","_EventStartDateUTC":"","_EventEndDateUTC":"","_EventShowMap":false,"_EventShowMapLink":false,"_EventURL":"","_EventCost":"","_EventCostDescription":"","_EventCurrencySymbol":"","_EventCurrencyPosition":"","_EventDateTimeSeparator":"","_EventTimeRangeSeparator":"","_EventOrganizerID":[],"_EventVenueID":0,"_OrganizerEmail":"","_OrganizerPhone":"","_OrganizerWebsite":"","_VenueAddress":"","_VenueCity":"","_VenueCountry":"","_VenueProvince":"","_VenueZip":"","_VenuePhone":"","_VenueURL":"","_VenueStateProvince":"","_VenueLat":"","_VenueLng":"","footnotes":""},"class_list":["post-1187","page","type-page","status-publish","hentry"],"featured_image_src":null,"featured_image_src_square":null,"_links":{"self":[{"href":"https:\/\/ntnui.no\/fekting\/wp-json\/wp\/v2\/pages\/1187","targetHints":{"allow":["GET"]}}],"collection":[{"href":"https:\/\/ntnui.no\/fekting\/wp-json\/wp\/v2\/pages"}],"about":[{"href":"https:\/\/ntnui.no\/fekting\/wp-json\/wp\/v2\/types\/page"}],"author":[{"embeddable":true,"href":"https:\/\/ntnui.no\/fekting\/wp-json\/wp\/v2\/users\/85"}],"replies":[{"embeddable":true,"href":"https:\/\/ntnui.no\/fekting\/wp-json\/wp\/v2\/comments?post=1187"}],"version-history":[{"count":0,"href":"https:\/\/ntnui.no\/fekting\/wp-json\/wp\/v2\/pages\/1187\/revisions"}],"wp:attachment":[{"href":"https:\/\/ntnui.no\/fekting\/wp-json\/wp\/v2\/media?parent=1187"}],"curies":[{"name":"wp","href":"https:\/\/api.w.org\/{rel}","templated":true}]}}