{"id":170,"date":"2025-02-12T09:27:54","date_gmt":"2025-02-12T09:27:54","guid":{"rendered":"https:\/\/ntnui.no\/event\/?page_id=170"},"modified":"2025-09-09T19:15:07","modified_gmt":"2025-09-09T19:15:07","slug":"booke-rom","status":"publish","type":"page","link":"https:\/\/ntnui.no\/event\/booke-rom\/","title":{"rendered":"Booke rom"},"content":{"rendered":"\n<p>Om du \u00f8nsker \u00e5 booke et rom p\u00e5 NTNU til et m\u00f8te eller en samling eller lignende s\u00e5 kan du sende f\u00f8lgende informasjon p\u00e5 mail til\u00a0<em><a href=\"mailto:hovedstyret@ntnui.no\" target=\"_blank\" rel=\"noreferrer noopener\">hovedstyret@ntnui.no<\/a><\/em>\u00a0:<\/p>\n\n\n\n<ul class=\"wp-block-list\">\n<li>Kontaktperson.<\/li>\n<\/ul>\n\n\n\n<ul class=\"wp-block-list\">\n<li>Hva rommet skal brukes til.<\/li>\n<\/ul>\n\n\n\n<ul class=\"wp-block-list\">\n<li>Hvilket rom dere \u00f8nsker, evt hvilket omr\u00e5de\/bygg.<\/li>\n<\/ul>\n\n\n\n<ul class=\"wp-block-list\">\n<li>Dato (evt datoer) dere trenger rommet.<\/li>\n<\/ul>\n\n\n\n<ul class=\"wp-block-list\">\n<li>Tidsrommet dere trenger rommet (fra klokken til klokken).<\/li>\n<\/ul>\n\n\n\n<ul class=\"wp-block-list\">\n<li>Antall deltakere.<\/li>\n<\/ul>\n\n\n\n<p><\/p>\n","protected":false},"excerpt":{"rendered":"<p>Om du \u00f8nsker \u00e5 booke et rom p\u00e5 NTNU til et m\u00f8te eller en samling eller lignende s\u00e5 kan du sende f\u00f8lgende informasjon p\u00e5 mail til\u00a0hovedstyret@ntnui.no\u00a0:<\/p>\n","protected":false},"author":483,"featured_media":0,"parent":0,"menu_order":0,"comment_status":"closed","ping_status":"closed","template":"","meta":{"_coblocks_attr":"","_coblocks_dimensions":"","_coblocks_responsive_height":"","_coblocks_accordion_ie_support":"","_price":"","_stock":"","_tribe_ticket_header":"","_tribe_default_ticket_provider":"","_tribe_ticket_capacity":"0","_ticket_start_date":"","_ticket_end_date":"","_tribe_ticket_show_description":"","_tribe_ticket_show_not_going":false,"_tribe_ticket_use_global_stock":"","_tribe_ticket_global_stock_level":"","_global_stock_mode":"","_global_stock_cap":"","_tribe_rsvp_for_event":"","_tribe_ticket_going_count":"","_tribe_ticket_not_going_count":"","_tribe_tickets_list":[],"_tribe_ticket_has_attendee_info_fields":false,"footnotes":""},"class_list":["post-170","page","type-page","status-publish","hentry"],"featured_image_src":null,"featured_image_src_square":null,"_links":{"self":[{"href":"https:\/\/ntnui.no\/event\/wp-json\/wp\/v2\/pages\/170","targetHints":{"allow":["GET"]}}],"collection":[{"href":"https:\/\/ntnui.no\/event\/wp-json\/wp\/v2\/pages"}],"about":[{"href":"https:\/\/ntnui.no\/event\/wp-json\/wp\/v2\/types\/page"}],"author":[{"embeddable":true,"href":"https:\/\/ntnui.no\/event\/wp-json\/wp\/v2\/users\/483"}],"replies":[{"embeddable":true,"href":"https:\/\/ntnui.no\/event\/wp-json\/wp\/v2\/comments?post=170"}],"version-history":[{"count":8,"href":"https:\/\/ntnui.no\/event\/wp-json\/wp\/v2\/pages\/170\/revisions"}],"predecessor-version":[{"id":241,"href":"https:\/\/ntnui.no\/event\/wp-json\/wp\/v2\/pages\/170\/revisions\/241"}],"wp:attachment":[{"href":"https:\/\/ntnui.no\/event\/wp-json\/wp\/v2\/media?parent=170"}],"curies":[{"name":"wp","href":"https:\/\/api.w.org\/{rel}","templated":true}]}}