{"id":469,"date":"2024-05-01T11:54:13","date_gmt":"2024-05-01T11:54:13","guid":{"rendered":"https:\/\/ntnui.no\/enduro\/?post_type=product&#038;p=469"},"modified":"2026-04-14T10:46:39","modified_gmt":"2026-04-14T10:46:39","slug":"girwire-og-strompe","status":"publish","type":"product","link":"https:\/\/ntnui.no\/enduro\/product\/girwire-og-strompe\/","title":{"rendered":"Girwire og str\u00f8mpe"},"content":{"rendered":"<p>Dette er betaling for slitedeler kj\u00f8pt p\u00e5 verkstedet p\u00e5 Moholt, legg inn vare og antall s\u00e5 kan du betale her:) Husk \u00e5 betale f\u00f8r du drar.<\/p>\n<p>Girwiren skal passe til de fleste gir-typer og til dropperpost. Str\u00f8mpen passer til girwire som er b\u00e5de 1.1 mm og 1.2mm, typ Shimano og Sram.<\/p>\n<p>For \u00e5 finne lengde p\u00e5 str\u00f8mpen kan du ta den gamle og bruke den til \u00e5 m\u00e5le opp ny mengde. Bruk tauet som er p\u00e5 beholderen for \u00e5 m\u00e5le ca hvor mye du tar. Det er mulighet for \u00e5 legge inn 1m og 0,5m i handlekurven, da velger du den som er n\u00e6rmest.<\/p>\n<p>Om du skulle lure noe kan du ta kontakt med Skogvokter Daniel G\u00e4ssl: <a href=\"mailto:daniel.gassl@ntnui.no\"><strong>daniel.gassl@ntnui.no<\/strong><\/a><\/p>\n","protected":false},"excerpt":{"rendered":"<p>Dette er betaling for slitedeler kj\u00f8pt p\u00e5 verkstedet p\u00e5 Moholt, legg inn vare og antall s\u00e5 kan du betale her:) Husk \u00e5 betale f\u00f8r du drar. Girwiren skal passe til [&hellip;]<\/p>\n","protected":false},"featured_media":468,"comment_status":"closed","ping_status":"closed","template":"","meta":{"_coblocks_attr":"","_coblocks_dimensions":"","_coblocks_responsive_height":"","_coblocks_accordion_ie_support":"","_price":"1","_stock":"","_tribe_ticket_header":"","_tribe_default_ticket_provider":"","_tribe_ticket_capacity":"10","_ticket_start_date":"","_ticket_end_date":"","_tribe_ticket_show_description":"","_tribe_ticket_show_not_going":false,"_tribe_ticket_use_global_stock":"","_tribe_ticket_global_stock_level":"","_global_stock_mode":"","_global_stock_cap":"","_tribe_rsvp_for_event":"","_tribe_ticket_going_count":"","_tribe_ticket_not_going_count":"","_tribe_tickets_list":[],"_tribe_ticket_has_attendee_info_fields":false,"_EventAllDay":false,"_EventTimezone":"","_EventStartDate":"","_EventEndDate":"","_EventStartDateUTC":"","_EventEndDateUTC":"","_EventShowMap":false,"_EventShowMapLink":false,"_EventURL":"","_EventCost":"","_EventCostDescription":"","_EventCurrencySymbol":"","_EventCurrencyPosition":"","_EventDateTimeSeparator":"","_EventTimeRangeSeparator":"","_EventOrganizerID":[],"_EventVenueID":0,"_OrganizerEmail":"","_OrganizerPhone":"","_OrganizerWebsite":"","_VenueAddress":"","_VenueCity":"","_VenueCountry":"","_VenueProvince":"","_VenueZip":"","_VenuePhone":"","_VenueURL":"","_VenueStateProvince":"","_VenueLat":"","_VenueLng":""},"product_brand":[],"product_cat":[35],"product_tag":[],"class_list":{"0":"post-469","1":"product","2":"type-product","3":"status-publish","4":"has-post-thumbnail","6":"product_cat-deler","8":"first","9":"instock","10":"shipping-taxable","11":"purchasable","12":"product-type-variable"},"_links":{"self":[{"href":"https:\/\/ntnui.no\/enduro\/wp-json\/wp\/v2\/product\/469","targetHints":{"allow":["GET"]}}],"collection":[{"href":"https:\/\/ntnui.no\/enduro\/wp-json\/wp\/v2\/product"}],"about":[{"href":"https:\/\/ntnui.no\/enduro\/wp-json\/wp\/v2\/types\/product"}],"replies":[{"embeddable":true,"href":"https:\/\/ntnui.no\/enduro\/wp-json\/wp\/v2\/comments?post=469"}],"wp:featuredmedia":[{"embeddable":true,"href":"https:\/\/ntnui.no\/enduro\/wp-json\/wp\/v2\/media\/468"}],"wp:attachment":[{"href":"https:\/\/ntnui.no\/enduro\/wp-json\/wp\/v2\/media?parent=469"}],"wp:term":[{"taxonomy":"product_brand","embeddable":true,"href":"https:\/\/ntnui.no\/enduro\/wp-json\/wp\/v2\/product_brand?post=469"},{"taxonomy":"product_cat","embeddable":true,"href":"https:\/\/ntnui.no\/enduro\/wp-json\/wp\/v2\/product_cat?post=469"},{"taxonomy":"product_tag","embeddable":true,"href":"https:\/\/ntnui.no\/enduro\/wp-json\/wp\/v2\/product_tag?post=469"}],"curies":[{"name":"wp","href":"https:\/\/api.w.org\/{rel}","templated":true}]}}