{"id":910,"date":"2025-10-06T13:43:38","date_gmt":"2025-10-06T13:43:38","guid":{"rendered":"https:\/\/ntnui.no\/enduro\/?page_id=910"},"modified":"2026-04-10T21:09:43","modified_gmt":"2026-04-10T21:09:43","slug":"styrevervene","status":"publish","type":"page","link":"https:\/\/ntnui.no\/enduro\/styrevervene\/","title":{"rendered":"Styrevervene"},"content":{"rendered":"\n<div class=\"wp-block-columns is-layout-flex wp-container-core-columns-is-layout-1 wp-block-columns-is-layout-flex\">\n<div class=\"wp-block-column is-layout-flow wp-block-column-is-layout-flow\">\n<figure class=\"wp-block-image size-full\"><img decoding=\"async\" src=\"https:\/\/ntnui.no\/enduro\/wp-content\/uploads\/sites\/291\/2025\/11\/tempImageHHSqsy.jpg\" alt=\"\" class=\"wp-image-886\" style=\"border-radius: 2px;box-shadow: none !important\" \/><\/figure>\n<\/div>\n\n\n\n<div class=\"wp-block-column is-layout-flow wp-block-column-is-layout-flow\">\n<p style=\"font-size:35px\"><strong>Leder<\/strong><\/p>\n\n\n\n<p>Leder styrem\u00f8ter, har overordnet ansvar for klubben, og s\u00f8rger for at alle vervene jobber godt sammen.<\/p>\n<\/div>\n<\/div>\n\n\n\n<p><\/p>\n\n\n\n<div class=\"wp-block-columns is-layout-flex wp-container-core-columns-is-layout-2 wp-block-columns-is-layout-flex\">\n<div class=\"wp-block-column is-layout-flow wp-block-column-is-layout-flow\">\n<figure class=\"wp-block-image size-full\"><img decoding=\"async\" src=\"https:\/\/ntnui.no\/enduro\/wp-content\/uploads\/sites\/291\/2025\/11\/tempImagengFoL3.jpg\" alt=\"\" class=\"wp-image-886\" style=\"border-radius: 2px;box-shadow: none !important\" \/><\/figure>\n<\/div>\n\n\n\n<div class=\"wp-block-column is-layout-flow wp-block-column-is-layout-flow\">\n<p style=\"font-size:35px\"><strong>Nestleder<\/strong><\/p>\n\n\n\n<p>Hjelper lederen \u00e5 holde oversikt i gruppen og bidrar der det trengs.<\/p>\n<\/div>\n<\/div>\n\n\n\n<p><\/p>\n\n\n\n<div class=\"wp-block-columns is-layout-flex wp-container-core-columns-is-layout-3 wp-block-columns-is-layout-flex\">\n<div class=\"wp-block-column is-layout-flow wp-block-column-is-layout-flow\">\n<figure class=\"wp-block-image size-full\"><img decoding=\"async\" src=\"https:\/\/ntnui.no\/enduro\/wp-content\/uploads\/sites\/291\/2025\/11\/sosialansvarlig.jpg\" alt=\"\" class=\"wp-image-886\" style=\"border-radius: 2px;box-shadow: none !important\" \/><\/figure>\n<\/div>\n\n\n\n<div class=\"wp-block-column is-layout-flow wp-block-column-is-layout-flow\">\n<p style=\"font-size:35px\"><strong>Sosialansvarlig<\/strong><\/p>\n\n\n\n<p>Organiserer sosiale aktiviteter p\u00e5 siden av sykling, som fester, skiturer, og klatrekvelder med Endurogjengen.<\/p>\n<\/div>\n<\/div>\n\n\n\n<p><\/p>\n\n\n\n<div class=\"wp-block-columns is-layout-flex wp-container-core-columns-is-layout-4 wp-block-columns-is-layout-flex\">\n<div class=\"wp-block-column is-layout-flow wp-block-column-is-layout-flow\">\n<figure class=\"wp-block-image size-full\"><img decoding=\"async\" src=\"https:\/\/ntnui.no\/enduro\/wp-content\/uploads\/sites\/291\/2025\/11\/tempImageOXh5ao.jpg\" alt=\"\" class=\"wp-image-886\" style=\"border-radius: 2px;box-shadow: none !important\" \/><\/figure>\n<\/div>\n\n\n\n<div class=\"wp-block-column is-layout-flow wp-block-column-is-layout-flow\">\n<p style=\"font-size:35px\"><strong>Bl\u00e6stesjef<\/strong><\/p>\n\n\n\n<p>Ansvarlig for Enduros some-kontoer. H\u00e5ndterer videoredigering og foto for klubben.<\/p>\n<\/div>\n<\/div>\n\n\n\n<p><\/p>\n\n\n\n<div class=\"wp-block-columns is-layout-flex wp-container-core-columns-is-layout-5 wp-block-columns-is-layout-flex\">\n<div class=\"wp-block-column is-layout-flow wp-block-column-is-layout-flow\">\n<figure class=\"wp-block-image size-full\"><img decoding=\"async\" src=\"https:\/\/ntnui.no\/enduro\/wp-content\/uploads\/sites\/291\/2025\/11\/tempImageQrDxME.jpg\" alt=\"\" class=\"wp-image-886\" style=\"border-radius: 2px;box-shadow: none !important\" \/><\/figure>\n<\/div>\n\n\n\n<div class=\"wp-block-column is-layout-flow wp-block-column-is-layout-flow\">\n<p style=\"font-size:35px\"><strong>\u00d8konomiansvarlig<\/strong><\/p>\n\n\n\n<p>Holder oversikt over \u00f8konomien og s\u00f8ker st\u00f8tte fra Hovedstyret for \u00e5 muliggj\u00f8re turer.<\/p>\n<\/div>\n<\/div>\n\n\n\n<p><\/p>\n\n\n\n<div class=\"wp-block-columns is-layout-flex wp-container-core-columns-is-layout-6 wp-block-columns-is-layout-flex\">\n<div class=\"wp-block-column is-layout-flow wp-block-column-is-layout-flow\">\n<figure class=\"wp-block-image size-full\"><img decoding=\"async\" src=\"https:\/\/ntnui.no\/enduro\/wp-content\/uploads\/sites\/291\/2025\/11\/tempImageQMqOtx.jpg\" alt=\"\" class=\"wp-image-886\" style=\"border-radius: 2px;box-shadow: none !important\" \/><\/figure>\n<\/div>\n\n\n\n<div class=\"wp-block-column is-layout-flow wp-block-column-is-layout-flow\">\n<p style=\"font-size:35px\"><strong>Utfluktsansvarlig<\/strong><\/p>\n\n\n\n<p>Organiserer flerdagsturer og st\u00f8rre utflukter for medlemmene.<\/p>\n<\/div>\n<\/div>\n\n\n\n<p><\/p>\n\n\n\n<div class=\"wp-block-columns is-layout-flex wp-container-core-columns-is-layout-7 wp-block-columns-is-layout-flex\">\n<div class=\"wp-block-column is-layout-flow wp-block-column-is-layout-flow\">\n<figure class=\"wp-block-image size-full\"><img decoding=\"async\" src=\"https:\/\/ntnui.no\/enduro\/wp-content\/uploads\/sites\/291\/2025\/11\/rittmester.jpg\" alt=\"\" class=\"wp-image-886\" style=\"border-radius: 2px;box-shadow: none !important\" \/><\/figure>\n<\/div>\n\n\n\n<div class=\"wp-block-column is-layout-flow wp-block-column-is-layout-flow\">\n<p style=\"font-size:35px\"><strong>Rittmester<\/strong><\/p>\n\n\n\n<p>Koordinerer fellesturer og planlegger rittdeltakelse blant medlemmer.<\/p>\n<\/div>\n<\/div>\n\n\n\n<p><\/p>\n\n\n\n<div class=\"wp-block-columns is-layout-flex wp-container-core-columns-is-layout-8 wp-block-columns-is-layout-flex\">\n<div class=\"wp-block-column is-layout-flow wp-block-column-is-layout-flow\">\n<figure class=\"wp-block-image size-full\"><img decoding=\"async\" src=\"https:\/\/ntnui.no\/enduro\/wp-content\/uploads\/sites\/291\/2025\/11\/skogvokter.jpg\" alt=\"\" class=\"wp-image-886\" style=\"border-radius: 2px;box-shadow: none !important\" \/><\/figure>\n<\/div>\n\n\n\n<div class=\"wp-block-column is-layout-flow wp-block-column-is-layout-flow\">\n<p style=\"font-size:35px\"><strong>Skogvokter<\/strong><\/p>\n\n\n\n<p>Bestiller verkt\u00f8y til verkstedet etter behov og organiserer dugnader.<\/p>\n<\/div>\n<\/div>\n\n\n\n<p><\/p>\n","protected":false},"excerpt":{"rendered":"<p>Leder Leder styrem\u00f8ter, har overordnet ansvar for klubben, og s\u00f8rger for at alle vervene jobber godt sammen. Nestleder Hjelper lederen \u00e5 holde oversikt i gruppen og bidrar der det trengs. [&hellip;]<\/p>\n","protected":false},"author":733,"featured_media":0,"parent":0,"menu_order":0,"comment_status":"closed","ping_status":"closed","template":"","meta":{"_coblocks_attr":"","_coblocks_dimensions":"","_coblocks_responsive_height":"","_coblocks_accordion_ie_support":"","_price":"","_stock":"","_tribe_ticket_header":"","_tribe_default_ticket_provider":"","_tribe_ticket_capacity":"0","_ticket_start_date":"","_ticket_end_date":"","_tribe_ticket_show_description":"","_tribe_ticket_show_not_going":false,"_tribe_ticket_use_global_stock":"","_tribe_ticket_global_stock_level":"","_global_stock_mode":"","_global_stock_cap":"","_tribe_rsvp_for_event":"","_tribe_ticket_going_count":"","_tribe_ticket_not_going_count":"","_tribe_tickets_list":[],"_tribe_ticket_has_attendee_info_fields":false,"_EventAllDay":false,"_EventTimezone":"","_EventStartDate":"","_EventEndDate":"","_EventStartDateUTC":"","_EventEndDateUTC":"","_EventShowMap":false,"_EventShowMapLink":false,"_EventURL":"","_EventCost":"","_EventCostDescription":"","_EventCurrencySymbol":"","_EventCurrencyPosition":"","_EventDateTimeSeparator":"","_EventTimeRangeSeparator":"","_EventOrganizerID":[],"_EventVenueID":0,"_OrganizerEmail":"","_OrganizerPhone":"","_OrganizerWebsite":"","_VenueAddress":"","_VenueCity":"","_VenueCountry":"","_VenueProvince":"","_VenueZip":"","_VenuePhone":"","_VenueURL":"","_VenueStateProvince":"","_VenueLat":"","_VenueLng":"","footnotes":""},"class_list":["post-910","page","type-page","status-publish","hentry"],"featured_image_src":null,"featured_image_src_square":null,"_links":{"self":[{"href":"https:\/\/ntnui.no\/enduro\/wp-json\/wp\/v2\/pages\/910","targetHints":{"allow":["GET"]}}],"collection":[{"href":"https:\/\/ntnui.no\/enduro\/wp-json\/wp\/v2\/pages"}],"about":[{"href":"https:\/\/ntnui.no\/enduro\/wp-json\/wp\/v2\/types\/page"}],"author":[{"embeddable":true,"href":"https:\/\/ntnui.no\/enduro\/wp-json\/wp\/v2\/users\/733"}],"replies":[{"embeddable":true,"href":"https:\/\/ntnui.no\/enduro\/wp-json\/wp\/v2\/comments?post=910"}],"version-history":[{"count":7,"href":"https:\/\/ntnui.no\/enduro\/wp-json\/wp\/v2\/pages\/910\/revisions"}],"predecessor-version":[{"id":1598,"href":"https:\/\/ntnui.no\/enduro\/wp-json\/wp\/v2\/pages\/910\/revisions\/1598"}],"wp:attachment":[{"href":"https:\/\/ntnui.no\/enduro\/wp-json\/wp\/v2\/media?parent=910"}],"curies":[{"name":"wp","href":"https:\/\/api.w.org\/{rel}","templated":true}]}}