{"id":77,"date":"2022-09-13T08:28:46","date_gmt":"2022-09-13T08:28:46","guid":{"rendered":"https:\/\/ntnui.no\/enduro\/?page_id=77"},"modified":"2025-11-08T13:54:10","modified_gmt":"2025-11-08T13:54:10","slug":"shoppen","status":"publish","type":"page","link":"https:\/\/ntnui.no\/enduro\/shoppen\/","title":{"rendered":"Shoppen!"},"content":{"rendered":"\n<p>For \u00e5 kunne leie sykkel m\u00e5 du v\u00e6re meldt inn i NTNUI og medlem av NTNUI-Enduro. N\u00e5r du er meldt inn f\u00e5r du koden til verkstedet p\u00e5 Moholt p\u00e5 mail. Passordet for \u00e5 leie sykkel er det samme. Innmelding i NTNUI kan du gj\u00f8re <a href=\"https:\/\/ntnui.no\/enduro\/ny-medlem\/\"><strong>her<\/strong><\/a>.<\/p>\n\n\n\n<p>Mer informasjon om sykkelutleie finner du <a href=\"https:\/\/ntnui.no\/enduro\/sykkel-utleie\/\"><strong>her<\/strong><\/a>.<\/p>\n\n\n\n<p>Om du lurer p\u00e5 noe kan du sende en mail til Daniel G\u00e4ssl: <a href=\"mailto:daniel.gassl@ntnui.no\"><strong>daniel.gassl@ntnui.no<\/strong><\/a> eller kan du n\u00e5 han p\u00e5 tlf p\u00e5: <strong>+49 160 8475236<\/strong><\/p>\n\n\n\n<p><\/p>\n","protected":false},"excerpt":{"rendered":"<p>For \u00e5 kunne leie sykkel m\u00e5 du v\u00e6re meldt inn i NTNUI og medlem av NTNUI-Enduro. N\u00e5r du er meldt inn f\u00e5r du koden til verkstedet p\u00e5 Moholt p\u00e5 mail. [&hellip;]<\/p>\n","protected":false},"author":402,"featured_media":0,"parent":0,"menu_order":0,"comment_status":"closed","ping_status":"closed","template":"","meta":{"_coblocks_attr":"","_coblocks_dimensions":"","_coblocks_responsive_height":"","_coblocks_accordion_ie_support":"","_price":"","_stock":"","_tribe_ticket_header":"","_tribe_default_ticket_provider":"","_tribe_ticket_capacity":"0","_ticket_start_date":"","_ticket_end_date":"","_tribe_ticket_show_description":"","_tribe_ticket_show_not_going":false,"_tribe_ticket_use_global_stock":"","_tribe_ticket_global_stock_level":"","_global_stock_mode":"","_global_stock_cap":"","_tribe_rsvp_for_event":"","_tribe_ticket_going_count":"","_tribe_ticket_not_going_count":"","_tribe_tickets_list":[],"_tribe_ticket_has_attendee_info_fields":false,"_EventAllDay":false,"_EventTimezone":"","_EventStartDate":"","_EventEndDate":"","_EventStartDateUTC":"","_EventEndDateUTC":"","_EventShowMap":false,"_EventShowMapLink":false,"_EventURL":"","_EventCost":"","_EventCostDescription":"","_EventCurrencySymbol":"","_EventCurrencyPosition":"","_EventDateTimeSeparator":"","_EventTimeRangeSeparator":"","_EventOrganizerID":[],"_EventVenueID":0,"_OrganizerEmail":"","_OrganizerPhone":"","_OrganizerWebsite":"","_VenueAddress":"","_VenueCity":"","_VenueCountry":"","_VenueProvince":"","_VenueZip":"","_VenuePhone":"","_VenueURL":"","_VenueStateProvince":"","_VenueLat":"","_VenueLng":"","footnotes":""},"class_list":["post-77","page","type-page","status-publish","hentry"],"featured_image_src":null,"featured_image_src_square":null,"_links":{"self":[{"href":"https:\/\/ntnui.no\/enduro\/wp-json\/wp\/v2\/pages\/77","targetHints":{"allow":["GET"]}}],"collection":[{"href":"https:\/\/ntnui.no\/enduro\/wp-json\/wp\/v2\/pages"}],"about":[{"href":"https:\/\/ntnui.no\/enduro\/wp-json\/wp\/v2\/types\/page"}],"author":[{"embeddable":true,"href":"https:\/\/ntnui.no\/enduro\/wp-json\/wp\/v2\/users\/402"}],"replies":[{"embeddable":true,"href":"https:\/\/ntnui.no\/enduro\/wp-json\/wp\/v2\/comments?post=77"}],"version-history":[{"count":9,"href":"https:\/\/ntnui.no\/enduro\/wp-json\/wp\/v2\/pages\/77\/revisions"}],"predecessor-version":[{"id":1327,"href":"https:\/\/ntnui.no\/enduro\/wp-json\/wp\/v2\/pages\/77\/revisions\/1327"}],"wp:attachment":[{"href":"https:\/\/ntnui.no\/enduro\/wp-json\/wp\/v2\/media?parent=77"}],"curies":[{"name":"wp","href":"https:\/\/api.w.org\/{rel}","templated":true}]}}