{"id":194,"date":"2023-03-24T14:49:46","date_gmt":"2023-03-24T14:49:46","guid":{"rendered":"https:\/\/ntnui.no\/enduro\/?page_id=194"},"modified":"2026-04-14T15:39:04","modified_gmt":"2026-04-14T15:39:04","slug":"ritt","status":"publish","type":"page","link":"https:\/\/ntnui.no\/enduro\/ritt\/","title":{"rendered":"Ritt"},"content":{"rendered":"\n<p>Rittkalender finner du <strong><a href=\"https:\/\/sykling.no\/sykkelritt\/terminliste\/\">her.<\/a><\/strong><br><br>NTNUI Enduro deltar i flere av rittene som arrangeres i Norge. Uansett niv\u00e5 kan du pr\u00f8ve deg p\u00e5 Enduroritt sammen med NTNUI. De ulike rittene vi deltar p\u00e5 blir annonsert p\u00e5 facebookgruppa v\u00e5r. Har du noen sp\u00f8rsm\u00e5l ang\u00e5ende ritt er det bare \u00e5 ta kontakt med Simon Hoff p\u00e5 <strong><a href=\"mailto:simon.hoff@ntnui.no\">simon.hoff@ntnui.no<\/a><\/strong>.<\/p>\n\n\n\n<figure class=\"wp-block-image size-full\"><img loading=\"lazy\" decoding=\"async\" width=\"894\" height=\"439\" src=\"https:\/\/ntnui.no\/enduro\/wp-content\/uploads\/sites\/291\/2025\/10\/trysilenduro-1.png\" alt=\"\" class=\"wp-image-886\" style=\"border-radius: 2px;box-shadow: none !important\" \/><\/figure>\n\n\n\n<div class=\"wp-block-blockgallery-masonry\"><div class=\"blockgallery has-no-alignment has-border-radius-2 has-caption-style-dark has-gutter\"><ul class=\"has-grid-lrg has-gutter-10 has-gutter-mobile-15\"><li class=\"blockgallery--item\"><figure class=\"blockgallery--figure\"><img loading=\"lazy\" decoding=\"async\" width=\"1536\" height=\"1920\" src=\"https:\/\/ntnui.no\/enduro\/wp-content\/uploads\/sites\/291\/2022\/08\/D4S_3801.jpg\" alt=\"\" data-id=\"52\" data-link=\"https:\/\/ntnui.no\/enduro\/forside\/d4s_3801\/\" class=\"wp-image-52\" \/><\/figure><\/li><li class=\"blockgallery--item\"><figure class=\"blockgallery--figure\"><img loading=\"lazy\" decoding=\"async\" width=\"1536\" height=\"1920\" src=\"https:\/\/ntnui.no\/enduro\/wp-content\/uploads\/sites\/291\/2024\/04\/D4S_5392.jpg\" alt=\"\" data-id=\"455\" data-link=\"https:\/\/ntnui.no\/enduro\/ritt\/d4s_5392\/\" class=\"wp-image-455\" \/><\/figure><\/li><li class=\"blockgallery--item\"><figure class=\"blockgallery--figure\"><img loading=\"lazy\" decoding=\"async\" width=\"1536\" height=\"1920\" src=\"https:\/\/ntnui.no\/enduro\/wp-content\/uploads\/sites\/291\/2024\/04\/D4S_3200.jpg\" alt=\"\" data-id=\"456\" data-link=\"https:\/\/ntnui.no\/enduro\/ritt\/d4s_3200\/\" class=\"wp-image-456\" \/><\/figure><\/li><li class=\"blockgallery--item\"><figure class=\"blockgallery--figure\"><img loading=\"lazy\" decoding=\"async\" width=\"549\" height=\"822\" src=\"https:\/\/ntnui.no\/enduro\/wp-content\/uploads\/sites\/291\/2024\/04\/Skjermbilde-2024-04-28-154936.png\" alt=\"\" data-id=\"460\" data-link=\"https:\/\/ntnui.no\/enduro\/ritt\/skjermbilde-2024-04-28-154936\/\" class=\"wp-image-460\" \/><\/figure><\/li><li class=\"blockgallery--item\"><figure class=\"blockgallery--figure\"><img loading=\"lazy\" decoding=\"async\" width=\"1101\" height=\"710\" src=\"https:\/\/ntnui.no\/enduro\/wp-content\/uploads\/sites\/291\/2024\/04\/Skjermbilde-2024-04-28-155028.png\" alt=\"\" data-id=\"459\" data-link=\"https:\/\/ntnui.no\/enduro\/ritt\/skjermbilde-2024-04-28-155028\/\" class=\"wp-image-459\" \/><\/figure><\/li><li class=\"blockgallery--item\"><figure class=\"blockgallery--figure\"><img loading=\"lazy\" decoding=\"async\" width=\"454\" height=\"652\" src=\"https:\/\/ntnui.no\/enduro\/wp-content\/uploads\/sites\/291\/2024\/04\/Skjermbilde-2024-04-28-155014.png\" alt=\"\" data-id=\"458\" data-link=\"https:\/\/ntnui.no\/enduro\/ritt\/skjermbilde-2024-04-28-155014\/\" class=\"wp-image-458\" \/><\/figure><\/li><li class=\"blockgallery--item\"><figure class=\"blockgallery--figure\"><img loading=\"lazy\" decoding=\"async\" width=\"454\" height=\"720\" src=\"https:\/\/ntnui.no\/enduro\/wp-content\/uploads\/sites\/291\/2024\/04\/Skjermbilde-2024-04-28-154958.png\" alt=\"\" data-id=\"457\" data-link=\"https:\/\/ntnui.no\/enduro\/ritt\/skjermbilde-2024-04-28-154958\/\" class=\"wp-image-457\" \/><\/figure><\/li><\/ul><\/div><\/div>\n","protected":false},"excerpt":{"rendered":"<p>Rittkalender finner du her. NTNUI Enduro deltar i flere av rittene som arrangeres i Norge. Uansett niv\u00e5 kan du pr\u00f8ve deg p\u00e5 Enduroritt sammen med NTNUI. De ulike rittene vi [&hellip;]<\/p>\n","protected":false},"author":402,"featured_media":0,"parent":0,"menu_order":0,"comment_status":"closed","ping_status":"closed","template":"","meta":{"_coblocks_attr":"","_coblocks_dimensions":"","_coblocks_responsive_height":"","_coblocks_accordion_ie_support":"","_price":"","_stock":"","_tribe_ticket_header":"","_tribe_default_ticket_provider":"","_tribe_ticket_capacity":"0","_ticket_start_date":"","_ticket_end_date":"","_tribe_ticket_show_description":"","_tribe_ticket_show_not_going":false,"_tribe_ticket_use_global_stock":"","_tribe_ticket_global_stock_level":"","_global_stock_mode":"","_global_stock_cap":"","_tribe_rsvp_for_event":"","_tribe_ticket_going_count":"","_tribe_ticket_not_going_count":"","_tribe_tickets_list":[],"_tribe_ticket_has_attendee_info_fields":false,"_EventAllDay":false,"_EventTimezone":"","_EventStartDate":"","_EventEndDate":"","_EventStartDateUTC":"","_EventEndDateUTC":"","_EventShowMap":false,"_EventShowMapLink":false,"_EventURL":"","_EventCost":"","_EventCostDescription":"","_EventCurrencySymbol":"","_EventCurrencyPosition":"","_EventDateTimeSeparator":"","_EventTimeRangeSeparator":"","_EventOrganizerID":[],"_EventVenueID":0,"_OrganizerEmail":"","_OrganizerPhone":"","_OrganizerWebsite":"","_VenueAddress":"","_VenueCity":"","_VenueCountry":"","_VenueProvince":"","_VenueZip":"","_VenuePhone":"","_VenueURL":"","_VenueStateProvince":"","_VenueLat":"","_VenueLng":"","footnotes":""},"class_list":["post-194","page","type-page","status-publish","hentry"],"featured_image_src":null,"featured_image_src_square":null,"_links":{"self":[{"href":"https:\/\/ntnui.no\/enduro\/wp-json\/wp\/v2\/pages\/194","targetHints":{"allow":["GET"]}}],"collection":[{"href":"https:\/\/ntnui.no\/enduro\/wp-json\/wp\/v2\/pages"}],"about":[{"href":"https:\/\/ntnui.no\/enduro\/wp-json\/wp\/v2\/types\/page"}],"author":[{"embeddable":true,"href":"https:\/\/ntnui.no\/enduro\/wp-json\/wp\/v2\/users\/402"}],"replies":[{"embeddable":true,"href":"https:\/\/ntnui.no\/enduro\/wp-json\/wp\/v2\/comments?post=194"}],"version-history":[{"count":18,"href":"https:\/\/ntnui.no\/enduro\/wp-json\/wp\/v2\/pages\/194\/revisions"}],"predecessor-version":[{"id":1679,"href":"https:\/\/ntnui.no\/enduro\/wp-json\/wp\/v2\/pages\/194\/revisions\/1679"}],"wp:attachment":[{"href":"https:\/\/ntnui.no\/enduro\/wp-json\/wp\/v2\/media?parent=194"}],"curies":[{"name":"wp","href":"https:\/\/api.w.org\/{rel}","templated":true}]}}