{"id":1654,"date":"2026-04-14T11:20:50","date_gmt":"2026-04-14T11:20:50","guid":{"rendered":"https:\/\/ntnui.no\/enduro\/?page_id=1654"},"modified":"2026-04-14T11:21:46","modified_gmt":"2026-04-14T11:21:46","slug":"trenerkomite","status":"publish","type":"page","link":"https:\/\/ntnui.no\/enduro\/trenerkomite\/","title":{"rendered":"Trenerkomit\u00e9"},"content":{"rendered":"\n<h2 class=\"wp-block-heading\">Trenerkomit\u00e9<\/h2>\n\n\n<p>NTNUI Enduro har en trenerkomit\u00e9 som organiserer fellesturer og felles trenings\u00f8kter gjennom hele sesongen. Trenerne v\u00e5re leder turer for alle niv\u00e5er, uansett hvor du er i terrengsykkelreisen din, er det plass til deg.<\/p>\n\n\n<h3 class=\"wp-block-heading\">Vil du bli trener?<\/h3>\n\n\n<p>Vi ser alltid etter nye trenere som vil bli en del av laget! Som trener blir du med i trenerkomiteen og leder fellesturer med gruppa. Vi vil ogs\u00e5 legge til rette for andre fellestreninger ved interesse.<\/p>\n\n\n<p>Ingen formell erfaring kreves, lidenskap for terrengsykling er alt du trenger.<\/p>\n\n\n<p>Send en e-post til <a href=\"mailto:simon.hoff@ntnui.no\"><strong>simon.hoff@ntnui.no<\/strong><\/a> med en kort presentasjon av deg selv og eventuell tidligere erfaring med terrengsykling eller treneransvar (helt valgfritt!), s\u00e5 tar Simon kontakt.<\/p>\n","protected":false},"excerpt":{"rendered":"<p>Trenerkomit\u00e9 NTNUI Enduro har en trenerkomit\u00e9 som organiserer fellesturer og felles trenings\u00f8kter gjennom hele sesongen. Trenerne v\u00e5re leder turer for alle niv\u00e5er, uansett hvor du er i terrengsykkelreisen din, er [&hellip;]<\/p>\n","protected":false},"author":733,"featured_media":0,"parent":0,"menu_order":0,"comment_status":"closed","ping_status":"closed","template":"","meta":{"_coblocks_attr":"","_coblocks_dimensions":"","_coblocks_responsive_height":"","_coblocks_accordion_ie_support":"","_price":"","_stock":"","_tribe_ticket_header":"","_tribe_default_ticket_provider":"","_tribe_ticket_capacity":"0","_ticket_start_date":"","_ticket_end_date":"","_tribe_ticket_show_description":"","_tribe_ticket_show_not_going":false,"_tribe_ticket_use_global_stock":"","_tribe_ticket_global_stock_level":"","_global_stock_mode":"","_global_stock_cap":"","_tribe_rsvp_for_event":"","_tribe_ticket_going_count":"","_tribe_ticket_not_going_count":"","_tribe_tickets_list":[],"_tribe_ticket_has_attendee_info_fields":false,"_EventAllDay":false,"_EventTimezone":"","_EventStartDate":"","_EventEndDate":"","_EventStartDateUTC":"","_EventEndDateUTC":"","_EventShowMap":false,"_EventShowMapLink":false,"_EventURL":"","_EventCost":"","_EventCostDescription":"","_EventCurrencySymbol":"","_EventCurrencyPosition":"","_EventDateTimeSeparator":"","_EventTimeRangeSeparator":"","_EventOrganizerID":[],"_EventVenueID":0,"_OrganizerEmail":"","_OrganizerPhone":"","_OrganizerWebsite":"","_VenueAddress":"","_VenueCity":"","_VenueCountry":"","_VenueProvince":"","_VenueZip":"","_VenuePhone":"","_VenueURL":"","_VenueStateProvince":"","_VenueLat":"","_VenueLng":"","footnotes":""},"class_list":["post-1654","page","type-page","status-publish","hentry"],"featured_image_src":null,"featured_image_src_square":null,"_links":{"self":[{"href":"https:\/\/ntnui.no\/enduro\/wp-json\/wp\/v2\/pages\/1654","targetHints":{"allow":["GET"]}}],"collection":[{"href":"https:\/\/ntnui.no\/enduro\/wp-json\/wp\/v2\/pages"}],"about":[{"href":"https:\/\/ntnui.no\/enduro\/wp-json\/wp\/v2\/types\/page"}],"author":[{"embeddable":true,"href":"https:\/\/ntnui.no\/enduro\/wp-json\/wp\/v2\/users\/733"}],"replies":[{"embeddable":true,"href":"https:\/\/ntnui.no\/enduro\/wp-json\/wp\/v2\/comments?post=1654"}],"version-history":[{"count":2,"href":"https:\/\/ntnui.no\/enduro\/wp-json\/wp\/v2\/pages\/1654\/revisions"}],"predecessor-version":[{"id":1657,"href":"https:\/\/ntnui.no\/enduro\/wp-json\/wp\/v2\/pages\/1654\/revisions\/1657"}],"wp:attachment":[{"href":"https:\/\/ntnui.no\/enduro\/wp-json\/wp\/v2\/media?parent=1654"}],"curies":[{"name":"wp","href":"https:\/\/api.w.org\/{rel}","templated":true}]}}