{"id":11,"date":"2019-01-10T17:36:42","date_gmt":"2019-01-10T17:36:42","guid":{"rendered":"https:\/\/ntnui.no\/enduro2\/?page_id=11"},"modified":"2026-04-10T20:58:57","modified_gmt":"2026-04-10T20:58:57","slug":"styret","status":"publish","type":"page","link":"https:\/\/ntnui.no\/enduro\/styret\/","title":{"rendered":"Styret"},"content":{"rendered":"\n<div class=\"wp-block-columns is-layout-flex wp-container-core-columns-is-layout-1 wp-block-columns-is-layout-flex\">\n<div class=\"wp-block-column is-layout-flow wp-block-column-is-layout-flow\">\n<figure class=\"wp-block-image size-full\"><img decoding=\"async\" src=\"https:\/\/ntnui.no\/enduro\/wp-content\/uploads\/sites\/291\/2025\/11\/marius-opland.jpg\" alt=\"\" class=\"wp-image-886\" style=\"border-radius: 2px;box-shadow: none !important\" \/><\/figure>\n<\/div>\n\n\n\n<div class=\"wp-block-column is-layout-flow wp-block-column-is-layout-flow\">\n<p style=\"font-size:35px\"><strong>Leder &amp; Merch og sponsoransvarlig<\/strong><\/p>\n\n\n\n<p>Marius Opland<br><strong><a href=\"mailto:marius.opland@ntnui.no\">marius.opland@ntnui.no<\/a><\/strong><\/p>\n\n\n\n<p><strong>Litt om styrestillingen:<\/strong> Prater med sponsorer og ordner nye deals. Bestiller inn merch og klubbt\u00f8y!<\/p>\n\n\n\n<p><strong>Favoritt sykkesti:<\/strong> Stakkalryggen i Lia\u00e5sen!<\/p>\n\n\n\n<p><strong>Beste enduro-tips:<\/strong> Ikke g\u00e5 over styret.<\/p>\n<\/div>\n<\/div>\n\n\n\n<div class=\"wp-block-columns is-layout-flex wp-container-core-columns-is-layout-2 wp-block-columns-is-layout-flex\">\n<div class=\"wp-block-column is-layout-flow wp-block-column-is-layout-flow\">\n<figure class=\"wp-block-image size-full\"><img decoding=\"async\" src=\"https:\/\/ntnui.no\/enduro\/wp-content\/uploads\/sites\/291\/2025\/11\/erlend-ruud-1.jpg\" alt=\"\" class=\"wp-image-886\" style=\"border-radius: 2px;box-shadow: none !important\" \/><\/figure>\n<\/div>\n\n\n\n<div class=\"wp-block-column is-layout-flow wp-block-column-is-layout-flow\">\n<p style=\"font-size:35px\"><strong>Nestleder<\/strong><\/p>\n\n\n\n<p>Erlend Ruud<br><strong><a href=\"mailto:erlend.ruud@ntnui.no\">erlend.ruud@ntnui.no<\/a><\/strong><\/p>\n\n\n\n<p><strong>Litt om styrestillingen:<\/strong> Styrets potet! Hjelper lederen med \u00e5 holde oversikt over gruppen, bidrar der det trengs og planlegger turene.<\/p>\n\n\n\n<p><strong>Favoritt sykkesti:<\/strong> Stiene ned fra Baugsberget i Alvdal.<\/p>\n\n\n\n<p><strong>Beste enduro-tips:<\/strong> Litt kald p\u00e5 vei til skogen blir perfekt temp n\u00e5r du er i gang.<\/p>\n<\/div>\n<\/div>\n\n\n\n<div class=\"wp-block-columns is-layout-flex wp-container-core-columns-is-layout-3 wp-block-columns-is-layout-flex\">\n<div class=\"wp-block-column is-layout-flow wp-block-column-is-layout-flow\">\n<figure class=\"wp-block-image size-full\"><img decoding=\"async\" src=\"https:\/\/ntnui.no\/enduro\/wp-content\/uploads\/sites\/291\/2025\/11\/fredrik-rishaug-1.jpg\" alt=\"\" class=\"wp-image-886\" style=\"border-radius: 2px;box-shadow: none !important\" \/><\/figure>\n<\/div>\n\n\n\n<div class=\"wp-block-column is-layout-flow wp-block-column-is-layout-flow\">\n<p style=\"font-size:35px\"><strong>Sosialansvarlig<\/strong><\/p>\n\n\n\n<p>Fredrik William Rishaug<br><strong><a href=\"mailto:fredrik.rishaug@ntnui.no\">fredrik.rishaug@ntnui.no<\/a><\/strong><\/p>\n\n\n\n<p><strong>Litt om styrestillingen:<\/strong> Arrangerer enduro-pils og andre sosiale happenings, samt kj\u00f8re quiz p\u00e5 tur \ud83d\ude42<\/p>\n\n\n\n<p><strong>Favoritt sykkesti:<\/strong> Alle flytstier i n\u00e6rheten av Sogndal!<\/p>\n\n\n\n<p><strong>Beste enduro-tips:<\/strong> Sterk saft i flaska for ekstra energi \ud83d\ude09<\/p>\n<\/div>\n<\/div>\n\n\n\n<div class=\"wp-block-columns is-layout-flex wp-container-core-columns-is-layout-4 wp-block-columns-is-layout-flex\">\n<div class=\"wp-block-column is-layout-flow wp-block-column-is-layout-flow\">\n<figure class=\"wp-block-image size-full\"><img decoding=\"async\" src=\"https:\/\/ntnui.no\/enduro\/wp-content\/uploads\/sites\/291\/2025\/11\/eskil-erichsen-1.png\" alt=\"\" class=\"wp-image-886\" style=\"border-radius: 2px;box-shadow: none !important\" \/><\/figure>\n<\/div>\n\n\n\n<div class=\"wp-block-column is-layout-flow wp-block-column-is-layout-flow\">\n<p style=\"font-size:35px\"><strong>Bl\u00e6stesjef<\/strong><\/p>\n\n\n\n<p>Eskil Erichsen<br><strong><a href=\"mailto:eskil.erichsen@ntnui.no\">eskil.erichsen@ntnui.no<\/a><\/strong><\/p>\n\n\n\n<p><strong>Litt om styrestillingen:<\/strong> Tar video og foto p\u00e5 tur, og er ansvarlig for SoMe-kontoene til NTNUI Enduro &amp; Stisykling.<\/p>\n\n\n\n<p><strong>Favoritt sykkesti:<\/strong> Ned Vorfjellet i Luster.<\/p>\n\n\n\n<p><strong>Beste enduro-tips:<\/strong> Ta med snacks p\u00e5 sykling \ud83d\ude42<\/p>\n<\/div>\n<\/div>\n\n\n\n<div class=\"wp-block-columns is-layout-flex wp-container-core-columns-is-layout-5 wp-block-columns-is-layout-flex\">\n<div class=\"wp-block-column is-layout-flow wp-block-column-is-layout-flow\">\n<figure class=\"wp-block-image size-full\"><img decoding=\"async\" src=\"https:\/\/ntnui.no\/enduro\/wp-content\/uploads\/sites\/291\/2025\/10\/enduro_2.jpg\" alt=\"\" class=\"wp-image-886\" style=\"border-radius: 2px;box-shadow: none !important\" \/><\/figure>\n<\/div>\n\n\n\n<div class=\"wp-block-column is-layout-flow wp-block-column-is-layout-flow\">\n<p style=\"font-size:35px\"><strong>Utfluktsansvarlig<\/strong><\/p>\n\n\n\n<p>Trine Dahl<br><strong><a href=\"mailto:epost@ntnui.no\">epost@ntnui.no<\/a><\/strong><\/p>\n\n\n\n<p><strong>Litt om styrestillingen:<\/strong> <\/p>\n\n\n\n<p><strong>Favoritt sykkesti:<\/strong> <\/p>\n\n\n\n<p><strong>Beste enduro-tips:<\/strong> <\/p>\n<\/div>\n<\/div>\n\n\n\n<div class=\"wp-block-columns is-layout-flex wp-container-core-columns-is-layout-6 wp-block-columns-is-layout-flex\">\n<div class=\"wp-block-column is-layout-flow wp-block-column-is-layout-flow\">\n<figure class=\"wp-block-image size-full\"><img decoding=\"async\" src=\"https:\/\/ntnui.no\/enduro\/wp-content\/uploads\/sites\/291\/2025\/11\/tarjei-braut.jpg\" alt=\"\" class=\"wp-image-886\" style=\"border-radius: 2px;box-shadow: none !important\" \/><\/figure>\n<\/div>\n\n\n\n<div class=\"wp-block-column is-layout-flow wp-block-column-is-layout-flow\">\n<p style=\"font-size:35px\"><strong>\u00d8konomiansvarlig<\/strong><\/p>\n\n\n\n<p>Tarjei Nordb\u00f8 Braut<br><strong><a href=\"mailto:tarjei.braut@ntnui.no\">tarjei.braut@ntnui.no<\/a><\/strong><\/p>\n\n\n\n<p><strong>Litt om styrestillingen:<\/strong> Holder oversikt over \u00f8konomien. S\u00f8rger for \u00e5 f\u00e5 st\u00f8tte fra HS for \u00e5 muliggj\u00f8re turer!<\/p>\n\n\n\n<p><strong>Favoritt sykkesti:<\/strong> Boondocker og Revelstoke.<\/p>\n\n\n\n<p><strong>Beste enduro-tips:<\/strong> Kom deg ut! Man angrer aldri p\u00e5 \u00e5 g\u00e5 d\u00f8rstokkmila.<\/p>\n<\/div>\n<\/div>\n\n\n\n<div class=\"wp-block-columns is-layout-flex wp-container-core-columns-is-layout-7 wp-block-columns-is-layout-flex\">\n<div class=\"wp-block-column is-layout-flow wp-block-column-is-layout-flow\">\n<figure class=\"wp-block-image size-full\"><img decoding=\"async\" src=\"https:\/\/ntnui.no\/enduro\/wp-content\/uploads\/sites\/291\/2025\/10\/enduro_2.jpg\" alt=\"\" class=\"wp-image-886\" style=\"border-radius: 2px;box-shadow: none !important\" \/><\/figure>\n<\/div>\n\n\n\n<div class=\"wp-block-column is-layout-flow wp-block-column-is-layout-flow\">\n<p style=\"font-size:35px\"><strong>Rittmester<\/strong><\/p>\n\n\n\n<p>Simon Andreas Hoff<br><strong><a href=\"mailto:epost@ntnui.no\">epost@ntnui.no<\/a><\/strong><\/p>\n\n\n\n<p><strong>Litt om styrestillingen:<\/strong> <\/p>\n\n\n\n<p><strong>Favoritt sykkesti:<\/strong> <\/p>\n\n\n\n<p><strong>Beste enduro-tips:<\/strong> <\/p>\n<\/div>\n<\/div>\n\n\n\n<div class=\"wp-block-columns is-layout-flex wp-container-core-columns-is-layout-8 wp-block-columns-is-layout-flex\">\n<div class=\"wp-block-column is-layout-flow wp-block-column-is-layout-flow\">\n<figure class=\"wp-block-image size-full\"><img decoding=\"async\" src=\"https:\/\/ntnui.no\/enduro\/wp-content\/uploads\/sites\/291\/2025\/11\/daniel-gaessl.jpg\" alt=\"\" class=\"wp-image-886\" style=\"border-radius: 2px;box-shadow: none !important\" \/><\/figure>\n<\/div>\n\n\n\n<div class=\"wp-block-column is-layout-flow wp-block-column-is-layout-flow\">\n<p style=\"font-size:35px\"><strong>Skogvokter<\/strong><\/p>\n\n\n\n<p>Daniel G\u00e4ssl<br><strong><a href=\"mailto:daniel.gaessl@ntnui.no\">daniel.gaessl@ntnui.no<\/a><\/strong><\/p>\n\n\n\n<p><strong>Litt om styrestillingen:<\/strong> Holder orden p\u00e5 verkstedet og nettsiden. Bestiller verkt\u00f8y ved behov, og organiserer\/koordinerer frivillig arbeid.<\/p>\n\n\n\n<p><strong>Favoritt sykkesti:<\/strong> DH Men i Finale Ligure. Masse morsomme linjevalg og fantastisk utsikt over kysten.<\/p>\n\n\n\n<p><strong>Beste enduro-tips:<\/strong> Buy once, cry once.<\/p>\n<\/div>\n<\/div>\n","protected":false},"excerpt":{"rendered":"<p>Leder &amp; Merch og sponsoransvarlig Marius Oplandmarius.opland@ntnui.no Litt om styrestillingen: Prater med sponsorer og ordner nye deals. Bestiller inn merch og klubbt\u00f8y! Favoritt sykkesti: Stakkalryggen i Lia\u00e5sen! Beste enduro-tips: Ikke [&hellip;]<\/p>\n","protected":false},"author":7,"featured_media":0,"parent":0,"menu_order":0,"comment_status":"closed","ping_status":"closed","template":"","meta":{"_coblocks_attr":"","_coblocks_dimensions":"","_coblocks_responsive_height":"","_coblocks_accordion_ie_support":"","_price":"","_stock":"","_tribe_ticket_header":"","_tribe_default_ticket_provider":"","_tribe_ticket_capacity":"0","_ticket_start_date":"","_ticket_end_date":"","_tribe_ticket_show_description":"","_tribe_ticket_show_not_going":false,"_tribe_ticket_use_global_stock":"","_tribe_ticket_global_stock_level":"","_global_stock_mode":"","_global_stock_cap":"","_tribe_rsvp_for_event":"","_tribe_ticket_going_count":"","_tribe_ticket_not_going_count":"","_tribe_tickets_list":[],"_tribe_ticket_has_attendee_info_fields":false,"_EventAllDay":false,"_EventTimezone":"","_EventStartDate":"","_EventEndDate":"","_EventStartDateUTC":"","_EventEndDateUTC":"","_EventShowMap":false,"_EventShowMapLink":false,"_EventURL":"","_EventCost":"","_EventCostDescription":"","_EventCurrencySymbol":"","_EventCurrencyPosition":"","_EventDateTimeSeparator":"","_EventTimeRangeSeparator":"","_EventOrganizerID":[],"_EventVenueID":0,"_OrganizerEmail":"","_OrganizerPhone":"","_OrganizerWebsite":"","_VenueAddress":"","_VenueCity":"","_VenueCountry":"","_VenueProvince":"","_VenueZip":"","_VenuePhone":"","_VenueURL":"","_VenueStateProvince":"","_VenueLat":"","_VenueLng":"","footnotes":""},"class_list":["post-11","page","type-page","status-publish","hentry"],"featured_image_src":null,"featured_image_src_square":null,"_links":{"self":[{"href":"https:\/\/ntnui.no\/enduro\/wp-json\/wp\/v2\/pages\/11","targetHints":{"allow":["GET"]}}],"collection":[{"href":"https:\/\/ntnui.no\/enduro\/wp-json\/wp\/v2\/pages"}],"about":[{"href":"https:\/\/ntnui.no\/enduro\/wp-json\/wp\/v2\/types\/page"}],"author":[{"embeddable":true,"href":"https:\/\/ntnui.no\/enduro\/wp-json\/wp\/v2\/users\/7"}],"replies":[{"embeddable":true,"href":"https:\/\/ntnui.no\/enduro\/wp-json\/wp\/v2\/comments?post=11"}],"version-history":[{"count":29,"href":"https:\/\/ntnui.no\/enduro\/wp-json\/wp\/v2\/pages\/11\/revisions"}],"predecessor-version":[{"id":1590,"href":"https:\/\/ntnui.no\/enduro\/wp-json\/wp\/v2\/pages\/11\/revisions\/1590"}],"wp:attachment":[{"href":"https:\/\/ntnui.no\/enduro\/wp-json\/wp\/v2\/media?parent=11"}],"curies":[{"name":"wp","href":"https:\/\/api.w.org\/{rel}","templated":true}]}}