{"id":1062,"date":"2025-10-07T09:00:57","date_gmt":"2025-10-07T09:00:57","guid":{"rendered":"https:\/\/ntnui.no\/enduro\/?page_id=1062"},"modified":"2025-11-08T13:38:02","modified_gmt":"2025-11-08T13:38:02","slug":"sykkel-utleie","status":"publish","type":"page","link":"https:\/\/ntnui.no\/enduro\/sykkel-utleie\/","title":{"rendered":"Hvordan leie sykkel"},"content":{"rendered":"\n<p>Vil du suse gjennom Trondheims skoger med en flott gjeng, men mangler sykkel? Her er l\u00f8sningen: lei en fra NTNUI Enduro! Du kan leie p\u00e5 hverdager eller for en hel helg.<\/p>\n\n\n\n<h2 class=\"wp-block-heading\">St\u00f8rrelsesguide<\/h2>\n\n\n\n<ul class=\"wp-block-list\">\n<li>Under 168 cm: St\u00f8rrelse S<\/li>\n\n\n\n<li>168\u2013178 cm: St\u00f8rrelse M<\/li>\n\n\n\n<li>178 cm og over: St\u00f8rrelse L<\/li>\n<\/ul>\n\n\n\n<p>Vi har tre utleiesykler: to gr\u00f8nne og en hvit\/svart. S er hvit\/svart, mens M og L er gr\u00f8nne. Vennligst s\u00f8rg for at du tar riktig st\u00f8rrelse.<\/p>\n\n\n\n<h2 class=\"wp-block-heading\">Vilk\u00e5r og ansvar<\/h2>\n\n\n\n<ul class=\"wp-block-list\">\n<li>Du er ansvarlig for sykkelen gjennom hele leieperioden n\u00e5r den ikke er l\u00e5st inne i verkstedet. Alle deler som g\u00e5r i stykker m\u00e5 erstattes.<\/li>\n\n\n\n<li>Sykkelen m\u00e5 leveres tilbake minst like ren som da du hentet den.<\/li>\n\n\n\n<li>Hvis noe g\u00e5r i stykker, send en e-post slik at vi kan fikse det f\u00f8r noen andre bruker sykkelen og potensielt skader seg.<\/li>\n\n\n\n<li>Alle som sykler i skogen uten hjelm tar et d\u00e5rlig valg.<\/li>\n\n\n\n<li>Ta med reserveslange i tilfelle punktering.<\/li>\n\n\n\n<li>Mat, vann, kl\u00e6r og andre nyttige ting anbefales for turen din.<\/li>\n\n\n\n<li>Husk \u00e5 ha det g\u00f8y!<\/li>\n<\/ul>\n\n\n\n<p>Trenger du en vaskeguide? <a href=\"#bike-wash\">Klikk her for sykkelvask-instruksjoner<\/a>.<\/p>\n\n\n\n<h2 class=\"wp-block-heading\">Booking og henting<\/h2>\n\n\n\n<p>V\u00e5r utleie er selvbetjent. Etter at du har fullf\u00f8rt betalingen, vil du motta en e-post med instruksjoner for tilgang til verkstedet og oppl\u00e5sing av sykkelen. Denne e-posten inneholder kodene som trengs for \u00e5 komme inn og l\u00e5se opp sykkelen.<\/p>\n\n\n\n<p>Syklene oppbevares i v\u00e5rt felles verksted p\u00e5 Moholt med NTNUI Triathlon.<\/p>\n\n<figure class=\"wp-block-image size-full\" style=\"display: block;width: 320px;margin: 0 auto\">\n  <img decoding=\"async\" src=\"https:\/\/ntnui.no\/enduro\/wp-content\/uploads\/sites\/291\/2025\/10\/verksted.jpg\" alt=\"\" class=\"wp-image-886\" style=\"width: 320px;height: auto;border-radius: 2px;box-shadow: none !important\" \/>\n<\/figure>\n\n<p>Adresse: Herman Krags veg 37.<\/p>\n\n\n\n<h2 class=\"wp-block-heading\" id=\"bike-wash\">S\u00e5nn vasker du sykkel 101<\/h2>\n\n\n\n<div data-wp-interactive=\"core\/file\" class=\"wp-block-file\"><object data-wp-bind--hidden=\"!state.hasPdfPreview\" hidden class=\"wp-block-file__embed\" data=\"https:\/\/ntnui.no\/enduro\/wp-content\/uploads\/sites\/291\/2025\/10\/how-to-sykkelvask-101.pdf\" type=\"application\/pdf\" style=\"width:100%;height:600px\" aria-label=\"Embed of how-to-sykkelvask-101.\"><\/object><a id=\"wp-block-file--media-9d7b26f9-ae36-4ca8-bbd4-12b5cf18b780\" href=\"https:\/\/ntnui.no\/enduro\/wp-content\/uploads\/sites\/291\/2025\/10\/how-to-sykkelvask-101.pdf\">how-to-sykkelvask-101<\/a><a href=\"https:\/\/ntnui.no\/enduro\/wp-content\/uploads\/sites\/291\/2025\/10\/how-to-sykkelvask-101.pdf\" class=\"wp-block-file__button wp-element-button\" download aria-describedby=\"wp-block-file--media-9d7b26f9-ae36-4ca8-bbd4-12b5cf18b780\">Last ned<\/a><\/div>\n\n\n\n<h2 class=\"wp-block-heading\">Kontakt<\/h2>\n\n\n\n<p>Sp\u00f8rsm\u00e5l eller problemer med utleien? Kontakt v\u00e5r skogvokter Daniel: <strong><a href=\"mailto:daniel.gassl@ntnui.no\">daniel.gassl@ntnui.no<\/a><\/strong>.<\/p>\n","protected":false},"excerpt":{"rendered":"<p>Vil du suse gjennom Trondheims skoger med en flott gjeng, men mangler sykkel? Her er l\u00f8sningen: lei en fra NTNUI Enduro! Du kan leie p\u00e5 hverdager eller for en hel [&hellip;]<\/p>\n","protected":false},"author":733,"featured_media":0,"parent":0,"menu_order":0,"comment_status":"closed","ping_status":"closed","template":"","meta":{"_coblocks_attr":"","_coblocks_dimensions":"","_coblocks_responsive_height":"","_coblocks_accordion_ie_support":"","_price":"","_stock":"","_tribe_ticket_header":"","_tribe_default_ticket_provider":"","_tribe_ticket_capacity":"0","_ticket_start_date":"","_ticket_end_date":"","_tribe_ticket_show_description":"","_tribe_ticket_show_not_going":false,"_tribe_ticket_use_global_stock":"","_tribe_ticket_global_stock_level":"","_global_stock_mode":"","_global_stock_cap":"","_tribe_rsvp_for_event":"","_tribe_ticket_going_count":"","_tribe_ticket_not_going_count":"","_tribe_tickets_list":[],"_tribe_ticket_has_attendee_info_fields":false,"_EventAllDay":false,"_EventTimezone":"","_EventStartDate":"","_EventEndDate":"","_EventStartDateUTC":"","_EventEndDateUTC":"","_EventShowMap":false,"_EventShowMapLink":false,"_EventURL":"","_EventCost":"","_EventCostDescription":"","_EventCurrencySymbol":"","_EventCurrencyPosition":"","_EventDateTimeSeparator":"","_EventTimeRangeSeparator":"","_EventOrganizerID":[],"_EventVenueID":0,"_OrganizerEmail":"","_OrganizerPhone":"","_OrganizerWebsite":"","_VenueAddress":"","_VenueCity":"","_VenueCountry":"","_VenueProvince":"","_VenueZip":"","_VenuePhone":"","_VenueURL":"","_VenueStateProvince":"","_VenueLat":"","_VenueLng":"","footnotes":""},"class_list":["post-1062","page","type-page","status-publish","hentry"],"featured_image_src":null,"featured_image_src_square":null,"_links":{"self":[{"href":"https:\/\/ntnui.no\/enduro\/wp-json\/wp\/v2\/pages\/1062","targetHints":{"allow":["GET"]}}],"collection":[{"href":"https:\/\/ntnui.no\/enduro\/wp-json\/wp\/v2\/pages"}],"about":[{"href":"https:\/\/ntnui.no\/enduro\/wp-json\/wp\/v2\/types\/page"}],"author":[{"embeddable":true,"href":"https:\/\/ntnui.no\/enduro\/wp-json\/wp\/v2\/users\/733"}],"replies":[{"embeddable":true,"href":"https:\/\/ntnui.no\/enduro\/wp-json\/wp\/v2\/comments?post=1062"}],"version-history":[{"count":4,"href":"https:\/\/ntnui.no\/enduro\/wp-json\/wp\/v2\/pages\/1062\/revisions"}],"predecessor-version":[{"id":1315,"href":"https:\/\/ntnui.no\/enduro\/wp-json\/wp\/v2\/pages\/1062\/revisions\/1315"}],"wp:attachment":[{"href":"https:\/\/ntnui.no\/enduro\/wp-json\/wp\/v2\/media?parent=1062"}],"curies":[{"name":"wp","href":"https:\/\/api.w.org\/{rel}","templated":true}]}}