{"id":1059,"date":"2025-10-07T09:00:24","date_gmt":"2025-10-07T09:00:24","guid":{"rendered":"https:\/\/ntnui.no\/enduro\/?page_id=1059"},"modified":"2025-11-09T19:09:36","modified_gmt":"2025-11-09T19:09:36","slug":"ny-medlem","status":"publish","type":"page","link":"https:\/\/ntnui.no\/enduro\/ny-medlem\/","title":{"rendered":"Hvordan bli medlem"},"content":{"rendered":"\n<p>Du kan bli med i NTNUI Enduro ved \u00e5 f\u00f8lge disse enkle stegene!<\/p>\n\n\n\n<h2 class=\"wp-block-heading\">1) Bli medlem av NTNUI<\/h2>\n\n\n\n<p>Du m\u00e5 v\u00e6re medlem av NTNUI f\u00f8r du kan bli med i Enduro-gruppen.<\/p>\n\n\n\n<div class=\"wp-block-buttons is-layout-flex wp-block-buttons-is-layout-flex\" style=\"justify-content:center\"><div class=\"wp-block-button\"><a class=\"wp-block-button__link\" href=\"https:\/\/ntnui.no\/medlem\" target=\"_blank\" rel=\"noopener\">Bli medlem av NTNUI<\/a><\/div><\/div>\n\n\n\n<h2 class=\"wp-block-heading\">2) Bli med i NTNUI Enduro<\/h2>\n\n\n\n<p>N\u00e5r du har blitt NTNUI-medlem, registrer deg for Enduro-gruppen via NTNUI Medlem.<\/p>\n\n\n\n<div class=\"wp-block-buttons is-layout-flex wp-block-buttons-is-layout-flex\" style=\"justify-content:center\"><div class=\"wp-block-button\"><a class=\"wp-block-button__link\" href=\"https:\/\/medlem.ntnui.no\/groups\/enduro\/\" target=\"_blank\" rel=\"noopener\">Registrer deg for NTNUI Enduro<\/a><\/div><\/div>\n\n\n\n<h2 class=\"wp-block-heading\">3) Bli med i v\u00e5re Facebook-grupper<\/h2>\n\n\n\n<p>Vi legger ut relevant informasjon om arrangementer og treninger p\u00e5 Facebook.<\/p>\n\n\n\n<div class=\"wp-block-buttons is-layout-flex wp-block-buttons-is-layout-flex\" style=\"justify-content:center\"><div class=\"wp-block-button\"><a class=\"wp-block-button__link\" href=\"https:\/\/www.facebook.com\/profile.php?id=100067589325699\" target=\"_blank\" rel=\"noopener\">Bli med i v\u00e5r Facebook-gruppe<\/a><\/div><\/div>\n\n\n\n<div class=\"wp-block-buttons is-layout-flex wp-block-buttons-is-layout-flex\" style=\"justify-content:center\"><div class=\"wp-block-button\"><a class=\"wp-block-button__link\" href=\"https:\/\/www.facebook.com\/groups\/291902132506521\" target=\"_blank\" rel=\"noopener\">Bli med i v\u00e5rt Facebook-forum<\/a><\/div><\/div>\n\n\n\n<h2 class=\"wp-block-heading\">Lagkoordinering<\/h2>\n\n\n\n\n<p>NTNUI Enduro-gruppen arrangerer events, faste s\u00f8ndagsturer i gruppe, trenings\u00f8kter, ukentlige turer og sosiale sammenkomster. Alle oppdateringer kunngj\u00f8res p\u00e5 v\u00e5re Facebook-kanaler.<\/p>\n\n\n\n\n<h2 class=\"wp-block-heading\">Andre lenker<\/h2>\n\n\n\n<div class=\"wp-block-buttons is-layout-flex wp-block-buttons-is-layout-flex\" style=\"justify-content:center\"><div class=\"wp-block-button\"><a class=\"wp-block-button__link\" href=\"https:\/\/www.instagram.com\/ntnui_enduro\/\" target=\"_blank\" rel=\"noopener\">F\u00f8lg oss p\u00e5 Instagram<\/a><\/div><\/div>\n\n\n\n<div class=\"wp-block-buttons is-layout-flex wp-block-buttons-is-layout-flex\" style=\"justify-content:center\"><div class=\"wp-block-button\"><a class=\"wp-block-button__link\" href=\"https:\/\/www.strava.com\/clubs\/929384\" target=\"_blank\" rel=\"noopener\">Bli med i v\u00e5r Strava-klubb<\/a><\/div><\/div>\n","protected":false},"excerpt":{"rendered":"<p>Du kan bli med i NTNUI Enduro ved \u00e5 f\u00f8lge disse enkle stegene! 1) Bli medlem av NTNUI Du m\u00e5 v\u00e6re medlem av NTNUI f\u00f8r du kan bli med i [&hellip;]<\/p>\n","protected":false},"author":733,"featured_media":0,"parent":0,"menu_order":0,"comment_status":"closed","ping_status":"closed","template":"","meta":{"_coblocks_attr":"","_coblocks_dimensions":"","_coblocks_responsive_height":"","_coblocks_accordion_ie_support":"","_price":"","_stock":"","_tribe_ticket_header":"","_tribe_default_ticket_provider":"","_tribe_ticket_capacity":"0","_ticket_start_date":"","_ticket_end_date":"","_tribe_ticket_show_description":"","_tribe_ticket_show_not_going":false,"_tribe_ticket_use_global_stock":"","_tribe_ticket_global_stock_level":"","_global_stock_mode":"","_global_stock_cap":"","_tribe_rsvp_for_event":"","_tribe_ticket_going_count":"","_tribe_ticket_not_going_count":"","_tribe_tickets_list":[],"_tribe_ticket_has_attendee_info_fields":false,"_EventAllDay":false,"_EventTimezone":"","_EventStartDate":"","_EventEndDate":"","_EventStartDateUTC":"","_EventEndDateUTC":"","_EventShowMap":false,"_EventShowMapLink":false,"_EventURL":"","_EventCost":"","_EventCostDescription":"","_EventCurrencySymbol":"","_EventCurrencyPosition":"","_EventDateTimeSeparator":"","_EventTimeRangeSeparator":"","_EventOrganizerID":[],"_EventVenueID":0,"_OrganizerEmail":"","_OrganizerPhone":"","_OrganizerWebsite":"","_VenueAddress":"","_VenueCity":"","_VenueCountry":"","_VenueProvince":"","_VenueZip":"","_VenuePhone":"","_VenueURL":"","_VenueStateProvince":"","_VenueLat":"","_VenueLng":"","footnotes":""},"class_list":["post-1059","page","type-page","status-publish","hentry"],"featured_image_src":null,"featured_image_src_square":null,"_links":{"self":[{"href":"https:\/\/ntnui.no\/enduro\/wp-json\/wp\/v2\/pages\/1059","targetHints":{"allow":["GET"]}}],"collection":[{"href":"https:\/\/ntnui.no\/enduro\/wp-json\/wp\/v2\/pages"}],"about":[{"href":"https:\/\/ntnui.no\/enduro\/wp-json\/wp\/v2\/types\/page"}],"author":[{"embeddable":true,"href":"https:\/\/ntnui.no\/enduro\/wp-json\/wp\/v2\/users\/733"}],"replies":[{"embeddable":true,"href":"https:\/\/ntnui.no\/enduro\/wp-json\/wp\/v2\/comments?post=1059"}],"version-history":[{"count":6,"href":"https:\/\/ntnui.no\/enduro\/wp-json\/wp\/v2\/pages\/1059\/revisions"}],"predecessor-version":[{"id":1384,"href":"https:\/\/ntnui.no\/enduro\/wp-json\/wp\/v2\/pages\/1059\/revisions\/1384"}],"wp:attachment":[{"href":"https:\/\/ntnui.no\/enduro\/wp-json\/wp\/v2\/media?parent=1059"}],"curies":[{"name":"wp","href":"https:\/\/api.w.org\/{rel}","templated":true}]}}