{"id":2124,"date":"2023-03-23T20:40:11","date_gmt":"2023-03-23T20:40:11","guid":{"rendered":"https:\/\/ntnui.no\/dykkergruppa\/?page_id=2124"},"modified":"2023-03-23T21:15:47","modified_gmt":"2023-03-23T21:15:47","slug":"fridykking","status":"publish","type":"page","link":"https:\/\/ntnui.no\/dykkergruppa\/fridykking\/","title":{"rendered":"Fridykking"},"content":{"rendered":"\n<p class=\"has-text-align-left has-black-color has-text-color has-background\" style=\"background-color:#e0e1e3\">Dykkergruppa har aktive fridykkere, og har alt du trenger av utstyr.  S\u00e5 \u00f8nsker du \u00e5 pr\u00f8ve for f\u00f8rste gang eller har lyst \u00e5 begynne igjen s\u00e5 m\u00f8t oss p\u00e5<strong> Dypet<\/strong> hver <strong>Torsdag<\/strong> fra ca kl <strong>20<\/strong> ved Herman Krags Veg 27 (Moholt studentby) for mer informasjon ( vi har badstue!)<\/p>\n","protected":false},"excerpt":{"rendered":"<p>Dykkergruppa har aktive fridykkere, og har alt du trenger av utstyr. S\u00e5 \u00f8nsker du \u00e5 pr\u00f8ve for f\u00f8rste gang eller har lyst \u00e5 begynne igjen s\u00e5 m\u00f8t oss p\u00e5 Dypet hver Torsdag fra ca kl 20 ved Herman Krags Veg 27 (Moholt studentby) for mer informasjon ( vi har badstue!)<\/p>\n","protected":false},"author":499,"featured_media":0,"parent":0,"menu_order":0,"comment_status":"closed","ping_status":"closed","template":"","meta":{"_coblocks_attr":"","_coblocks_dimensions":"","_coblocks_responsive_height":"","_coblocks_accordion_ie_support":"","_price":"","_stock":"","_tribe_ticket_header":"","_tribe_default_ticket_provider":"","_tribe_ticket_capacity":"0","_ticket_start_date":"","_ticket_end_date":"","_tribe_ticket_show_description":"","_tribe_ticket_show_not_going":false,"_tribe_ticket_use_global_stock":"","_tribe_ticket_global_stock_level":"","_global_stock_mode":"","_global_stock_cap":"","_tribe_rsvp_for_event":"","_tribe_ticket_going_count":"","_tribe_ticket_not_going_count":"","_tribe_tickets_list":[],"_tribe_ticket_has_attendee_info_fields":false,"footnotes":""},"class_list":["post-2124","page","type-page","status-publish","hentry"],"featured_image_src":null,"featured_image_src_square":null,"_links":{"self":[{"href":"https:\/\/ntnui.no\/dykkergruppa\/wp-json\/wp\/v2\/pages\/2124","targetHints":{"allow":["GET"]}}],"collection":[{"href":"https:\/\/ntnui.no\/dykkergruppa\/wp-json\/wp\/v2\/pages"}],"about":[{"href":"https:\/\/ntnui.no\/dykkergruppa\/wp-json\/wp\/v2\/types\/page"}],"author":[{"embeddable":true,"href":"https:\/\/ntnui.no\/dykkergruppa\/wp-json\/wp\/v2\/users\/499"}],"replies":[{"embeddable":true,"href":"https:\/\/ntnui.no\/dykkergruppa\/wp-json\/wp\/v2\/comments?post=2124"}],"version-history":[{"count":4,"href":"https:\/\/ntnui.no\/dykkergruppa\/wp-json\/wp\/v2\/pages\/2124\/revisions"}],"predecessor-version":[{"id":2134,"href":"https:\/\/ntnui.no\/dykkergruppa\/wp-json\/wp\/v2\/pages\/2124\/revisions\/2134"}],"wp:attachment":[{"href":"https:\/\/ntnui.no\/dykkergruppa\/wp-json\/wp\/v2\/media?parent=2124"}],"curies":[{"name":"wp","href":"https:\/\/api.w.org\/{rel}","templated":true}]}}