{"id":19,"date":"2019-01-10T17:38:32","date_gmt":"2019-01-10T17:38:32","guid":{"rendered":"https:\/\/ntnui.no\/dykking-ny2\/?page_id=19"},"modified":"2023-08-19T20:41:42","modified_gmt":"2023-08-19T20:41:42","slug":"treninger","status":"publish","type":"page","link":"https:\/\/ntnui.no\/dykkergruppa\/treninger\/","title":{"rendered":"Treningstider"},"content":{"rendered":"\n<p>NTNUI-DG har undervannsrugbytrening to ganger i uka p\u00e5 <strong>Pirbadet<\/strong>. Undervannsrugby er supermorro og knallgod trening og vi \u00f8nsker \u00e5 ha med alle som vil, s\u00e5 \u00f8nsker du \u00e5 v\u00e6re med bare hiv deg med!<\/p>\n\n\n\n<p>Vi m\u00f8ter vanligvis opp en halv time f\u00f8r treningen starter for \u00e5 snakke, skifte og dusje slik at vi er klar til \u00e5 hoppe i bassenget n\u00e5r treningstiden starter.<\/p>\n\n\n\n<ul class=\"mb-0 pb-0 wp-block-list\"><li>Mandag <strong>20:30<\/strong> til <strong>22:30<\/strong><\/li><li>Onsdag <strong>20:30<\/strong> til <strong>22:30<\/strong><\/li><li>S\u00f8ndager <strong>1930<\/strong> til <strong>21:00<\/strong> i partallsuker vi pr\u00f8ver \u00e5 ta en milkshake eller slikt etterp\u00e5.<\/li><\/ul>\n\n\n\n<p>Kom med badet\u00f8y, innsatsvilje og godt hum\u00f8r s\u00e5 kan vi f\u00e5 deg inn i verdens (kanskje) kjekkeste idrett! Maske, snorkel og sv\u00f8mmef\u00f8tter f\u00e5r du l\u00e5nt av oss dersom du ikke har det selv. <\/p>\n\n\n\n<p>Vi bruker appen Spond for \u00e5 organisere treningene og dersom du har sp\u00f8rsm\u00e5l eller \u00f8nsker \u00e5 bli med, ta gjerne kontakt med v\u00e5r oppmann p\u00e5 <a href=\"mailto:dykkergruppa-uvr@ntnui.no\">dykkergruppa-uvr@ntnui.no<\/a>. Vi sees p\u00e5 trening!<\/p>\n","protected":false},"excerpt":{"rendered":"<p>NTNUI-DG har undervannsrugbytrening to ganger i uka p\u00e5 Pirbadet. Undervannsrugby er supermorro og knallgod trening og vi \u00f8nsker \u00e5 ha med alle som vil, s\u00e5 \u00f8nsker du \u00e5 v\u00e6re med bare hiv deg med! Vi m\u00f8ter vanligvis opp en halv time f\u00f8r treningen starter for \u00e5 snakke, skifte og dusje slik at vi er klar [&hellip;]<\/p>\n","protected":false},"author":7,"featured_media":0,"parent":0,"menu_order":0,"comment_status":"closed","ping_status":"closed","template":"","meta":{"_coblocks_attr":"","_coblocks_dimensions":"","_coblocks_responsive_height":"","_coblocks_accordion_ie_support":"","_price":"","_stock":"","_tribe_ticket_header":"","_tribe_default_ticket_provider":"","_tribe_ticket_capacity":"0","_ticket_start_date":"","_ticket_end_date":"","_tribe_ticket_show_description":"","_tribe_ticket_show_not_going":false,"_tribe_ticket_use_global_stock":"","_tribe_ticket_global_stock_level":"","_global_stock_mode":"","_global_stock_cap":"","_tribe_rsvp_for_event":"","_tribe_ticket_going_count":"","_tribe_ticket_not_going_count":"","_tribe_tickets_list":[],"_tribe_ticket_has_attendee_info_fields":false,"footnotes":""},"class_list":["post-19","page","type-page","status-publish","hentry"],"featured_image_src":null,"featured_image_src_square":null,"_links":{"self":[{"href":"https:\/\/ntnui.no\/dykkergruppa\/wp-json\/wp\/v2\/pages\/19","targetHints":{"allow":["GET"]}}],"collection":[{"href":"https:\/\/ntnui.no\/dykkergruppa\/wp-json\/wp\/v2\/pages"}],"about":[{"href":"https:\/\/ntnui.no\/dykkergruppa\/wp-json\/wp\/v2\/types\/page"}],"author":[{"embeddable":true,"href":"https:\/\/ntnui.no\/dykkergruppa\/wp-json\/wp\/v2\/users\/7"}],"replies":[{"embeddable":true,"href":"https:\/\/ntnui.no\/dykkergruppa\/wp-json\/wp\/v2\/comments?post=19"}],"version-history":[{"count":12,"href":"https:\/\/ntnui.no\/dykkergruppa\/wp-json\/wp\/v2\/pages\/19\/revisions"}],"predecessor-version":[{"id":2237,"href":"https:\/\/ntnui.no\/dykkergruppa\/wp-json\/wp\/v2\/pages\/19\/revisions\/2237"}],"wp:attachment":[{"href":"https:\/\/ntnui.no\/dykkergruppa\/wp-json\/wp\/v2\/media?parent=19"}],"curies":[{"name":"wp","href":"https:\/\/api.w.org\/{rel}","templated":true}]}}