{"id":1544,"date":"2019-04-01T17:50:52","date_gmt":"2019-04-01T17:50:52","guid":{"rendered":"https:\/\/ntnui.no\/dykking-ny\/?page_id=1544"},"modified":"2020-06-30T10:10:41","modified_gmt":"2020-06-30T10:10:41","slug":"dykkekurs","status":"publish","type":"page","link":"https:\/\/ntnui.no\/dykkergruppa\/dykkekurs\/","title":{"rendered":"Dykkekurs"},"content":{"rendered":"\n<p><strong>Lyst til \u00e5 oppleve en verden under vann?&nbsp;<\/strong><\/p>\n\n\n\n<p>NTNUI Dykkergruppa kan tilby dykkerkurs hvor du kommer rett inn i et klubbmilj\u00f8. Hele instrukt\u00f8rteamet du m\u00f8ter er selv tilknyttet klubben og du blir selv et fullverdig medlem av klubben gjennom kurset. Da er det ogs\u00e5 bare \u00e5 bli med p\u00e5 dykketurer, ikke-dykketurer og alt annet som skjer. Det er heller ikke \u00e5 se bort ifra at instrukt\u00f8rene dine selv er med p\u00e5 turer og kan gi noen nyttige r\u00e5d.<\/p>\n\n\n\n<p><a href=\"https:\/\/goo.gl\/forms\/8zvVCHwFrLc0RFDx1\">Bruk denne lenken for \u00e5 melde interesse.<\/a><\/p>\n\n\n\n<p><strong>N\u00e5r er det kurs?<\/strong><\/p>\n\n\n\n<p>St\u00f8tt og stadig. Som regel omtrent 1-2 grunnkurs per semester, og omlag ett CMAS P2 (videreg\u00e5ende dykking) per semester. <\/p>\n\n\n\n<p>Emnekurs som Nitrox og klubbdykkeledelse tas ved behov, ogs\u00e5 omtrent en gang per semester\/skole\u00e5r. <\/p>\n\n\n\n<p><strong>Hvorfor dykke i Norge?<\/strong><\/p>\n\n\n\n<p>Mange tenker nok p\u00e5 dykking som noe man gj\u00f8r i behagelige, tempererte vann langt sydover fra Trondheimsfjorden. Men man kan bli overasket over hvor mye Norskekysten faktisk kan by p\u00e5. Ikke bare er det en verden hvor man er vektl\u00f8s og svever rundt, men der er ogs\u00e5 spektul\u00e6re vegger, yrende dyreliv og historiske vrak. P\u00e5 samtlige fly her i fjorden kan man fortsatt se hakekorset p\u00e5 haleroret om man forsiktig koster av sanden som ligger over.<\/p>\n\n\n\n<p>Enkelte instrukt\u00f8rer i klubben mener til og med at Hitra (2.5 timer unna Trondheim) til og med er finere enn Bali!<\/p>\n\n\n\n<p><strong>Hvilke kurs tilbyr vi?<\/strong><\/p>\n\n\n\n<p>Dykkergruppa, som enhver annen norsk dykkerklubb, tilbyr CMAS kurs. CMAS er en av flere organisjoner som holder dykkerkurs, og aksepteres verden rundt.<\/p>\n\n\n\n<p>Apparatdykkerkursene i CMAS er som f\u00f8lger:<\/p>\n\n\n\n<ul class=\"wp-block-list\"><li><strong>CMAS *<\/strong> \/ <strong>CMAS P1<\/strong>: Grunnkurs i dykking. Grunnleggende ferdigheter rundt dykking, og \u00e5pner for dykking til 20 meter.<\/li><li><strong>CMAS ** \/ CMAS P2:<\/strong> Videreg\u00e5ende kurs i dykking, inklusivt redningsferdigheter. Sertifisierer til 30 meter.<\/li><li><strong>CMAS *** \/ CMAS P3:&nbsp;<\/strong>Avansert dykkerkurs, inklusivt dykkeledelse og introduksjon til dykkeinstruksjoner. Sertifiserer til 40 meter, og lar deg fungere som hjelpeinstrukt\u00f8r ved kurs.<\/li><\/ul>\n\n\n\n<p>I tillegg tilbyr vi f\u00f8lgende emnekurs: <\/p>\n\n\n\n<ul class=\"wp-block-list\"><li><strong>Dykkeleder: <\/strong>Kurs i dykkeledelse, som inkluderer planlegging av dykk, ledelse av dykk og h\u00e5ndtering av uhell. <\/li><li><strong>Nitrox: <\/strong>Dykking med oksygenberiket luft som pustegass. Nitrox gir utvidede bunntider og reduserer risikoen for trykkfallsyke. <\/li><\/ul>\n\n\n\n<p><strong>Hvor melder jeg meg p\u00e5?&nbsp;<\/strong><\/p>\n\n\n\n<p>Vi legger ut p\u00e5meldinger her p\u00e5 nett og i Facebookgruppen NTNUI DG &#8211; Dykking. Har du meldt interesse for kurs, sender vi ogs\u00e5 en mail n\u00e5r vi legger ut kurs. Eventuelt kan du sp\u00f8rre rektor n\u00e5r neste er og om det planlegges flere kurs.<\/p>\n\n\n\n<p>Fant du ikke et kurs som passet? <br><a href=\"https:\/\/goo.gl\/forms\/8zvVCHwFrLc0RFDx1\">Bruk denne lenken for \u00e5 melde interesse for senere kurs<\/a><\/p>\n\n\n\n<p><strong>Kan jeg ta CMAS** om jeg har grunnkurs fra en annen orginasjon? Kan jeg ta videreutdanning i en annen organisjon med CMAS grunnkurs? <\/strong><\/p>\n\n\n\n<p>Ja.<\/p>\n\n\n\n<p>CMAS og blant annet PADI (en annen organisasjon) har ekvivalens-avtaler. Dette betyr at i CMAS sine \u00f8yne er PADI grunnkurs tilsvarende CMAS sitt og motsatt. I tabellen under ser du hvilke CMAS-kurs som tilsvarer hvile PADI kurs.<\/p>\n\n\n\n<table id=\"tablepress-1\" class=\"tablepress tablepress-id-1\">\n<thead>\n<tr class=\"row-1 odd\">\n\t<th class=\"column-1\">CMAS<\/th><th class=\"column-2\">PADI<\/th>\n<\/tr>\n<\/thead>\n<tbody class=\"row-hover\">\n<tr class=\"row-2 even\">\n\t<td class=\"column-1\">1 * <\/td><td class=\"column-2\">PADI Open Water Diver<\/td>\n<\/tr>\n<tr class=\"row-3 odd\">\n\t<td class=\"column-1\">2 * <\/td><td class=\"column-2\">PADI Advaced <br \/>\n+ PADI Rescue<\/td>\n<\/tr>\n<tr class=\"row-4 even\">\n\t<td class=\"column-1\">3 * <\/td><td class=\"column-2\">PADI Divemaster<\/td>\n<\/tr>\n<\/tbody>\n<\/table>\n\n\n\n\n<p>For eksempel m\u00e5 du ha enten CMAS ** eller PADI AOWD og PADI Rescue for \u00e5 kunne ta CMAS ***. P\u00e5 samme m\u00e5te kan du ha CMAS ** og ta PADI Divemaster.<\/p>\n","protected":false},"excerpt":{"rendered":"<p>Lyst til \u00e5 oppleve en verden under vann?&nbsp; NTNUI Dykkergruppa kan tilby dykkerkurs hvor du kommer rett inn i et klubbmilj\u00f8. Hele instrukt\u00f8rteamet du m\u00f8ter er selv tilknyttet klubben og du blir selv et fullverdig medlem av klubben gjennom kurset. Da er det ogs\u00e5 bare \u00e5 bli med p\u00e5 dykketurer, ikke-dykketurer og alt annet som [&hellip;]<\/p>\n","protected":false},"author":23,"featured_media":0,"parent":0,"menu_order":0,"comment_status":"closed","ping_status":"closed","template":"","meta":{"_coblocks_attr":"","_coblocks_dimensions":"","_coblocks_responsive_height":"","_coblocks_accordion_ie_support":"","_price":"","_stock":"","_tribe_ticket_header":"","_tribe_default_ticket_provider":"","_tribe_ticket_capacity":"0","_ticket_start_date":"","_ticket_end_date":"","_tribe_ticket_show_description":"","_tribe_ticket_show_not_going":false,"_tribe_ticket_use_global_stock":"","_tribe_ticket_global_stock_level":"","_global_stock_mode":"","_global_stock_cap":"","_tribe_rsvp_for_event":"","_tribe_ticket_going_count":"","_tribe_ticket_not_going_count":"","_tribe_tickets_list":[],"_tribe_ticket_has_attendee_info_fields":false,"footnotes":""},"class_list":["post-1544","page","type-page","status-publish","hentry"],"featured_image_src":null,"featured_image_src_square":null,"_links":{"self":[{"href":"https:\/\/ntnui.no\/dykkergruppa\/wp-json\/wp\/v2\/pages\/1544","targetHints":{"allow":["GET"]}}],"collection":[{"href":"https:\/\/ntnui.no\/dykkergruppa\/wp-json\/wp\/v2\/pages"}],"about":[{"href":"https:\/\/ntnui.no\/dykkergruppa\/wp-json\/wp\/v2\/types\/page"}],"author":[{"embeddable":true,"href":"https:\/\/ntnui.no\/dykkergruppa\/wp-json\/wp\/v2\/users\/23"}],"replies":[{"embeddable":true,"href":"https:\/\/ntnui.no\/dykkergruppa\/wp-json\/wp\/v2\/comments?post=1544"}],"version-history":[{"count":6,"href":"https:\/\/ntnui.no\/dykkergruppa\/wp-json\/wp\/v2\/pages\/1544\/revisions"}],"predecessor-version":[{"id":1921,"href":"https:\/\/ntnui.no\/dykkergruppa\/wp-json\/wp\/v2\/pages\/1544\/revisions\/1921"}],"wp:attachment":[{"href":"https:\/\/ntnui.no\/dykkergruppa\/wp-json\/wp\/v2\/media?parent=1544"}],"curies":[{"name":"wp","href":"https:\/\/api.w.org\/{rel}","templated":true}]}}