{"id":1224,"date":"2018-08-10T20:30:33","date_gmt":"2018-08-10T18:30:33","guid":{"rendered":"https:\/\/ntnui.no\/dykking\/?page_id=1224"},"modified":"2023-04-22T15:25:33","modified_gmt":"2023-04-22T15:25:33","slug":"aktivitet","status":"publish","type":"page","link":"https:\/\/ntnui.no\/dykkergruppa\/aktivitet\/","title":{"rendered":"Aktivitet"},"content":{"rendered":"\n<p>TL;DR: Kom innom Dypet p\u00e5 (les: hver) torsdag. Bli med p\u00e5 s\u00f8ndagsdykk, dykketur, dykkekurs, undervannsrugbytrening, fest og moro. <\/p>\n\n\n\n<p>NTNUI Dykking (DG) driver selvsagt med dykking, men det er neppe det eneste vi gj\u00f8r. I tillegg har vi undervannsrugby og fridykking, samt selvsagt mye sosialt. Selv om interesseomr\u00e5dene er snevre, er aktiviteten stor. <\/p>\n\n\n\n<p>\n\nAll aktivitet, som torsdagsm\u00f8ter, s\u00f8ndagsdykk og turer legges ut p\u00e5 facebook p\u00e5 f\u00f8lgende grupper:\n\n<\/p>\n\n\n\n<div class=\"wp-block-columns has-2-columns is-layout-flex wp-container-core-columns-is-layout-1 wp-block-columns-is-layout-flex\">\n<div class=\"wp-block-column is-layout-flow wp-block-column-is-layout-flow\">\n<div class=\"wp-block-button aligncenter\"><a class=\"wp-block-button__link has-coblocks-blue-background-color has-background\" href=\"https:\/\/www.facebook.com\/groups\/229936673853275\/\">Alle medlemmer<\/a><\/div>\n\n\n\n<div class=\"wp-block-button aligncenter\"><a class=\"wp-block-button__link has-coblocks-blue-background-color has-background\" href=\"https:\/\/www.facebook.com\/groups\/425891724169727\/\">Fridykking<\/a><\/div>\n<\/div>\n\n\n\n<div class=\"wp-block-column is-layout-flow wp-block-column-is-layout-flow\">\n<div class=\"wp-block-button aligncenter\"><a class=\"wp-block-button__link has-coblocks-blue-background-color has-background\" href=\"https:\/\/www.facebook.com\/groups\/5849201742\/\">Undervannsrugby<\/a><\/div>\n\n\n\n<div class=\"wp-block-button aligncenter is-style-default\"><a class=\"wp-block-button__link has-coblocks-blue-background-color has-background\" href=\"https:\/\/www.facebook.com\/groups\/1506555246273821\/\">Dykking<\/a><\/div>\n<\/div>\n<\/div>\n\n\n\n<div class=\"wp-block-group alignwide is-layout-flow wp-block-group-is-layout-flow\"><div class=\"wp-block-group__inner-container\"><\/div><\/div>\n","protected":false},"excerpt":{"rendered":"<p>TL;DR: Kom innom Dypet p\u00e5 (les: hver) torsdag. Bli med p\u00e5 s\u00f8ndagsdykk, dykketur, dykkekurs, undervannsrugbytrening, fest og moro. NTNUI Dykking (DG) driver selvsagt med dykking, men det er neppe det eneste vi gj\u00f8r. I tillegg har vi undervannsrugby og fridykking, samt selvsagt mye sosialt. Selv om interesseomr\u00e5dene er snevre, er aktiviteten stor. All aktivitet, som [&hellip;]<\/p>\n","protected":false},"author":23,"featured_media":0,"parent":0,"menu_order":0,"comment_status":"closed","ping_status":"closed","template":"","meta":{"_coblocks_attr":"","_coblocks_dimensions":"","_coblocks_responsive_height":"","_coblocks_accordion_ie_support":"","_price":"","_stock":"","_tribe_ticket_header":"","_tribe_default_ticket_provider":"","_tribe_ticket_capacity":"0","_ticket_start_date":"","_ticket_end_date":"","_tribe_ticket_show_description":"","_tribe_ticket_show_not_going":false,"_tribe_ticket_use_global_stock":"","_tribe_ticket_global_stock_level":"","_global_stock_mode":"","_global_stock_cap":"","_tribe_rsvp_for_event":"","_tribe_ticket_going_count":"","_tribe_ticket_not_going_count":"","_tribe_tickets_list":[],"_tribe_ticket_has_attendee_info_fields":false,"footnotes":""},"class_list":["post-1224","page","type-page","status-publish","hentry"],"featured_image_src":null,"featured_image_src_square":null,"_links":{"self":[{"href":"https:\/\/ntnui.no\/dykkergruppa\/wp-json\/wp\/v2\/pages\/1224","targetHints":{"allow":["GET"]}}],"collection":[{"href":"https:\/\/ntnui.no\/dykkergruppa\/wp-json\/wp\/v2\/pages"}],"about":[{"href":"https:\/\/ntnui.no\/dykkergruppa\/wp-json\/wp\/v2\/types\/page"}],"author":[{"embeddable":true,"href":"https:\/\/ntnui.no\/dykkergruppa\/wp-json\/wp\/v2\/users\/23"}],"replies":[{"embeddable":true,"href":"https:\/\/ntnui.no\/dykkergruppa\/wp-json\/wp\/v2\/comments?post=1224"}],"version-history":[{"count":17,"href":"https:\/\/ntnui.no\/dykkergruppa\/wp-json\/wp\/v2\/pages\/1224\/revisions"}],"predecessor-version":[{"id":2210,"href":"https:\/\/ntnui.no\/dykkergruppa\/wp-json\/wp\/v2\/pages\/1224\/revisions\/2210"}],"wp:attachment":[{"href":"https:\/\/ntnui.no\/dykkergruppa\/wp-json\/wp\/v2\/media?parent=1224"}],"curies":[{"name":"wp","href":"https:\/\/api.w.org\/{rel}","templated":true}]}}