{"id":1204,"date":"2018-08-04T13:46:16","date_gmt":"2018-08-04T11:46:16","guid":{"rendered":"https:\/\/ntnui.no\/dykking\/?page_id=1204"},"modified":"2023-09-13T05:51:13","modified_gmt":"2023-09-13T05:51:13","slug":"supportermedaljen","status":"publish","type":"page","link":"https:\/\/ntnui.no\/dykkergruppa\/supportermedaljen\/","title":{"rendered":"Supportermedaljen"},"content":{"rendered":"<p>I 1982 ble DGs f\u00f8rste Supportermedalje delt ut. Siden har den v\u00e6rt delt ut med ujevne mellomrom. Den deles ut for stor innsats i DG i det spesielle \u00e5ret den deles ut og kan s\u00e5ledes deles ut flere ganger til samme person. Supportermedaljen kan<span style=\"font-weight: 400\">\u00a0deles ut til undervannsrugby, fridykkere og apparatdykkere.\u00a0<\/span><\/p>\n<p>Den kan deles ut b\u00e5de for:<\/p>\n<div class=\"list\">\n<ul>\n<li>Stor innsats innen dykking, fridykking, UVR eller generelt for klubben.<\/li>\n<li>Aktivt arbeid med rekruttering, laginnsats eller DGs rugbylag generelt.<\/li>\n<li>Aktiv supportervirksomhet for DGs lag eller klubben generelt.<\/li>\n<li>Sportslig innsats.<\/li>\n<\/ul>\n<\/div>\n<p>Det er samtlige tidligere \u00e5rs innehavere av Supportermedaljen som utgj\u00f8r den s\u00e5kalte Supporterkomiteen og vedtar nye tildelinger.<\/p>\n\n<table id=\"tablepress-4\" class=\"tablepress tablepress-id-4\">\n<thead>\n<tr class=\"row-1 odd\">\n\t<th class=\"column-1\">\u00c5r<\/th><th class=\"column-2\">Person<\/th><th class=\"column-3\">Bedre kjent i DG som<\/th><th class=\"column-4\">Hummergaffel<\/th>\n<\/tr>\n<\/thead>\n<tbody class=\"row-hover\">\n<tr class=\"row-2 even\">\n\t<td class=\"column-1\">2022<\/td><td class=\"column-2\">Fei Song<br \/>\nHedda Juni Lund<br \/>\nMats Norli Kj\u00e6r<\/td><td class=\"column-3\"><\/td><td class=\"column-4\"><\/td>\n<\/tr>\n<tr class=\"row-3 odd\">\n\t<td class=\"column-1\">2018<\/td><td class=\"column-2\">Per Solibakke<br \/>\nJussi M\u00e4kel\u00e4<\/td><td class=\"column-3\"><\/td><td class=\"column-4\"><\/td>\n<\/tr>\n<tr class=\"row-4 even\">\n\t<td class=\"column-1\">2017<\/td><td class=\"column-2\">Ingen kandidat funnet verdig<\/td><td class=\"column-3\"><\/td><td class=\"column-4\"><\/td>\n<\/tr>\n<tr class=\"row-5 odd\">\n\t<td class=\"column-1\">2016<\/td><td class=\"column-2\">Thea Karin Skylstad<\/td><td class=\"column-3\"><\/td><td class=\"column-4\"><\/td>\n<\/tr>\n<tr class=\"row-6 even\">\n\t<td class=\"column-1\">2015<\/td><td class=\"column-2\">Siri Korsbrekke<br \/>\nAdrian Sunde<\/td><td class=\"column-3\"><\/td><td class=\"column-4\"><\/td>\n<\/tr>\n<tr class=\"row-7 odd\">\n\t<td class=\"column-1\">2014<\/td><td class=\"column-2\">Stian H\u00e5land<br \/>\nGerd Anne Solibakke<\/td><td class=\"column-3\"><\/td><td class=\"column-4\"><\/td>\n<\/tr>\n<tr class=\"row-8 even\">\n\t<td class=\"column-1\">2013<\/td><td class=\"column-2\">Ingen kandidat funnet verdig<\/td><td class=\"column-3\"><\/td><td class=\"column-4\"><\/td>\n<\/tr>\n<tr class=\"row-9 odd\">\n\t<td class=\"column-1\">2012<\/td><td class=\"column-2\">Robert Bock<br \/>\nKjell Kristian Engelund<\/td><td class=\"column-3\"><\/td><td class=\"column-4\"><\/td>\n<\/tr>\n<tr class=\"row-10 even\">\n\t<td class=\"column-1\">2011<\/td><td class=\"column-2\">Lars Lyse Moen<\/td><td class=\"column-3\"><\/td><td class=\"column-4\"><\/td>\n<\/tr>\n<tr class=\"row-11 odd\">\n\t<td class=\"column-1\">2010<\/td><td class=\"column-2\">Stine R\u00f8ssok Dahl<br \/>\nJon Eirik Brennvall<\/td><td class=\"column-3\"><\/td><td class=\"column-4\">2010<\/td>\n<\/tr>\n<tr class=\"row-12 even\">\n\t<td class=\"column-1\">2009<\/td><td class=\"column-2\">Lars Lyse Moen<\/td><td class=\"column-3\"><\/td><td class=\"column-4\"><\/td>\n<\/tr>\n<tr class=\"row-13 odd\">\n\t<td class=\"column-1\">2008<\/td><td class=\"column-2\">Ragnhild Kj\u00f8snes<\/td><td class=\"column-3\"><\/td><td class=\"column-4\"><\/td>\n<\/tr>\n<tr class=\"row-14 even\">\n\t<td class=\"column-1\">2007<\/td><td class=\"column-2\">Sven Holm<\/td><td class=\"column-3\"><\/td><td class=\"column-4\"><\/td>\n<\/tr>\n<tr class=\"row-15 odd\">\n\t<td class=\"column-1\">2006<\/td><td class=\"column-2\">Stig Skaflestad<\/td><td class=\"column-3\"><\/td><td class=\"column-4\">2008<\/td>\n<\/tr>\n<tr class=\"row-16 even\">\n\t<td class=\"column-1\">2005<\/td><td class=\"column-2\">Ida Margaretha Aglen<\/td><td class=\"column-3\"><\/td><td class=\"column-4\"><\/td>\n<\/tr>\n<tr class=\"row-17 odd\">\n\t<td class=\"column-1\">2004<\/td><td class=\"column-2\">Ingen kandidat funnet verdig<\/td><td class=\"column-3\"><\/td><td class=\"column-4\"><\/td>\n<\/tr>\n<tr class=\"row-18 even\">\n\t<td class=\"column-1\">2003<\/td><td class=\"column-2\">Rebekka Varne<\/td><td class=\"column-3\"><\/td><td class=\"column-4\"><\/td>\n<\/tr>\n<tr class=\"row-19 odd\">\n\t<td class=\"column-1\">2002<\/td><td class=\"column-2\">Mona Nielsen Fenstad<\/td><td class=\"column-3\"><\/td><td class=\"column-4\"><\/td>\n<\/tr>\n<tr class=\"row-20 even\">\n\t<td class=\"column-1\">2001<\/td><td class=\"column-2\">\u00c5se Lyslo D\u00f8ssland<br \/>\nJ\u00f8rg H\u00f8yland<br \/>\nKnut Hunstad<\/td><td class=\"column-3\"><br \/>\nJens B\u00e5nn<\/td><td class=\"column-4\">2001<br \/>\n<br \/>\n1989<\/td>\n<\/tr>\n<tr class=\"row-21 odd\">\n\t<td class=\"column-1\">2000<\/td><td class=\"column-2\">Thor Kamjord<br \/>\nH\u00e5vard Wibe<\/td><td class=\"column-3\">Wibe<\/td><td class=\"column-4\">2015<\/td>\n<\/tr>\n<tr class=\"row-22 even\">\n\t<td class=\"column-1\">1999<\/td><td class=\"column-2\">Ingen kandidat funnet verdig<\/td><td class=\"column-3\"><\/td><td class=\"column-4\"><\/td>\n<\/tr>\n<tr class=\"row-23 odd\">\n\t<td class=\"column-1\">1998<\/td><td class=\"column-2\">Espen Hals\u00e5 Albrektsen<br \/>\nJukka Typp\u00f6<\/td><td class=\"column-3\"><\/td><td class=\"column-4\">2001<\/td>\n<\/tr>\n<tr class=\"row-24 even\">\n\t<td class=\"column-1\">1997<\/td><td class=\"column-2\">Jenny Lorentse Horven<\/td><td class=\"column-3\"><\/td><td class=\"column-4\">2000<\/td>\n<\/tr>\n<tr class=\"row-25 odd\">\n\t<td class=\"column-1\">1996<\/td><td class=\"column-2\">Ingen kandidat funnet verdig<\/td><td class=\"column-3\"><\/td><td class=\"column-4\"><\/td>\n<\/tr>\n<tr class=\"row-26 even\">\n\t<td class=\"column-1\">1995<\/td><td class=\"column-2\">Camilla R\u00f8dst\u00f8l<br \/>\nTrude Storholm<\/td><td class=\"column-3\"><\/td><td class=\"column-4\"><\/td>\n<\/tr>\n<tr class=\"row-27 odd\">\n\t<td class=\"column-1\">1994<\/td><td class=\"column-2\">Petter Schmedling<\/td><td class=\"column-3\">Schnabel<\/td><td class=\"column-4\">1996<\/td>\n<\/tr>\n<tr class=\"row-28 even\">\n\t<td class=\"column-1\">1993<\/td><td class=\"column-2\">Per Kristian Remvik<\/td><td class=\"column-3\">PK<\/td><td class=\"column-4\">1996<\/td>\n<\/tr>\n<tr class=\"row-29 odd\">\n\t<td class=\"column-1\">1992<\/td><td class=\"column-2\">Ingen kandidat funnet verdig<\/td><td class=\"column-3\"><\/td><td class=\"column-4\"><\/td>\n<\/tr>\n<tr class=\"row-30 even\">\n\t<td class=\"column-1\">1991<\/td><td class=\"column-2\">Stein Brendryen<\/td><td class=\"column-3\">stein-Stein<\/td><td class=\"column-4\">1993<\/td>\n<\/tr>\n<tr class=\"row-31 odd\">\n\t<td class=\"column-1\">1990<\/td><td class=\"column-2\">Endre Pedersen<\/td><td class=\"column-3\"><\/td><td class=\"column-4\">1991<\/td>\n<\/tr>\n<tr class=\"row-32 even\">\n\t<td class=\"column-1\">1989<\/td><td class=\"column-2\">Peter Kling<\/td><td class=\"column-3\"><\/td><td class=\"column-4\">1994<\/td>\n<\/tr>\n<tr class=\"row-33 odd\">\n\t<td class=\"column-1\">1988<\/td><td class=\"column-2\">Hans Vindvad<\/td><td class=\"column-3\">Vanvidd B\u00e5nn<\/td><td class=\"column-4\"><\/td>\n<\/tr>\n<tr class=\"row-34 even\">\n\t<td class=\"column-1\">1987<\/td><td class=\"column-2\">Knut Hunstad<\/td><td class=\"column-3\">Jens B\u00e5nn<\/td><td class=\"column-4\">1989<\/td>\n<\/tr>\n<tr class=\"row-35 odd\">\n\t<td class=\"column-1\">1986<\/td><td class=\"column-2\">Lene Salvesen<\/td><td class=\"column-3\">Lene torgersenn<\/td><td class=\"column-4\">1986<\/td>\n<\/tr>\n<tr class=\"row-36 even\">\n\t<td class=\"column-1\">1985<\/td><td class=\"column-2\">Tor Morten Eriksen<br \/>\nHilde Person<\/td><td class=\"column-3\">Hilde Rasmussen<\/td><td class=\"column-4\"><\/td>\n<\/tr>\n<tr class=\"row-37 odd\">\n\t<td class=\"column-1\">1984<\/td><td class=\"column-2\">Ove Deraas<\/td><td class=\"column-3\">The Destroyer<\/td><td class=\"column-4\"><\/td>\n<\/tr>\n<tr class=\"row-38 even\">\n\t<td class=\"column-1\">1983<\/td><td class=\"column-2\">Kolbj\u00f8rn Kirkeb\u00f8<br \/>\nEinar Br\u00f8nlund<br \/>\nJan Enok Lexander<\/td><td class=\"column-3\">Beinet<br \/>\nDoktor Mengele<br \/>\nStraaf-Schiess<\/td><td class=\"column-4\">1985<br \/>\n1985<\/td>\n<\/tr>\n<tr class=\"row-39 odd\">\n\t<td class=\"column-1\">1982<\/td><td class=\"column-2\">Cato Rindal<br \/>\nMorten Person<\/td><td class=\"column-3\">Cato Ruke<\/td><td class=\"column-4\">1985<\/td>\n<\/tr>\n<\/tbody>\n<\/table>\n<!-- #tablepress-4 from cache -->\n","protected":false},"excerpt":{"rendered":"<p>I 1982 ble DGs f\u00f8rste Supportermedalje delt ut. Siden har den v\u00e6rt delt ut med ujevne mellomrom. Den deles ut for stor innsats i DG i det spesielle \u00e5ret den deles ut og kan s\u00e5ledes deles ut flere ganger til samme person. Supportermedaljen kan\u00a0deles ut til undervannsrugby, fridykkere og apparatdykkere.\u00a0 Den kan deles ut b\u00e5de [&hellip;]<\/p>\n","protected":false},"author":23,"featured_media":0,"parent":0,"menu_order":0,"comment_status":"closed","ping_status":"closed","template":"","meta":{"_coblocks_attr":"","_coblocks_dimensions":"","_coblocks_responsive_height":"","_coblocks_accordion_ie_support":"","_price":"","_stock":"","_tribe_ticket_header":"","_tribe_default_ticket_provider":"","_tribe_ticket_capacity":"0","_ticket_start_date":"","_ticket_end_date":"","_tribe_ticket_show_description":"","_tribe_ticket_show_not_going":false,"_tribe_ticket_use_global_stock":"","_tribe_ticket_global_stock_level":"","_global_stock_mode":"","_global_stock_cap":"","_tribe_rsvp_for_event":"","_tribe_ticket_going_count":"","_tribe_ticket_not_going_count":"","_tribe_tickets_list":[],"_tribe_ticket_has_attendee_info_fields":false,"footnotes":""},"class_list":["post-1204","page","type-page","status-publish","hentry"],"featured_image_src":null,"featured_image_src_square":null,"_links":{"self":[{"href":"https:\/\/ntnui.no\/dykkergruppa\/wp-json\/wp\/v2\/pages\/1204","targetHints":{"allow":["GET"]}}],"collection":[{"href":"https:\/\/ntnui.no\/dykkergruppa\/wp-json\/wp\/v2\/pages"}],"about":[{"href":"https:\/\/ntnui.no\/dykkergruppa\/wp-json\/wp\/v2\/types\/page"}],"author":[{"embeddable":true,"href":"https:\/\/ntnui.no\/dykkergruppa\/wp-json\/wp\/v2\/users\/23"}],"replies":[{"embeddable":true,"href":"https:\/\/ntnui.no\/dykkergruppa\/wp-json\/wp\/v2\/comments?post=1204"}],"version-history":[{"count":2,"href":"https:\/\/ntnui.no\/dykkergruppa\/wp-json\/wp\/v2\/pages\/1204\/revisions"}],"predecessor-version":[{"id":2240,"href":"https:\/\/ntnui.no\/dykkergruppa\/wp-json\/wp\/v2\/pages\/1204\/revisions\/2240"}],"wp:attachment":[{"href":"https:\/\/ntnui.no\/dykkergruppa\/wp-json\/wp\/v2\/media?parent=1204"}],"curies":[{"name":"wp","href":"https:\/\/api.w.org\/{rel}","templated":true}]}}