{"id":1202,"date":"2018-08-04T13:44:29","date_gmt":"2018-08-04T11:44:29","guid":{"rendered":"https:\/\/ntnui.no\/dykking\/?page_id=1202"},"modified":"2019-05-29T08:40:51","modified_gmt":"2019-05-29T08:40:51","slug":"hummergaffelen","status":"publish","type":"page","link":"https:\/\/ntnui.no\/dykkergruppa\/hummergaffelen\/","title":{"rendered":"Hummergaffelen"},"content":{"rendered":"<p>I 1980 ble den f\u00f8rste Hummergaffelen delt ut av NTNUI Dykkergruppa for lang og tro tjeneste for DG. Hummergaffelen er DGs h\u00f8yeste utmerkelse og kan kun oppn\u00e5es ved mange \u00e5rs aktiv innsats for DG. Det er samtlige tidligere \u00e5rs innehavere av Hummergaffelen som utgj\u00f8r den s\u00e5kalte Gaffelkomiteen og vedtar nye tildelinger.<\/p>\n\n\n<table id=\"tablepress-hummergaffelen\" class=\"tablepress tablepress-id-hummergaffelen\">\n<thead>\n<tr class=\"row-1 odd\">\n\t<th class=\"column-1\">\u00c5r<\/th><th class=\"column-2\">Navn<\/th><th class=\"column-3\">Bedre kjent i DG som<\/th><th class=\"column-4\">Supportermedalje<\/th>\n<\/tr>\n<\/thead>\n<tbody class=\"row-hover\">\n<tr class=\"row-2 even\">\n\t<td class=\"column-1\">2025<\/td><td class=\"column-2\">Michal Jachimowicz<br \/>\nJussi M\u00e4kela<br \/>\n<br \/>\n<\/td><td class=\"column-3\"><\/td><td class=\"column-4\">2023<br \/>\n2018<\/td>\n<\/tr>\n<tr class=\"row-3 odd\">\n\t<td class=\"column-1\">2024<\/td><td class=\"column-2\">Nora Synn\u00f8ve Ohma<br \/>\nHedda Juni Lund<br \/>\nJukka Typ\u00f6<br \/>\nJonas Brunsvik<\/td><td class=\"column-3\"><\/td><td class=\"column-4\">-<br \/>\n2022<br \/>\n<br \/>\n2023<\/td>\n<\/tr>\n<tr class=\"row-4 even\">\n\t<td class=\"column-1\">2023<\/td><td class=\"column-2\">Ingrid Rasmussen<br \/>\nSigurd Bergh<\/td><td class=\"column-3\"><\/td><td class=\"column-4\"><\/td>\n<\/tr>\n<tr class=\"row-5 odd\">\n\t<td class=\"column-1\">2022<\/td><td class=\"column-2\">Torbj\u00f8rn Bygdnes Nilsen<\/td><td class=\"column-3\"><\/td><td class=\"column-4\"><\/td>\n<\/tr>\n<tr class=\"row-6 even\">\n\t<td class=\"column-1\">2021<\/td><td class=\"column-2\">Patrick B\u00f6sch<\/td><td class=\"column-3\"><\/td><td class=\"column-4\"><\/td>\n<\/tr>\n<tr class=\"row-7 odd\">\n\t<td class=\"column-1\">2020<\/td><td class=\"column-2\">Marianne Blik\u00f8<br \/>\nNetta Haukinen<\/td><td class=\"column-3\"><\/td><td class=\"column-4\"><\/td>\n<\/tr>\n<tr class=\"row-8 even\">\n\t<td class=\"column-1\">2019<\/td><td class=\"column-2\">Jonas Bj\u00f8ralt<\/td><td class=\"column-3\">Jonas Bj\u00f8ralt Giske <\/td><td class=\"column-4\"><\/td>\n<\/tr>\n<tr class=\"row-9 odd\">\n\t<td class=\"column-1\">2018<\/td><td class=\"column-2\">Preben Jensen Hoel<br \/>\nMartin R\u00f8nning<\/td><td class=\"column-3\"><\/td><td class=\"column-4\"><\/td>\n<\/tr>\n<tr class=\"row-10 even\">\n\t<td class=\"column-1\">2017<\/td><td class=\"column-2\">Thea Karin Skylstad<br \/>\nKarsten Seiki Hjelset<\/td><td class=\"column-3\"><\/td><td class=\"column-4\">2016<\/td>\n<\/tr>\n<tr class=\"row-11 odd\">\n\t<td class=\"column-1\">2016<\/td><td class=\"column-2\">Mads Johan Laastad<\/td><td class=\"column-3\"><\/td><td class=\"column-4\"><\/td>\n<\/tr>\n<tr class=\"row-12 even\">\n\t<td class=\"column-1\">2015<\/td><td class=\"column-2\">H\u00e5vard Wibe<br \/>\nJoakim Skjefstad<\/td><td class=\"column-3\">Wibe<\/td><td class=\"column-4\">2000<\/td>\n<\/tr>\n<tr class=\"row-13 odd\">\n\t<td class=\"column-1\">2014<\/td><td class=\"column-2\">Ingen kandidat funnet verdig<\/td><td class=\"column-3\"><\/td><td class=\"column-4\"><\/td>\n<\/tr>\n<tr class=\"row-14 even\">\n\t<td class=\"column-1\">2013<\/td><td class=\"column-2\">Ingen kandidat funnet verdig<\/td><td class=\"column-3\"><\/td><td class=\"column-4\"><\/td>\n<\/tr>\n<tr class=\"row-15 odd\">\n\t<td class=\"column-1\">2012<\/td><td class=\"column-2\">Kristian Kvernmo<\/td><td class=\"column-3\"><\/td><td class=\"column-4\"><\/td>\n<\/tr>\n<tr class=\"row-16 even\">\n\t<td class=\"column-1\">2011<\/td><td class=\"column-2\">Veronique Aalmo<br \/>\nJon Reidar Heggdal<\/td><td class=\"column-3\">Heggi<\/td><td class=\"column-4\"><\/td>\n<\/tr>\n<tr class=\"row-17 odd\">\n\t<td class=\"column-1\">2010<\/td><td class=\"column-2\">Erik Maastad<br \/>\nIngrid Kr\u00fcger-Stokke<br \/>\nJon Eirik Brennvall<\/td><td class=\"column-3\">Ingrid Rushfeldt Kr\u00fcger<\/td><td class=\"column-4\">2010<\/td>\n<\/tr>\n<tr class=\"row-18 even\">\n\t<td class=\"column-1\">2009<\/td><td class=\"column-2\">Are Rannem Johansen<br \/>\nP\u00e5l Christian Sandtr\u00f8<\/td><td class=\"column-3\"><\/td><td class=\"column-4\"><\/td>\n<\/tr>\n<tr class=\"row-19 odd\">\n\t<td class=\"column-1\">2008<\/td><td class=\"column-2\">Stig Skaflestad<\/td><td class=\"column-3\"><\/td><td class=\"column-4\">2006<\/td>\n<\/tr>\n<tr class=\"row-20 even\">\n\t<td class=\"column-1\">2007<\/td><td class=\"column-2\">Sivert T\u00f8nnesen<br \/>\nFrank Jakobsen<\/td><td class=\"column-3\">mSivert<\/td><td class=\"column-4\"><\/td>\n<\/tr>\n<tr class=\"row-21 odd\">\n\t<td class=\"column-1\">2006<\/td><td class=\"column-2\">Klas M. Sundelin<br \/>\nGuro Sylling<br \/>\n\u00c5se L. D\u00f8ssland<\/td><td class=\"column-3\"><\/td><td class=\"column-4\">2001<\/td>\n<\/tr>\n<tr class=\"row-22 even\">\n\t<td class=\"column-1\">2005<\/td><td class=\"column-2\">Jonny Nordheim<br \/>\nMathias Salomonsen<\/td><td class=\"column-3\">der Penzelf\u00fchrer<\/td><td class=\"column-4\"><\/td>\n<\/tr>\n<tr class=\"row-23 odd\">\n\t<td class=\"column-1\">2004<\/td><td class=\"column-2\">Andreas Eieland<\/td><td class=\"column-3\"><\/td><td class=\"column-4\"><\/td>\n<\/tr>\n<tr class=\"row-24 even\">\n\t<td class=\"column-1\">2003<\/td><td class=\"column-2\">Erik H\u00f8y<\/td><td class=\"column-3\"><\/td><td class=\"column-4\"><\/td>\n<\/tr>\n<tr class=\"row-25 odd\">\n\t<td class=\"column-1\">2002<\/td><td class=\"column-2\">Jan Henrik Borch<br \/>\nKristine Bruun Ludvigsen<\/td><td class=\"column-3\">Kristine Bruun<\/td><td class=\"column-4\"><\/td>\n<\/tr>\n<tr class=\"row-26 even\">\n\t<td class=\"column-1\">2001<\/td><td class=\"column-2\">Nils J\u00f8rgen Mittet<br \/>\nEspen Halsaa Albrektsen<\/td><td class=\"column-3\"><\/td><td class=\"column-4\">1998<\/td>\n<\/tr>\n<tr class=\"row-27 odd\">\n\t<td class=\"column-1\">2000<\/td><td class=\"column-2\">Jenny Lorentse Horven Skjellnes<br \/>\nJussi Evertsen<\/td><td class=\"column-3\">Jenny Lorentse Horven<\/td><td class=\"column-4\">1997<\/td>\n<\/tr>\n<tr class=\"row-28 even\">\n\t<td class=\"column-1\">1999<\/td><td class=\"column-2\">Kjerstin Moseid Bryhni<br \/>\nAnita Kaltenborn<br \/>\nOlli R\u00e3ty<\/td><td class=\"column-3\"><\/td><td class=\"column-4\"><\/td>\n<\/tr>\n<tr class=\"row-29 odd\">\n\t<td class=\"column-1\">1998<\/td><td class=\"column-2\">Frank Ove Seth<br \/>\nAudun Skjellnes<\/td><td class=\"column-3\">FrankO, Junk-Ove<\/td><td class=\"column-4\"><\/td>\n<\/tr>\n<tr class=\"row-30 even\">\n\t<td class=\"column-1\">1997<\/td><td class=\"column-2\">Atle Johansen<br \/>\nTerje Bryhni<br \/>\nTorkild Bakken<\/td><td class=\"column-3\">Terje Sivertsen, Finned\u00f8daren<\/td><td class=\"column-4\"><\/td>\n<\/tr>\n<tr class=\"row-31 odd\">\n\t<td class=\"column-1\">1996<\/td><td class=\"column-2\">Per Kristian Remvik<br \/>\nPetter Schmedling<\/td><td class=\"column-3\">PK<br \/>\nSchnabel<\/td><td class=\"column-4\">1993<br \/>\n1994<\/td>\n<\/tr>\n<tr class=\"row-32 even\">\n\t<td class=\"column-1\">1995<\/td><td class=\"column-2\">Per Harald Jonson<\/td><td class=\"column-3\">pH<\/td><td class=\"column-4\"><\/td>\n<\/tr>\n<tr class=\"row-33 odd\">\n\t<td class=\"column-1\">1994<\/td><td class=\"column-2\">Peter Kling<\/td><td class=\"column-3\"><\/td><td class=\"column-4\">1989<\/td>\n<\/tr>\n<tr class=\"row-34 even\">\n\t<td class=\"column-1\">1993<\/td><td class=\"column-2\">Stein Brendryen<\/td><td class=\"column-3\">stein-Stein<\/td><td class=\"column-4\">1991<\/td>\n<\/tr>\n<tr class=\"row-35 odd\">\n\t<td class=\"column-1\">1992<\/td><td class=\"column-2\">B\u00f8rge Alex H\u00f8yvik<\/td><td class=\"column-3\"><\/td><td class=\"column-4\"><\/td>\n<\/tr>\n<tr class=\"row-36 even\">\n\t<td class=\"column-1\">1991<\/td><td class=\"column-2\">Endre Pedersen<\/td><td class=\"column-3\">Torvald Tare<\/td><td class=\"column-4\">1990<\/td>\n<\/tr>\n<tr class=\"row-37 odd\">\n\t<td class=\"column-1\">1990<\/td><td class=\"column-2\">Trude Kvalsvik<\/td><td class=\"column-3\"><\/td><td class=\"column-4\"><\/td>\n<\/tr>\n<tr class=\"row-38 even\">\n\t<td class=\"column-1\">1989<\/td><td class=\"column-2\">Ivar Andreas Mortensen<br \/>\nKnut Hunstad<\/td><td class=\"column-3\">Jens b\u00e5nn<\/td><td class=\"column-4\">1987, 2001<\/td>\n<\/tr>\n<tr class=\"row-39 odd\">\n\t<td class=\"column-1\">1988<\/td><td class=\"column-2\">Sveinung R\u00f8rvik<\/td><td class=\"column-3\">Svinet<\/td><td class=\"column-4\"><\/td>\n<\/tr>\n<tr class=\"row-40 even\">\n\t<td class=\"column-1\">1987<\/td><td class=\"column-2\">Rune Aasgaard<\/td><td class=\"column-3\"><\/td><td class=\"column-4\"><\/td>\n<\/tr>\n<tr class=\"row-41 odd\">\n\t<td class=\"column-1\">1986<\/td><td class=\"column-2\">Lene Salvesen<\/td><td class=\"column-3\">Lene Torgersen<\/td><td class=\"column-4\">1986<\/td>\n<\/tr>\n<tr class=\"row-42 even\">\n\t<td class=\"column-1\">1985<\/td><td class=\"column-2\">Einar Br\u00f8nlund<br \/>\nKolbj\u00f8rn Kirkeb\u00f8<br \/>\nMorten Person<\/td><td class=\"column-3\">Doktor Mengele<br \/>\nBeinet<\/td><td class=\"column-4\">1983<br \/>\n1983<br \/>\n1982<\/td>\n<\/tr>\n<tr class=\"row-43 odd\">\n\t<td class=\"column-1\">1984<\/td><td class=\"column-2\">Roar Pedersen<\/td><td class=\"column-3\"><\/td><td class=\"column-4\"><\/td>\n<\/tr>\n<tr class=\"row-44 even\">\n\t<td class=\"column-1\">1983<\/td><td class=\"column-2\">Nils Erik Hannisdal<\/td><td class=\"column-3\">Nissa<\/td><td class=\"column-4\"><\/td>\n<\/tr>\n<tr class=\"row-45 odd\">\n\t<td class=\"column-1\">1982<\/td><td class=\"column-2\">Ivar Myklebost<\/td><td class=\"column-3\"><\/td><td class=\"column-4\"><\/td>\n<\/tr>\n<tr class=\"row-46 even\">\n\t<td class=\"column-1\">1981<\/td><td class=\"column-2\">Gunnar D\u00f8rum<\/td><td class=\"column-3\"><\/td><td class=\"column-4\"><\/td>\n<\/tr>\n<tr class=\"row-47 odd\">\n\t<td class=\"column-1\">1980<\/td><td class=\"column-2\">Holger Hanssen<\/td><td class=\"column-3\"><\/td><td class=\"column-4\"><\/td>\n<\/tr>\n<\/tbody>\n<\/table>\n<!-- #tablepress-hummergaffelen from cache -->\n\n\n\n<p><\/p>\n","protected":false},"excerpt":{"rendered":"<p>I 1980 ble den f\u00f8rste Hummergaffelen delt ut av NTNUI Dykkergruppa for lang og tro tjeneste for DG. Hummergaffelen er DGs h\u00f8yeste utmerkelse og kan kun oppn\u00e5es ved mange \u00e5rs aktiv innsats for DG. Det er samtlige tidligere \u00e5rs innehavere av Hummergaffelen som utgj\u00f8r den s\u00e5kalte Gaffelkomiteen og vedtar nye tildelinger.<\/p>\n","protected":false},"author":23,"featured_media":0,"parent":0,"menu_order":0,"comment_status":"closed","ping_status":"closed","template":"","meta":{"_coblocks_attr":"","_coblocks_dimensions":"","_coblocks_responsive_height":"","_coblocks_accordion_ie_support":"","_price":"","_stock":"","_tribe_ticket_header":"","_tribe_default_ticket_provider":"","_tribe_ticket_capacity":"0","_ticket_start_date":"","_ticket_end_date":"","_tribe_ticket_show_description":"","_tribe_ticket_show_not_going":false,"_tribe_ticket_use_global_stock":"","_tribe_ticket_global_stock_level":"","_global_stock_mode":"","_global_stock_cap":"","_tribe_rsvp_for_event":"","_tribe_ticket_going_count":"","_tribe_ticket_not_going_count":"","_tribe_tickets_list":[],"_tribe_ticket_has_attendee_info_fields":false,"footnotes":""},"class_list":["post-1202","page","type-page","status-publish","hentry"],"featured_image_src":null,"featured_image_src_square":null,"_links":{"self":[{"href":"https:\/\/ntnui.no\/dykkergruppa\/wp-json\/wp\/v2\/pages\/1202","targetHints":{"allow":["GET"]}}],"collection":[{"href":"https:\/\/ntnui.no\/dykkergruppa\/wp-json\/wp\/v2\/pages"}],"about":[{"href":"https:\/\/ntnui.no\/dykkergruppa\/wp-json\/wp\/v2\/types\/page"}],"author":[{"embeddable":true,"href":"https:\/\/ntnui.no\/dykkergruppa\/wp-json\/wp\/v2\/users\/23"}],"replies":[{"embeddable":true,"href":"https:\/\/ntnui.no\/dykkergruppa\/wp-json\/wp\/v2\/comments?post=1202"}],"version-history":[{"count":3,"href":"https:\/\/ntnui.no\/dykkergruppa\/wp-json\/wp\/v2\/pages\/1202\/revisions"}],"predecessor-version":[{"id":1612,"href":"https:\/\/ntnui.no\/dykkergruppa\/wp-json\/wp\/v2\/pages\/1202\/revisions\/1612"}],"wp:attachment":[{"href":"https:\/\/ntnui.no\/dykkergruppa\/wp-json\/wp\/v2\/media?parent=1202"}],"curies":[{"name":"wp","href":"https:\/\/api.w.org\/{rel}","templated":true}]}}