{"id":1200,"date":"2018-08-04T13:40:46","date_gmt":"2018-08-04T11:40:46","guid":{"rendered":"https:\/\/ntnui.no\/dykking\/?page_id=1200"},"modified":"2021-08-06T21:40:02","modified_gmt":"2021-08-06T21:40:02","slug":"utstyr","status":"publish","type":"page","link":"https:\/\/ntnui.no\/dykkergruppa\/utstyr\/","title":{"rendered":"Dykkeutstyr"},"content":{"rendered":"\n<p><strong><a href=\"https:\/\/docs.google.com\/spreadsheets\/d\/1ie5RLiUcq5u5YLN4uxs1PkQmBf2NoowSf45EzQsSbkA\/edit?usp=sharing\" data-type=\"URL\" data-id=\"https:\/\/docs.google.com\/spreadsheets\/d\/1ie5RLiUcq5u5YLN4uxs1PkQmBf2NoowSf45EzQsSbkA\/edit?usp=sharing\">Se utleie-kanlender her for \u00e5 booke.<\/a><\/strong><\/p>\n\n\n\n<p>Betaling av leie kan skje via bankoverf\u00f8ring eller vipps:<\/p>\n\n\n\n<ul class=\"wp-block-list\"><li>Bankoverf\u00f8ring: <strong>8601.43.52572<\/strong> &#8211; Merk med &#8220;Utstyrsleie &lt;Navn&gt;&#8221;<\/li><li>Vipps: S\u00f8k opp NTNUI Dykkergruppa, velg utstyret og betal.<\/li><\/ul>\n\n\n\n<p>Under er leieprisene for utstyr per dag. Merk at oksygenkoffert og annet sikkerhetsutstyr er gratis. Husk \u00e5 melde ifra til materialforvalter n\u00e5r utstyr leies ut:<\/p>\n\n\n\n<table id=\"tablepress-DykkeutstyrPrisliste\" class=\"tablepress tablepress-id-DykkeutstyrPrisliste\">\n<thead>\n<tr class=\"row-1 odd\">\n\t<th class=\"column-1\">Hva<\/th><th class=\"column-2\">Medlem+<\/th><th class=\"column-3\">DG-Medlem<\/th><th class=\"column-4\">NTNUI-medlem<\/th><th class=\"column-5\">Ikke-medlem<\/th>\n<\/tr>\n<\/thead>\n<tbody class=\"row-hover\">\n<tr class=\"row-2 even\">\n\t<td class=\"column-1\">Ventilsett<\/td><td class=\"column-2\">30<\/td><td class=\"column-3\">60<\/td><td class=\"column-4\">90<\/td><td class=\"column-5\">180<\/td>\n<\/tr>\n<tr class=\"row-3 odd\">\n\t<td class=\"column-1\">Flaske (Luft)<\/td><td class=\"column-2\">10<\/td><td class=\"column-3\">30<\/td><td class=\"column-4\">60<\/td><td class=\"column-5\">120<\/td>\n<\/tr>\n<tr class=\"row-4 even\">\n\t<td class=\"column-1\">BCD<\/td><td class=\"column-2\">10<\/td><td class=\"column-3\">20<\/td><td class=\"column-4\">60<\/td><td class=\"column-5\">120<\/td>\n<\/tr>\n<tr class=\"row-5 odd\">\n\t<td class=\"column-1\">T\u00f8rrdrakt<\/td><td class=\"column-2\">50<\/td><td class=\"column-3\">100<\/td><td class=\"column-4\">140<\/td><td class=\"column-5\">350<\/td>\n<\/tr>\n<tr class=\"row-6 even\">\n\t<td class=\"column-1\">ABC pr dag \u2021<\/td><td class=\"column-2\">10<\/td><td class=\"column-3\">20<\/td><td class=\"column-4\">60<\/td><td class=\"column-5\">120<\/td>\n<\/tr>\n<tr class=\"row-7 odd\">\n\t<td class=\"column-1\">Luftfylling (pr flaske)<\/td><td class=\"column-2\">30<\/td><td class=\"column-3\">30<\/td><td class=\"column-4\">N\/A<\/td><td class=\"column-5\">60<\/td>\n<\/tr>\n<tr class=\"row-8 even\">\n\t<td class=\"column-1\">Pakke, fullt utstyr (luft) <\/td><td class=\"column-2\">100<\/td><td class=\"column-3\">200<\/td><td class=\"column-4\">400<\/td><td class=\"column-5\">850<\/td>\n<\/tr>\n<tr class=\"row-9 odd\">\n\t<td class=\"column-1\"><\/td><td class=\"column-2\"><\/td><td class=\"column-3\"><\/td><td class=\"column-4\"><\/td><td class=\"column-5\"><\/td>\n<\/tr>\n<tr class=\"row-10 even\">\n\t<td class=\"column-1\">Fridykkerpakke \u2020\u2020\u2020\u2020<\/td><td class=\"column-2\">100<\/td><td class=\"column-3\">100<\/td><td class=\"column-4\">150<\/td><td class=\"column-5\">300<\/td>\n<\/tr>\n<tr class=\"row-11 odd\">\n\t<td class=\"column-1\">Jaktpakke (Fridykking)<\/td><td class=\"column-2\">50<\/td><td class=\"column-3\">50<\/td><td class=\"column-4\">100<\/td><td class=\"column-5\">200<\/td>\n<\/tr>\n<\/tbody>\n<\/table>\n<!-- #tablepress-DykkeutstyrPrisliste from cache -->\n\n\n\n<ul class=\"wp-block-list\"><li><strong>Alle prisene er per dag<\/strong><\/li><li>Medlem+ gjelder etter 6 dager utleie ila. et semester, eller for utleier p\u00e5 3 eller flere sammenhengende dager samt DG-turer.<\/li><li>Luftfylling gjelder per flaske<\/li><\/ul>\n\n\n\n<p>Om du planlegger \u00e5 v\u00e6re relativt aktiv som dykker, kan du gj\u00f8re livet b\u00e5de enklere og billigere ved \u00e5 forh\u00e5ndsbetale fylling, og eventuelt kj\u00f8pe hylleplass p\u00e5 bodene v\u00e5re (husk \u00e5 sjekke tilgjengelighet f\u00f8rst!) <\/p>\n\n\n\n<table id=\"tablepress-MedlemskapOsv\" class=\"tablepress tablepress-id-MedlemskapOsv\">\n<thead>\n<tr class=\"row-1 odd\">\n\t<th class=\"column-1\">Hva<\/th><th class=\"column-2\">Pris<\/th><th class=\"column-3\">Notat<\/th><th class=\"column-4\">&nbsp;<\/th><th class=\"column-5\">&nbsp;<\/th>\n<\/tr>\n<\/thead>\n<tbody class=\"row-hover\">\n<tr class=\"row-2 even\">\n\t<td class=\"column-1\"><strong>Per skole\u00e5r<\/strong><\/td><td class=\"column-2\"><\/td><td class=\"column-3\"><\/td><td class=\"column-4\"><\/td><td class=\"column-5\"><\/td>\n<\/tr>\n<tr class=\"row-3 odd\">\n\t<td class=\"column-1\">Medlemskap<\/td><td class=\"column-2\">200<\/td><td class=\"column-3\">Pr skole\u00e5r, august til august<\/td><td class=\"column-4\"><\/td><td class=\"column-5\"><\/td>\n<\/tr>\n<tr class=\"row-4 even\">\n\t<td class=\"column-1\">Hylle p\u00e5 l\u00e5ven<\/td><td class=\"column-2\">150 \/ 250<\/td><td class=\"column-3\"> Vanlig \/ Hj\u00f8rne <\/td><td class=\"column-4\"><\/td><td class=\"column-5\"><\/td>\n<\/tr>\n<tr class=\"row-5 odd\">\n\t<td class=\"column-1\">Flaskelagring p\u00e5 l\u00e5ven<\/td><td class=\"column-2\">150 \/ 250<\/td><td class=\"column-3\">Vanlig \/ Hj\u00f8rne<\/td><td class=\"column-4\"><\/td><td class=\"column-5\"><\/td>\n<\/tr>\n<tr class=\"row-6 even\">\n\t<td class=\"column-1\">Hylle p\u00e5 Hissi<\/td><td class=\"column-2\">300 \/ 600<\/td><td class=\"column-3\">Halv \/ Hel<\/td><td class=\"column-4\"><\/td><td class=\"column-5\"><\/td>\n<\/tr>\n<tr class=\"row-7 odd\">\n\t<td class=\"column-1\"><strong>Per semester<\/strong><\/td><td class=\"column-2\"><\/td><td class=\"column-3\"><\/td><td class=\"column-4\"><\/td><td class=\"column-5\"><\/td>\n<\/tr>\n<tr class=\"row-8 even\">\n\t<td class=\"column-1\">Kompressorkort<\/td><td class=\"column-2\">200<\/td><td class=\"column-3\"><\/td><td class=\"column-4\"><\/td><td class=\"column-5\"><\/td>\n<\/tr>\n<tr class=\"row-9 odd\">\n\t<td class=\"column-1\">Nitroxutvidelse<\/td><td class=\"column-2\">400<\/td><td class=\"column-3\">Tillegg til kompressorkort (kr. 200 + 400)<\/td><td class=\"column-4\"><\/td><td class=\"column-5\"><\/td>\n<\/tr>\n<\/tbody>\n<\/table>\n<!-- #tablepress-MedlemskapOsv from cache -->\n\n\n\n<ul class=\"wp-block-list\"><li>Alle medlemskap og utbetalinger er personlige, og gjelder kun for utstyr leid eller eid av innehaver. <\/li><\/ul>\n\n\n\n<p><strong>Om utleieutstyret<\/strong><\/p>\n\n\n\n<p>DGs utstyr basert p\u00e5 DIR (Doing it Right) filosifien.<\/p>\n\n\n\n<p>BCDen er av typen &#8220;Halcyon Eclipse&#8221;, en vinge med bakplate. Dette gir en rekke fordeler ovenfor jakkevesten, som at du ligger mer horisontalt i vannet, den er justerbar og sv\u00e6rt minimalistisk. Den festes ved hjelp av selet\u00f8y, og kommer da ikke i veien. Dette systemet er da mye mer ryddig, tryggere og mer behagelig enn jakkevesten.<\/p>\n\n\n\n<p>Pusteventilene er Apex ds4 med xtx50\/50 satt opp med langslange p\u00e5 150cm og bottomtimer i konsoll.<\/p>\n\n\n\n<p>Hvis dette virker nytt og rart, frykt ikke! Nesten alle i DG bruker slikt utstyr selv, og kan gjerne g\u00e5 gjennom det med deg. Det er ogs\u00e5 mulig \u00e5 h\u00f8re med rektor om oppfrisknings\/t\u00f8rrdrakt-dykk hvis du \u00f8nsker en innf\u00f8ring i dette og eventuelt t\u00f8rrdrakt.<\/p>\n","protected":false},"excerpt":{"rendered":"<p>Se utleie-kanlender her for \u00e5 booke. Betaling av leie kan skje via bankoverf\u00f8ring eller vipps: Bankoverf\u00f8ring: 8601.43.52572 &#8211; Merk med &#8220;Utstyrsleie &lt;Navn&gt;&#8221; Vipps: S\u00f8k opp NTNUI Dykkergruppa, velg utstyret og betal. Under er leieprisene for utstyr per dag. Merk at oksygenkoffert og annet sikkerhetsutstyr er gratis. Husk \u00e5 melde ifra til materialforvalter n\u00e5r utstyr leies [&hellip;]<\/p>\n","protected":false},"author":23,"featured_media":0,"parent":0,"menu_order":0,"comment_status":"closed","ping_status":"closed","template":"","meta":{"_coblocks_attr":"","_coblocks_dimensions":"","_coblocks_responsive_height":"","_coblocks_accordion_ie_support":"","_price":"","_stock":"","_tribe_ticket_header":"","_tribe_default_ticket_provider":"","_tribe_ticket_capacity":"0","_ticket_start_date":"","_ticket_end_date":"","_tribe_ticket_show_description":"","_tribe_ticket_show_not_going":false,"_tribe_ticket_use_global_stock":"","_tribe_ticket_global_stock_level":"","_global_stock_mode":"","_global_stock_cap":"","_tribe_rsvp_for_event":"","_tribe_ticket_going_count":"","_tribe_ticket_not_going_count":"","_tribe_tickets_list":[],"_tribe_ticket_has_attendee_info_fields":false,"footnotes":""},"class_list":["post-1200","page","type-page","status-publish","hentry"],"featured_image_src":null,"featured_image_src_square":null,"_links":{"self":[{"href":"https:\/\/ntnui.no\/dykkergruppa\/wp-json\/wp\/v2\/pages\/1200","targetHints":{"allow":["GET"]}}],"collection":[{"href":"https:\/\/ntnui.no\/dykkergruppa\/wp-json\/wp\/v2\/pages"}],"about":[{"href":"https:\/\/ntnui.no\/dykkergruppa\/wp-json\/wp\/v2\/types\/page"}],"author":[{"embeddable":true,"href":"https:\/\/ntnui.no\/dykkergruppa\/wp-json\/wp\/v2\/users\/23"}],"replies":[{"embeddable":true,"href":"https:\/\/ntnui.no\/dykkergruppa\/wp-json\/wp\/v2\/comments?post=1200"}],"version-history":[{"count":8,"href":"https:\/\/ntnui.no\/dykkergruppa\/wp-json\/wp\/v2\/pages\/1200\/revisions"}],"predecessor-version":[{"id":2085,"href":"https:\/\/ntnui.no\/dykkergruppa\/wp-json\/wp\/v2\/pages\/1200\/revisions\/2085"}],"wp:attachment":[{"href":"https:\/\/ntnui.no\/dykkergruppa\/wp-json\/wp\/v2\/media?parent=1200"}],"curies":[{"name":"wp","href":"https:\/\/api.w.org\/{rel}","templated":true}]}}