{"id":1188,"date":"2018-08-04T13:15:31","date_gmt":"2018-08-04T11:15:31","guid":{"rendered":"https:\/\/ntnui.no\/dykking\/?page_id=1188"},"modified":"2020-10-05T12:50:04","modified_gmt":"2020-10-05T12:50:04","slug":"sikkerhetsregler","status":"publish","type":"page","link":"https:\/\/ntnui.no\/dykkergruppa\/sikkerhetsregler\/","title":{"rendered":"Sikkerhetsregler"},"content":{"rendered":"<h2><span style=\"color: #000000\"><b>SIKKERHETSREGLER FOR<\/b><b><br \/><\/b><b>APPARATDYKKING<\/b><\/span><\/h2>\n<p><b>Disse reglene gjelder for all apparatdykking i regi av DG-NTNUI, ogs\u00e5 for enkeltmedlemmer n\u00e5r noe av DGs utstyr brukes.<\/b><\/p>\n<ol>\n<li style=\"font-weight: 400;text-align: left\"><span style=\"font-weight: 400\">Alle dykkere som skal dykke med DG skal ha:<\/span><span style=\"font-weight: 400\">Et internasjonalt anerkjent dykkersertifikat<\/span>\n<ul>\n<li style=\"font-weight: 400\"><span style=\"font-weight: 400\">F\u00e5tt en innf\u00f8ring i bruken av DGs sikkerhetsutstyr<\/span><\/li>\n<li style=\"font-weight: 400\"><span style=\"font-weight: 400\">Tilstrekkelig kunnskap\/oppl\u00e6ring om utstyr som skal leies<\/span><\/li>\n<li style=\"font-weight: 400\"><span style=\"font-weight: 400\">Godtatt \u00abEgenerkl\u00e6ringen om f\u00f8lging av DGs sikkerhetsregler, samt regler for bruk og vedlikehold av utstyr\u00bb<\/span><\/li>\n<\/ul>\n<\/li>\n<li style=\"font-weight: 400;text-align: left\"><span style=\"font-weight: 400\">Dykk aldri alene, i DG dykker vi med buddy.<\/span><\/li>\n<li style=\"font-weight: 400;text-align: left\"><span style=\"font-weight: 400\">G\u00e5 over utstyret som blir l\u00e5nt, sjekk at alt fungerer som det skal f\u00f8r dykket. L\u00e5n av utstyr skjer p\u00e5 eget ansvar. DG p\u00e5ser at ventilsett er inne til service hvert \u00e5r og flasker trykktestes annet hvert \u00e5r. <\/span><span style=\"font-weight: 400\">Det er opp til brukerne \u00e5 vedlikeholde utstyret etter hvert dykk!*<\/span><\/li>\n<li style=\"font-weight: 400;text-align: left\"><span style=\"font-weight: 400\">Ha alltid med sikkerhetsutstyr:<\/span>\n<ul>\n<li style=\"font-weight: 400\"><span style=\"font-weight: 400\">Beredskapskoffert (oksygen, knallskudd og f\u00f8rstehjelpsutstyr)<\/span><\/li>\n<li style=\"font-weight: 400\"><span style=\"font-weight: 400\">Dykkelederkoffert<\/span><\/li>\n<li style=\"font-weight: 400\"><span style=\"font-weight: 400\">Dykkeflagg<\/span><\/li>\n<li style=\"font-weight: 400\"><span style=\"font-weight: 400\">Redningsline<\/span><\/li>\n<li style=\"font-weight: 400\"><span style=\"font-weight: 400\">Redningssv\u00f8mmer (anbefalt om man har en stor nok gruppe)<\/span><\/li>\n<li style=\"font-weight: 400\"><span style=\"font-weight: 400\">Overflateberedskap\/dykkeleder<\/span><\/li>\n<\/ul>\n<\/li>\n<li style=\"font-weight: 400;text-align: left\"><span style=\"font-weight: 400\">Dykkeleder skal utnevnes ved alle dykk, og v\u00e6re kompetent p\u00e5 den dykking som bedrives. Dykkeleder burde ha CMAS P3, Padi Rescue eller CMAS P2 med dykkelederkurs (eller tilsvarende sertifisering fra en annen organisasjon). Hvis ingen tilstede har dette b\u00f8r den mest erfarne dykkeren utnevnes som dykkeleder.<\/span>\n<ul>\n<li style=\"font-weight: 400\"><span style=\"font-weight: 400\">Dykkeleder er suveren i sine avgj\u00f8relser<\/span><\/li>\n<li style=\"font-weight: 400\"><span style=\"font-weight: 400\">Dykkeleder avgj\u00f8r om forholdene p\u00e5 dykkeplassen er tilfredsstillende, og at den dykking som er planlagt er forsvarlig og i henhold med sikkerhetsregler. Sambandsforhold for telefon\/VHF skal sjekkes<\/span><\/li>\n<\/ul>\n<\/li>\n<li style=\"font-weight: 400;text-align: left\"><span style=\"font-weight: 400\">Planlegg dykket med buddy og dykkeleder p\u00e5 forh\u00e5nd, dykkerne skal avpasse dykkets vanskelighetsgrad og dybde etter sertifikat og erfaringsniv\u00e5. <\/span><b>Husk buddysjekk.<\/b>\n<ul>\n<li style=\"font-weight: 400\"><span style=\"font-weight: 400\">Avtal tid, dybde, gass-mix og retning, med b\u00e5de buddy og dykkeleder<\/span><\/li>\n<li style=\"font-weight: 400\"><span style=\"font-weight: 400\">Tillatt max-dybde for dykking med luft er <\/span><span style=\"font-weight: 400\">39 meter<\/span><\/li>\n<li style=\"font-weight: 400\"><span style=\"font-weight: 400\">Avslutt dykket p\u00e5 en slik m\u00e5te at du du <\/span><span style=\"font-weight: 400\">har minimum 50 bar igjen n\u00e5r du n\u00e5r overflaten<\/span><\/li>\n<\/ul>\n<\/li>\n<li style=\"font-weight: 400;text-align: left\"><span style=\"font-weight: 400\">P\u00e5 DG-arrangerte dykk skal det ikke legges opp til dekompresjonsdykk<\/span><\/li>\n<li style=\"font-weight: 400;text-align: left\"><span style=\"font-weight: 400\">Hold kontakten med buddy under hele dykket. Om man mister hverandre, let p\u00e5 bunn i 1 minutt f\u00f8r man stiger til overflaten med en trygg hastighet.<\/span><\/li>\n<li style=\"font-weight: 400;text-align: left\"><span style=\"font-weight: 400\">Ikke n\u00f8l med \u00e5 droppe bly om n\u00f8dvendig, dette dekkes av blyfondet til NDF (Den som dropper bly m\u00e5 selv s\u00f8ke om refundering).<\/span><\/li>\n<li style=\"font-weight: 400;text-align: left\"><span style=\"font-weight: 400\">Ikke dykk n\u00e5r du f\u00f8ler deg uvel, usikker eller er p\u00e5virket av medisiner\/alkohol. Det er ikke flaut \u00e5 st\u00e5 over eller avbryte et dykk.<\/span><\/li>\n<\/ol>\n<p><span style=\"font-weight: 400\">Styret og dykkeleder har full anledning til \u00e5 nekte personer \u00e5 dykke sammen med DG hvis hen mener vedkommende kan utgj\u00f8re en sikkerhetsrisiko for seg selv eller andre. Styret og dykkeleder har ogs\u00e5 rett til \u00e5 kontrollere om dykkeren har korrekt sertifikat og oppf\u00f8rer seg i henhold til reglene. Ved brudd p\u00e5 reglene kan konsekvenser som generelt dykkeforbud el.l. forekomme.\u00a0<\/span><\/p>\n<p><span style=\"font-weight: 400\">*Dette omtaler generelt vedlikehold etter endt dykk, som skylling, og t\u00f8rking.<\/span><\/p>\n\n\n<p><\/p>\n","protected":false},"excerpt":{"rendered":"<p>SIKKERHETSREGLER FORAPPARATDYKKING Disse reglene gjelder for all apparatdykking i regi av DG-NTNUI, ogs\u00e5 for enkeltmedlemmer n\u00e5r noe av DGs utstyr brukes. Alle dykkere som skal dykke med DG skal ha:Et internasjonalt anerkjent dykkersertifikat F\u00e5tt en innf\u00f8ring i bruken av DGs sikkerhetsutstyr Tilstrekkelig kunnskap\/oppl\u00e6ring om utstyr som skal leies Godtatt \u00abEgenerkl\u00e6ringen om f\u00f8lging av DGs sikkerhetsregler, [&hellip;]<\/p>\n","protected":false},"author":23,"featured_media":0,"parent":0,"menu_order":0,"comment_status":"closed","ping_status":"closed","template":"","meta":{"_coblocks_attr":"","_coblocks_dimensions":"","_coblocks_responsive_height":"","_coblocks_accordion_ie_support":"","_price":"","_stock":"","_tribe_ticket_header":"","_tribe_default_ticket_provider":"","_tribe_ticket_capacity":"0","_ticket_start_date":"","_ticket_end_date":"","_tribe_ticket_show_description":"","_tribe_ticket_show_not_going":false,"_tribe_ticket_use_global_stock":"","_tribe_ticket_global_stock_level":"","_global_stock_mode":"","_global_stock_cap":"","_tribe_rsvp_for_event":"","_tribe_ticket_going_count":"","_tribe_ticket_not_going_count":"","_tribe_tickets_list":[],"_tribe_ticket_has_attendee_info_fields":false,"footnotes":""},"class_list":["post-1188","page","type-page","status-publish","hentry"],"featured_image_src":null,"featured_image_src_square":null,"_links":{"self":[{"href":"https:\/\/ntnui.no\/dykkergruppa\/wp-json\/wp\/v2\/pages\/1188","targetHints":{"allow":["GET"]}}],"collection":[{"href":"https:\/\/ntnui.no\/dykkergruppa\/wp-json\/wp\/v2\/pages"}],"about":[{"href":"https:\/\/ntnui.no\/dykkergruppa\/wp-json\/wp\/v2\/types\/page"}],"author":[{"embeddable":true,"href":"https:\/\/ntnui.no\/dykkergruppa\/wp-json\/wp\/v2\/users\/23"}],"replies":[{"embeddable":true,"href":"https:\/\/ntnui.no\/dykkergruppa\/wp-json\/wp\/v2\/comments?post=1188"}],"version-history":[{"count":1,"href":"https:\/\/ntnui.no\/dykkergruppa\/wp-json\/wp\/v2\/pages\/1188\/revisions"}],"predecessor-version":[{"id":2016,"href":"https:\/\/ntnui.no\/dykkergruppa\/wp-json\/wp\/v2\/pages\/1188\/revisions\/2016"}],"wp:attachment":[{"href":"https:\/\/ntnui.no\/dykkergruppa\/wp-json\/wp\/v2\/media?parent=1188"}],"curies":[{"name":"wp","href":"https:\/\/api.w.org\/{rel}","templated":true}]}}