{"id":1170,"date":"2018-08-04T12:25:02","date_gmt":"2018-08-04T10:25:02","guid":{"rendered":"https:\/\/ntnui.no\/dykking\/?page_id=1170"},"modified":"2025-02-10T11:05:55","modified_gmt":"2025-02-10T11:05:55","slug":"medlemskap","status":"publish","type":"page","link":"https:\/\/ntnui.no\/dykkergruppa\/medlemskap\/","title":{"rendered":"Medlemskap"},"content":{"rendered":"<p><strong>Hvordan bli medlem?<\/strong><\/p>\n<ol>\n<li>\u00a0Meld deg inn i NTNUI ved \u00e5 fysisk dra til SiT trening gl\u00f8shaugen og sp\u00f8r i skranken om medlemskap i NTNUI.\u00a0 For studenter koster dette rundt 700,- per skole\u00e5r. Om du ikke er student eller har tidligere v\u00e6rt student kontakt leder i gruppen p\u00e5 epost.<\/li>\n<li>\u00a0Betal medlemsavgiften til Dykkergruppa ved \u00e5 overf\u00f8re eller Vippse:\n<ul>\n<li><strong>Bankoverf\u00f8ring:<\/strong><\/li>\n<li>overf\u00f8r (200 kr)<\/li>\n<li>Kontonr: 8601 43 52572<\/li>\n<li>NB: Merk med navn og &#8220;medlemsregistrering&#8221;<\/li>\n<li>IBAN: NO41 8601 4352 572<\/li>\n<li>BIC\/SWIFT: DABANO22<\/li>\n<li><strong>Vipps: <\/strong><\/li>\n<li>VIPPS betal (210 kr) : s\u00f8k : &#8220;NTNUi Dykkergruppa&#8221;<\/li>\n<li>NB: bruk &#8220;medlemskap &#8211; Memebership&#8221;<\/li>\n<\/ul>\n<\/li>\n<li>N\u00e5r du har betalt kan du da logge deg inn p\u00e5 <a href=\"https:\/\/medlem.ntnui.no\/\">NTNUIs medlemsider.<\/a> \u00a0 og melde deg inn i <a href=\"https:\/\/medlem.ntnui.no\/groups\/dykkergruppa\/\">dykkergruppa .<\/a><\/li>\n<li>Dykkergruppa bruker Slack og Instagram, s\u00e5 for \u00e5 f\u00e5 tilgang p\u00e5 fersk info, meld deg inn i slack siden v\u00e5r. Alt sosialt og viktig info legges ut p\u00e5 &#8220;Sosial info&#8221;, og &#8220;General&#8221;, om du \u00f8nsker \u00e5 dykke s\u00e5 arrangere vi s\u00f8ndagsdykk p\u00e5 kanalen &#8220;S\u00f8ndagsdykk.<\/li>\n<\/ol>\n<p><strong>Slack<\/strong> : https:\/\/join.slack.com\/t\/ntnuidykkergruppahq\/shared_invite\/zt-2lmum1ff6-V0tI7YDYt0eJumo0sKIvhA<\/p>\n<p><strong>Instagram :<\/strong> https:\/\/www.instagram.com\/ntnui_dykkergruppa\/<\/p>\n<div><b>Er det noe du lurer p\u00e5 ang\u00e5ende medlemskap og informasjon, ikke n\u00f8l med \u00e5 ta kontakt med styret.\u00a0<\/b><\/div>\n\n\n<p><\/p>\n","protected":false},"excerpt":{"rendered":"<p>Hvordan bli medlem? \u00a0Meld deg inn i NTNUI ved \u00e5 fysisk dra til SiT trening gl\u00f8shaugen og sp\u00f8r i skranken om medlemskap i NTNUI.\u00a0 For studenter koster dette rundt 700,- per skole\u00e5r. Om du ikke er student eller har tidligere v\u00e6rt student kontakt leder i gruppen p\u00e5 epost. \u00a0Betal medlemsavgiften til Dykkergruppa ved \u00e5 overf\u00f8re [&hellip;]<\/p>\n","protected":false},"author":23,"featured_media":0,"parent":0,"menu_order":0,"comment_status":"closed","ping_status":"closed","template":"","meta":{"_coblocks_attr":"","_coblocks_dimensions":"","_coblocks_responsive_height":"","_coblocks_accordion_ie_support":"","_price":"","_stock":"","_tribe_ticket_header":"","_tribe_default_ticket_provider":"","_tribe_ticket_capacity":"0","_ticket_start_date":"","_ticket_end_date":"","_tribe_ticket_show_description":"","_tribe_ticket_show_not_going":false,"_tribe_ticket_use_global_stock":"","_tribe_ticket_global_stock_level":"","_global_stock_mode":"","_global_stock_cap":"","_tribe_rsvp_for_event":"","_tribe_ticket_going_count":"","_tribe_ticket_not_going_count":"","_tribe_tickets_list":[],"_tribe_ticket_has_attendee_info_fields":false,"footnotes":""},"class_list":["post-1170","page","type-page","status-publish","hentry"],"featured_image_src":null,"featured_image_src_square":null,"_links":{"self":[{"href":"https:\/\/ntnui.no\/dykkergruppa\/wp-json\/wp\/v2\/pages\/1170","targetHints":{"allow":["GET"]}}],"collection":[{"href":"https:\/\/ntnui.no\/dykkergruppa\/wp-json\/wp\/v2\/pages"}],"about":[{"href":"https:\/\/ntnui.no\/dykkergruppa\/wp-json\/wp\/v2\/types\/page"}],"author":[{"embeddable":true,"href":"https:\/\/ntnui.no\/dykkergruppa\/wp-json\/wp\/v2\/users\/23"}],"replies":[{"embeddable":true,"href":"https:\/\/ntnui.no\/dykkergruppa\/wp-json\/wp\/v2\/comments?post=1170"}],"version-history":[{"count":22,"href":"https:\/\/ntnui.no\/dykkergruppa\/wp-json\/wp\/v2\/pages\/1170\/revisions"}],"predecessor-version":[{"id":2356,"href":"https:\/\/ntnui.no\/dykkergruppa\/wp-json\/wp\/v2\/pages\/1170\/revisions\/2356"}],"wp:attachment":[{"href":"https:\/\/ntnui.no\/dykkergruppa\/wp-json\/wp\/v2\/media?parent=1170"}],"curies":[{"name":"wp","href":"https:\/\/api.w.org\/{rel}","templated":true}]}}