{"id":3194,"date":"2023-02-05T11:11:10","date_gmt":"2023-02-05T11:11:10","guid":{"rendered":"https:\/\/ntnui.no\/cheerleading\/?page_id=3194"},"modified":"2023-02-05T11:11:11","modified_gmt":"2023-02-05T11:11:11","slug":"varsling","status":"publish","type":"page","link":"https:\/\/ntnui.no\/cheerleading\/varsling\/","title":{"rendered":"Varsling"},"content":{"rendered":"\n<p>Har du opplevd trakassering i NTNUI \u00f8nsker vi at du tar kontakt s\u00e5 dette ikke skjer igjen. Vi er et stort idrettslag og \u00f8nsker at det skal v\u00e6re \u00e5pent for alle v\u00e5re medlemmer.<br><br>Kontakt&nbsp;<a href=\"mailto:varsling@ntnui.no\">varsling@ntnui.no<\/a>&nbsp;for \u00e5 varsle. Denne mailen g\u00e5r til alle kontaktpersonene. Du kan ogs\u00e5 kontakte individuelle dersom du \u00f8nsker det.&nbsp;<\/p>\n\n\n\n<p>Vi behandler alle sensitive saker med h\u00f8y diskresjon. \u00d8nsker du \u00e5 v\u00e6re anonym skal vi legge til rette for at alt blir behandlet godt. V\u00e5re kontakter tar deg seri\u00f8st og behandler saken p\u00e5 en ordentlig m\u00e5te. Du f\u00e5r ogs\u00e5 siste ord hvis kontakten din \u00f8nsker \u00e5 involvere noen andre i granskingen som f\u00f8lger en slik varsling.<\/p>\n\n\n\n<p>Kontaktene v\u00e5re kan motta meldinger over den krypterte meldingskanalen&nbsp;<a href=\"https:\/\/signal.org\">Signal&nbsp;<\/a>hvis det er \u00f8nskelig. Her kan du ogs\u00e5 ringe helt kryptert.<\/p>\n\n\n\n<p><em>Det kommer en anonym l\u00f8sning, men anbefaler at man kontakter lovutvalget med navn. De behandler alle saker med taushetsplikt, og sikrer din informasjon. Da har man ogs\u00e5 mulighet til \u00e5 f\u00f8lge opp for \u00e5 l\u00f8se saken best mulig<\/em>.<\/p>\n\n\n\n<div class=\"wp-block-buttons is-layout-flex wp-block-buttons-is-layout-flex\">\n<div class=\"wp-block-button\"><a class=\"wp-block-button__link\" href=\"https:\/\/ntnui.no\/varsling\/\">Oversikt over lovutvalget<\/a><\/div>\n<\/div>\n","protected":false},"excerpt":{"rendered":"<p>Har du opplevd trakassering i NTNUI \u00f8nsker vi at du tar kontakt s\u00e5 dette ikke skjer igjen. Vi er et stort idrettslag og \u00f8nsker at det skal v\u00e6re \u00e5pent for alle v\u00e5re medlemmer. Kontakt&nbsp;varsling@ntnui.no&nbsp;for \u00e5 varsle. Denne mailen g\u00e5r til alle kontaktpersonene. Du kan ogs\u00e5 kontakte individuelle dersom du \u00f8nsker det.&nbsp; Vi behandler alle sensitive [&hellip;]<\/p>\n","protected":false},"author":349,"featured_media":0,"parent":0,"menu_order":0,"comment_status":"closed","ping_status":"closed","template":"","meta":{"_coblocks_attr":"","_coblocks_dimensions":"","_coblocks_responsive_height":"","_coblocks_accordion_ie_support":"","_price":"","_stock":"","_tribe_ticket_header":"","_tribe_default_ticket_provider":"","_tribe_ticket_capacity":"0","_ticket_start_date":"","_ticket_end_date":"","_tribe_ticket_show_description":"","_tribe_ticket_show_not_going":false,"_tribe_ticket_use_global_stock":"","_tribe_ticket_global_stock_level":"","_global_stock_mode":"","_global_stock_cap":"","_tribe_rsvp_for_event":"","_tribe_ticket_going_count":"","_tribe_ticket_not_going_count":"","_tribe_tickets_list":[],"_tribe_ticket_has_attendee_info_fields":false,"footnotes":""},"class_list":["post-3194","page","type-page","status-publish","hentry"],"featured_image_src":null,"featured_image_src_square":null,"_links":{"self":[{"href":"https:\/\/ntnui.no\/cheerleading\/wp-json\/wp\/v2\/pages\/3194","targetHints":{"allow":["GET"]}}],"collection":[{"href":"https:\/\/ntnui.no\/cheerleading\/wp-json\/wp\/v2\/pages"}],"about":[{"href":"https:\/\/ntnui.no\/cheerleading\/wp-json\/wp\/v2\/types\/page"}],"author":[{"embeddable":true,"href":"https:\/\/ntnui.no\/cheerleading\/wp-json\/wp\/v2\/users\/349"}],"replies":[{"embeddable":true,"href":"https:\/\/ntnui.no\/cheerleading\/wp-json\/wp\/v2\/comments?post=3194"}],"version-history":[{"count":1,"href":"https:\/\/ntnui.no\/cheerleading\/wp-json\/wp\/v2\/pages\/3194\/revisions"}],"predecessor-version":[{"id":3195,"href":"https:\/\/ntnui.no\/cheerleading\/wp-json\/wp\/v2\/pages\/3194\/revisions\/3195"}],"wp:attachment":[{"href":"https:\/\/ntnui.no\/cheerleading\/wp-json\/wp\/v2\/media?parent=3194"}],"curies":[{"name":"wp","href":"https:\/\/api.w.org\/{rel}","templated":true}]}}