{"id":2986,"date":"2022-08-07T14:06:51","date_gmt":"2022-08-07T14:06:51","guid":{"rendered":"https:\/\/ntnui.no\/cheerleading\/?page_id=2986"},"modified":"2026-01-04T20:49:22","modified_gmt":"2026-01-04T20:49:22","slug":"laguttak","status":"publish","type":"page","link":"https:\/\/ntnui.no\/cheerleading\/laguttak\/","title":{"rendered":"Lagp\u00e5melding"},"content":{"rendered":"\n<p>For \u00e5 f\u00e5 plass p\u00e5 et av v\u00e5re konkurranselag m\u00e5 du delta p\u00e5 laguttak. P\u00e5 Orion har vi ikke et laguttak, men man m\u00e5 fortsatt fylle ut skjemaet for \u00e5 bli med p\u00e5 laget. Vi arrangerer uttak p\u00e5 starten av h\u00f8stsemesteret. Du f\u00e5r tilbudt en plass for hele sesongen (fra starten av september til starten av april).  P\u00e5  Cosmos trenger du kun \u00e5 forplikte deg til ett semester av gangen, mens p\u00e5 Titans forplikter du deg til full sesong med en gang. Dersom ledige plasser \u00e5pner seg, vil vi arrangere suppleringsuttak i januar.&nbsp;<\/p>\n\n\n\n<p>Et laguttak er ikke som typiske \u201cauditions\u201d som man ser p\u00e5 film. Ingen kommer til \u00e5 tvinge deg til \u00e5 st\u00e5 alene foran publikum og gj\u00f8re triks du ikke kan.&nbsp;<\/p>\n\n\n\n<p>Det som derimot vil skje er at du f\u00e5r en navnelapp ved ankomst slik at trenerne vet hvem du er.  I noen tilfeller tar trenere ogs\u00e5 bilder av grupper sammen for \u00e5 huske hvem som fungerte ekstra godt sammen og liknende.&nbsp;<\/p>\n\n\n\n<p>Under uttaket oppfordres man til \u00e5 pr\u00f8ve \u00e5 utfordre seg selv litt. Du kan bli bedt om \u00e5 pr\u00f8ve \u00e5 gj\u00f8re nye ting du ikke har gjort f\u00f8r, men kun n\u00e5r treneren har troa p\u00e5 at du f\u00e5r det til, og selvf\u00f8lgelig f\u00e5r du ogs\u00e5 hjelp.&nbsp;<\/p>\n\n\n\n<p>Husk at trenerne ser etter potensialet i oss, de er ute etter \u00e5 se hva vi kan, ikke hva vi IKKE kan. Og om du skulle bomme p\u00e5 masse ting p\u00e5 uttak s\u00e5 er det heller ikke krise, ta det med positiv innstilling, det sier mye om deg som ut\u00f8ver.&nbsp;<\/p>\n\n\n\n<p><\/p>\n\n\n\n<div class=\"wp-block-buttons is-layout-flex wp-block-buttons-is-layout-flex\">\n<div class=\"wp-block-button\"><a class=\"wp-block-button__link wp-element-button\" href=\"https:\/\/docs.google.com\/forms\/d\/e\/1FAIpQLSdICiF3nh5Xnu7tlkxedWkV1o9QZ4wbKXVIAXq1Sn4wDUQj9Q\/closedform\" target=\"_blank\" rel=\"noreferrer noopener\">Lagp\u00e5melding\/Laguttak<\/a><\/div>\n<\/div>\n\n\n\n<figure class=\"wp-block-image size-large\"><a href=\"https:\/\/docs.google.com\/forms\/d\/e\/1FAIpQLScSp8sN0OSIRglYaXTfSRP5h7u6wBQt_YZBJa2CPowrsppkKA\/viewform?usp=sf_link\"><img loading=\"lazy\" decoding=\"async\" width=\"6000\" height=\"4000\" src=\"https:\/\/ntnui.no\/cheerleading\/wp-content\/uploads\/sites\/245\/2024\/06\/2023-03-16_JohanneNyutstumoen_CGP-6.jpg\" alt=\"\" class=\"wp-image-3761\" \/><\/a><figcaption class=\"wp-element-caption\">Foto: Johanne Nyutstumoen\/NTNUI<\/figcaption><\/figure>\n","protected":false},"excerpt":{"rendered":"<p>For \u00e5 f\u00e5 plass p\u00e5 et av v\u00e5re konkurranselag m\u00e5 du delta p\u00e5 laguttak. P\u00e5 Orion har vi ikke et laguttak, men man m\u00e5 fortsatt fylle ut skjemaet for \u00e5 bli med p\u00e5 laget. Vi arrangerer uttak p\u00e5 starten av h\u00f8stsemesteret. Du f\u00e5r tilbudt en plass for hele sesongen (fra starten av september til starten [&hellip;]<\/p>\n","protected":false},"author":349,"featured_media":0,"parent":0,"menu_order":0,"comment_status":"closed","ping_status":"closed","template":"","meta":{"_coblocks_attr":"","_coblocks_dimensions":"","_coblocks_responsive_height":"","_coblocks_accordion_ie_support":"","_price":"","_stock":"","_tribe_ticket_header":"","_tribe_default_ticket_provider":"","_tribe_ticket_capacity":"0","_ticket_start_date":"","_ticket_end_date":"","_tribe_ticket_show_description":"","_tribe_ticket_show_not_going":false,"_tribe_ticket_use_global_stock":"","_tribe_ticket_global_stock_level":"","_global_stock_mode":"","_global_stock_cap":"","_tribe_rsvp_for_event":"","_tribe_ticket_going_count":"","_tribe_ticket_not_going_count":"","_tribe_tickets_list":[],"_tribe_ticket_has_attendee_info_fields":false,"footnotes":""},"class_list":["post-2986","page","type-page","status-publish","hentry"],"featured_image_src":null,"featured_image_src_square":null,"_links":{"self":[{"href":"https:\/\/ntnui.no\/cheerleading\/wp-json\/wp\/v2\/pages\/2986","targetHints":{"allow":["GET"]}}],"collection":[{"href":"https:\/\/ntnui.no\/cheerleading\/wp-json\/wp\/v2\/pages"}],"about":[{"href":"https:\/\/ntnui.no\/cheerleading\/wp-json\/wp\/v2\/types\/page"}],"author":[{"embeddable":true,"href":"https:\/\/ntnui.no\/cheerleading\/wp-json\/wp\/v2\/users\/349"}],"replies":[{"embeddable":true,"href":"https:\/\/ntnui.no\/cheerleading\/wp-json\/wp\/v2\/comments?post=2986"}],"version-history":[{"count":20,"href":"https:\/\/ntnui.no\/cheerleading\/wp-json\/wp\/v2\/pages\/2986\/revisions"}],"predecessor-version":[{"id":4074,"href":"https:\/\/ntnui.no\/cheerleading\/wp-json\/wp\/v2\/pages\/2986\/revisions\/4074"}],"wp:attachment":[{"href":"https:\/\/ntnui.no\/cheerleading\/wp-json\/wp\/v2\/media?parent=2986"}],"curies":[{"name":"wp","href":"https:\/\/api.w.org\/{rel}","templated":true}]}}