{"id":2720,"date":"2022-03-29T18:08:22","date_gmt":"2022-03-29T18:08:22","guid":{"rendered":"https:\/\/ntnui.no\/cheerleading\/?page_id=2720"},"modified":"2026-03-03T18:23:37","modified_gmt":"2026-03-03T18:23:37","slug":"stotte-og-utgifter","status":"publish","type":"page","link":"https:\/\/ntnui.no\/cheerleading\/stotte-og-utgifter\/","title":{"rendered":"Utgifter 25\/26"},"content":{"rendered":"\n<p>NTNUI Cheerleading \u00f8nsker \u00e5 gj\u00f8re det s\u00e5 billig som mulig \u00e5 v\u00e6re med p\u00e5 v\u00e5re lag, siden de fleste av v\u00e5re medlemmer er fulltidsstudenter. V\u00e5re hovedutgifter er p\u00e5 konkurranse hvert semester, den morsomme delen av sporten. H\u00f8sten 2025 deltar lagene v\u00e5re p\u00e5 Norwegian Open i Lillestr\u00f8m, og v\u00e5ren 2026 deltar vi p\u00e5 Spring Open i B\u00e6rum. Vi gleder oss til to helger fylt med opplevelser og hygge!<\/p>\n\n\n\n<div class=\"wp-block-group\"><div class=\"wp-block-group__inner-container is-layout-flow wp-block-group-is-layout-flow\">\n<figure class=\"wp-block-table alignfull is-style-regular\"><table><tbody><tr><td>Medlemskap i NTNUI Cheerleading hele 25\/26 sesongen<br><br>Medlemskap i NTNUI Cheerleading kun ett semester<\/td><td class=\"has-text-align-left\" data-align=\"left\">1400 (Titans\/Cosmos)<br>500 (Orion)<br><br>1100 (Titans\/Cosmos)<br>300 (Orion)<\/td><td>Dekker medlemsavgift, konkurranseavgifter og lisens (forsikring).<br><br>Hvis du var medlem h\u00f8stsemesteret og kun betalte for ett semester, men \u00f8nsker \u00e5 v\u00e6re medlem v\u00e5rsemesteret ogs\u00e5, trenger du kun betale 400 kr ekstra.<\/td><\/tr><tr><td>Sit treningsmedlemskap<\/td><td class=\"has-text-align-left\" data-align=\"left\">235kr per m\u00e5ned<br>(2820kr for et helt \u00e5r)<\/td><td>Man M\u00c5 ha Sit-medlemskap for \u00e5 trene med oss. Prisen gjelder medlemskap med et \u00e5rs bindingstid og inkludert NTNUI medlemskap, Merk at du M\u00c5 ha NTNUI medlemskap, s\u00e5 hvis du kj\u00f8per Sit medlemskap uten inkludert NTNUI medlemskap m\u00e5 du kj\u00f8pe det utenom (700kr).<br>Dette er det billigste medlemskapet, se Sit sin hjemmeside for andre medlemskap<\/td><\/tr><tr><td>Fly tur\/retur h\u00f8st<br><br>Fly tur\/retur v\u00e5r<\/td><td class=\"has-text-align-left\" data-align=\"left\">1000kr (under 26) (Titans\/Cosmos)<br><br>1000kr (under 26) (Titans\/Cosmos)<\/td><td>Ved reise til konkurranse m\u00e5 ut\u00f8vere betale egen busstransport\/flybuss\/lokaltog etc. Ut\u00f8verne f\u00e5r litt over 400kr i reisest\u00f8tte fra NTNUIs Hovedstyre, som tilbakebetales p\u00e5 etterskudd.<br>For \u00e5 f\u00e5 reisest\u00f8tte m\u00e5 ut\u00f8vere reise i godkjent bekledning og sende inn reiseregningsskjema med vedlagt reisebekreftelse.<\/td><\/tr><tr><td>Opphold p\u00e5 konkurranser<br><br><br><br><br><br>H\u00f8st<br><br>V\u00e5r<\/td><td class=\"has-text-align-left\" data-align=\"left\"><br><br><br><br><br><br><br><br>0kr<br><br>1200 kr + Mat 700kr (Titans\/Cosmos)<\/td><td>Reise- og materialansvarlig organiserer slik at alle har en plass \u00e5 sove. Det er alltid mange som kommer fra \u00d8stlandet\/har venner og familie de kan bo hos. Resten pleier vi innkvartere hos hverandre, der det er hjerterom er det husrom &lt;3<br>V\u00e5rkonkurransen, NCS, skjer i Oslofjord<br>Convention Center, som er en<br>konferanselandsby utenfor T\u00f8nsberg. Vi<br>pleier \u00e5 oppholde oss der 2 dager, for \u00e5 f\u00e5<br>med oss topplagene + andre aktiviteter.<\/td><\/tr><tr><td>Utstyr<\/td><td class=\"has-text-align-left\" data-align=\"left\"> fra 0kr<\/td><td>Se <span style=\"text-decoration: underline\"><a href=\"https:\/\/ntnui.no\/cheerleading\/om-ntnui-cheerleading\/\" data-type=\"URL\" data-id=\"https:\/\/ntnui.no\/cheerleading\/om-ntnui-cheerleading\/\">&#8220;Utstyr og Merch&#8221;<\/a><\/span><\/td><\/tr><tr><td>Dugnad<\/td><td class=\"has-text-align-left\" data-align=\"left\">0kr<\/td><td>Ut\u00f8vere p\u00e5 alle lag er forventet  \u00e5 delta p\u00e5 1-2 dugnads\u00f8kter i l\u00f8pet av semesteret.<\/td><\/tr><\/tbody><\/table><figcaption class=\"wp-element-caption\">Utgiftene er et estimat, og det kan forekomme endringer i reisekostnader<\/figcaption><\/figure>\n\n\n\n<p><\/p>\n<\/div><\/div>\n","protected":false},"excerpt":{"rendered":"<p>NTNUI Cheerleading \u00f8nsker \u00e5 gj\u00f8re det s\u00e5 billig som mulig \u00e5 v\u00e6re med p\u00e5 v\u00e5re lag, siden de fleste av v\u00e5re medlemmer er fulltidsstudenter. V\u00e5re hovedutgifter er p\u00e5 konkurranse hvert semester, den morsomme delen av sporten. H\u00f8sten 2025 deltar lagene v\u00e5re p\u00e5 Norwegian Open i Lillestr\u00f8m, og v\u00e5ren 2026 deltar vi p\u00e5 Spring Open i [&hellip;]<\/p>\n","protected":false},"author":349,"featured_media":0,"parent":0,"menu_order":0,"comment_status":"closed","ping_status":"closed","template":"","meta":{"_coblocks_attr":"","_coblocks_dimensions":"","_coblocks_responsive_height":"","_coblocks_accordion_ie_support":"","_price":"","_stock":"","_tribe_ticket_header":"","_tribe_default_ticket_provider":"","_tribe_ticket_capacity":"0","_ticket_start_date":"","_ticket_end_date":"","_tribe_ticket_show_description":"","_tribe_ticket_show_not_going":false,"_tribe_ticket_use_global_stock":"","_tribe_ticket_global_stock_level":"","_global_stock_mode":"","_global_stock_cap":"","_tribe_rsvp_for_event":"","_tribe_ticket_going_count":"","_tribe_ticket_not_going_count":"","_tribe_tickets_list":[],"_tribe_ticket_has_attendee_info_fields":false,"footnotes":""},"class_list":["post-2720","page","type-page","status-publish","hentry"],"featured_image_src":null,"featured_image_src_square":null,"_links":{"self":[{"href":"https:\/\/ntnui.no\/cheerleading\/wp-json\/wp\/v2\/pages\/2720","targetHints":{"allow":["GET"]}}],"collection":[{"href":"https:\/\/ntnui.no\/cheerleading\/wp-json\/wp\/v2\/pages"}],"about":[{"href":"https:\/\/ntnui.no\/cheerleading\/wp-json\/wp\/v2\/types\/page"}],"author":[{"embeddable":true,"href":"https:\/\/ntnui.no\/cheerleading\/wp-json\/wp\/v2\/users\/349"}],"replies":[{"embeddable":true,"href":"https:\/\/ntnui.no\/cheerleading\/wp-json\/wp\/v2\/comments?post=2720"}],"version-history":[{"count":45,"href":"https:\/\/ntnui.no\/cheerleading\/wp-json\/wp\/v2\/pages\/2720\/revisions"}],"predecessor-version":[{"id":4108,"href":"https:\/\/ntnui.no\/cheerleading\/wp-json\/wp\/v2\/pages\/2720\/revisions\/4108"}],"wp:attachment":[{"href":"https:\/\/ntnui.no\/cheerleading\/wp-json\/wp\/v2\/media?parent=2720"}],"curies":[{"name":"wp","href":"https:\/\/api.w.org\/{rel}","templated":true}]}}