{"id":2709,"date":"2022-03-29T10:32:15","date_gmt":"2022-03-29T10:32:15","guid":{"rendered":"https:\/\/ntnui.no\/cheerleading\/?page_id=2709"},"modified":"2025-12-19T12:21:44","modified_gmt":"2025-12-19T12:21:44","slug":"om-oss","status":"publish","type":"page","link":"https:\/\/ntnui.no\/cheerleading\/om-oss\/","title":{"rendered":"Historie"},"content":{"rendered":"\n<p>NTNUI Cheerleading ble startet i 2012 av Helene Dr\u00e5gen. Form\u00e5let med gruppa er \u00e5 kunne drive med cheerleading, samtidig som man er fulltidsstudenter med alt det m\u00e5tte inneb\u00e6re. Vi ble h\u00f8sten 2012 et offisielt utvalg i NTNUI og vi deltok i norgesmesterskapet f\u00f8rste gang i 2014. V\u00e5ren 2020 fikk vi endelig status som gruppe i NTNUI og h\u00f8sten 2021 utvidet vi tilbudet v\u00e5rt og startet opp et nybegynnerlag. I dag best\u00e5r gruppa av to konkurrerende breddelag og ett ikke konkurerende lag med totalt rundt 60 medlemmer.\u00a0<\/p>\n\n\n\n<figure class=\"wp-block-image size-large\"><img loading=\"lazy\" decoding=\"async\" width=\"2000\" height=\"1414\" src=\"https:\/\/ntnui.no\/cheerleading\/wp-content\/uploads\/sites\/245\/2024\/06\/Design-uten-navn-5.png\" alt=\"\" class=\"wp-image-3768\" \/><\/figure>\n\n\n\n<p class=\"has-text-align-center\" style=\"font-size:40px\"><strong>Resultater<\/strong><\/p>\n\n\n\n<figure class=\"wp-block-pullquote\"><blockquote><p>Sesong 2025\/2026<\/p><\/blockquote><\/figure>\n\n\n\n<div class=\"wp-block-coblocks-accordion\">\n<div class=\"wp-block-coblocks-accordion-item\"><details><summary class=\"wp-block-coblocks-accordion-item__title\"><strong>Norwegian Open 2025<\/strong><\/summary><div class=\"wp-block-coblocks-accordion-item__content\">\n<p><strong>NTNUI Cosmos<\/strong> Senior Cheer Coed Median (level 3)<\/p>\n\n\n\n<figure class=\"wp-block-table\"><table><tbody><tr><td>Plass<\/td><td>Lag<\/td><td>Score<\/td><\/tr><tr><td>1.<\/td><td>NTNUI Cosmos<\/td><td>56,90<\/td><\/tr><tr><td>2.<\/td><td>Vikings SeniNRC Tigers Dynamos<\/td><td>56,60<\/td><\/tr><tr><td>3.<\/td><td>TC Panthers Untamed<\/td><td>55,60<\/td><\/tr><tr><td>4.<\/td><td>BIA Midas Allgirl 3<\/td><td>52,20<\/td><\/tr><\/tbody><\/table><\/figure>\n\n\n\n<p><strong>NTNUI Titans <\/strong>Senior Cheer All Girl Elite (level 5)<\/p>\n\n\n\n<figure class=\"wp-block-table\"><table><tbody><tr><td>Plass<\/td><td>Lag<\/td><td>Score<\/td><\/tr><tr><td>1.<\/td><td>Viqueens AG5<\/td><td>63,30<\/td><\/tr><tr><td>2.<\/td><td>NTNUI Titans<\/td><td>62,30<\/td><\/tr><tr><td>3.<\/td><td>HCT Bobcats Army<\/td><td>56,10<\/td><\/tr><\/tbody><\/table><\/figure>\n\n\n\n<p><\/p>\n<\/div><\/details><\/div>\n<\/div>\n\n\n\n<figure class=\"wp-block-pullquote\"><blockquote><p>Sesong 2024\/2025<\/p><\/blockquote><\/figure>\n\n\n\n<div class=\"wp-block-coblocks-accordion\">\n<div class=\"wp-block-coblocks-accordion-item\"><details><summary class=\"wp-block-coblocks-accordion-item__title\"><strong>Spring Open 2025<\/strong><\/summary><div class=\"wp-block-coblocks-accordion-item__content\">\n<p><strong>NTNUI Cosmos<\/strong> Senior Cheer Coed Median (level 3)<\/p>\n\n\n\n<figure class=\"wp-block-table\"><table><tbody><tr><td>Plass<\/td><td>Lag<\/td><td>Score<\/td><\/tr><tr><td>1.<\/td><td>NTNUI Cosmos<\/td><td>63,6<\/td><\/tr><tr><td>2.<\/td><td>NRC Tigers Dynamos<\/td><td>56,4<\/td><\/tr><\/tbody><\/table><\/figure>\n\n\n\n<p><strong>NTNUI Titans <\/strong>Senior Cheer All Girl Elite (level 5)<\/p>\n\n\n\n<figure class=\"wp-block-table\"><table><tbody><tr><td>Plass<\/td><td>Lag<\/td><td>Score<\/td><\/tr><tr><td>1.<\/td><td>NTNUI Titans<\/td><td>71,6<\/td><\/tr><tr><td>2.<\/td><td>Viqueens AG5<\/td><td>63,4<\/td><\/tr><tr><td>3.<\/td><td>SCT Vipers Venom<\/td><td>57,5<\/td><\/tr><tr><td>4.<\/td><td>Seahawks AG 5<\/td><td>54,8<\/td><\/tr><\/tbody><\/table><\/figure>\n\n\n\n<p><\/p>\n<\/div><\/details><\/div>\n\n\n\n<div class=\"wp-block-coblocks-accordion-item\"><details><summary class=\"wp-block-coblocks-accordion-item__title\"><strong>Norwegian Open 2024<\/strong><\/summary><div class=\"wp-block-coblocks-accordion-item__content\">\n<p><strong>NTNUI Cosmos<\/strong> Senior Cheer Coed Median (level 3)<\/p>\n\n\n\n<figure class=\"wp-block-table\"><table><tbody><tr><td>Plass<\/td><td>Lag<\/td><td>Score<\/td><\/tr><tr><td>1.<\/td><td>NTNUI Cosmos<\/td><td>63,0<\/td><\/tr><tr><td>2.<\/td><td>Vikings Senior Hit<\/td><td>60,0<\/td><\/tr><tr><td>3.<\/td><td>TC Panthers Untamed<\/td><td>58,7<\/td><\/tr><tr><td>4.<\/td><td>NRC Tigers Dynamos<\/td><td>51,5<\/td><\/tr><\/tbody><\/table><\/figure>\n\n\n\n<p><strong>NTNUI Titans <\/strong>Senior Cheer All Girl Elite (level 5)<\/p>\n\n\n\n<figure class=\"wp-block-table\"><table><tbody><tr><td>Plass<\/td><td>Lag<\/td><td>Score<\/td><\/tr><tr><td>1.<\/td><td>NTNUI Titans<\/td><td>69,7<\/td><\/tr><tr><td>2.<\/td><td>SCT Vipers Venom<\/td><td>63,3<\/td><\/tr><tr><td>3.<\/td><td>Seahawks AG 5<\/td><td>60,0<\/td><\/tr><\/tbody><\/table><\/figure>\n\n\n\n<p><\/p>\n<\/div><\/details><\/div>\n<\/div>\n\n\n\n<figure class=\"wp-block-pullquote\"><blockquote><p>Sesong 2023\/2024<\/p><\/blockquote><\/figure>\n\n\n\n<p class=\"has-text-align-center\"><\/p>\n\n\n\n<div class=\"wp-block-coblocks-accordion\">\n<div class=\"wp-block-coblocks-accordion-item\"><details><summary class=\"wp-block-coblocks-accordion-item__title\"><strong>NCL 2024<\/strong><\/summary><div class=\"wp-block-coblocks-accordion-item__content\">\n<p><strong>NTNUI Cosmos <\/strong>Senior Cheer Coed Median (level 3)<\/p>\n\n\n\n<div class=\"wp-block-group\"><div class=\"wp-block-group__inner-container is-layout-flow wp-block-group-is-layout-flow\">\n<figure class=\"wp-block-table\"><table><tbody><tr><td>Plass<\/td><td>Lag<\/td><td>Score<\/td><\/tr><tr><td>1.<\/td><td>Pride Passion<\/td><td>62<\/td><\/tr><tr><td>2.<\/td><td>NTNUI Cosmos<\/td><td>53,7<\/td><\/tr><tr><td>3.<\/td><td>BTSI Ashes<\/td><td>53,2<\/td><\/tr><tr><td>4.<\/td><td>NRC Tigers Senior Old Stars<\/td><td>52,5<\/td><\/tr><\/tbody><\/table><\/figure>\n\n\n\n<p><strong>NTNUI Titans <\/strong>Senior Cheer All Girl Elite (level 5)<\/p>\n<\/div><\/div>\n\n\n\n<figure class=\"wp-block-table\"><table><tbody><tr><td>Plass<\/td><td>Lag<\/td><td>Score<\/td><\/tr><tr><td>1.<\/td><td>Nixies Shade<\/td><td>69,8<\/td><\/tr><tr><td>2.<\/td><td>\u00d8rskog Angles Glorious<\/td><td>67,7<\/td><\/tr><tr><td>3.<\/td><td>NTNUI Titans<\/td><td>65,3<\/td><\/tr><tr><td>4.<\/td><td>BTSI Griffin<\/td><td>61,0<\/td><\/tr><\/tbody><\/table><\/figure>\n<\/div><\/details><\/div>\n\n\n\n<div class=\"wp-block-coblocks-accordion-item\"><details><summary class=\"wp-block-coblocks-accordion-item__title\"><strong>Norwegian Open 2023<\/strong><\/summary><div class=\"wp-block-coblocks-accordion-item__content\">\n<p><strong>NTNUI Cosmos<\/strong> Senior Cheer Coed Median (level 3)<\/p>\n\n\n\n<figure class=\"wp-block-table\"><table><tbody><tr><td>Plass<\/td><td>Lag<\/td><td>Score<\/td><\/tr><tr><td>1.<\/td><td>OIL Vikings Senior Hit<\/td><td>62,7<\/td><\/tr><tr><td>2.<\/td><td>NRC Tigers Senior Old Stars<\/td><td>55,2<\/td><\/tr><tr><td>3.<\/td><td>NTNUI Cosmos<\/td><td>53,5<\/td><\/tr><\/tbody><\/table><\/figure>\n\n\n\n<p><strong>NTNUI Titans <\/strong>Senior Cheer All Girl Elite (level 5)<\/p>\n\n\n\n<figure class=\"wp-block-table\"><table><tbody><tr><td>Plass<\/td><td>Lag<\/td><td>Score<\/td><\/tr><tr><td>1.<\/td><td>NTNUI Titans<\/td><td>62,0<\/td><\/tr><tr><td>2,<\/td><td>Nixies Shade<\/td><td>61,3<\/td><\/tr><tr><td>3.<\/td><td>BTSI Griffin<\/td><td>53,7<\/td><\/tr><\/tbody><\/table><\/figure>\n<\/div><\/details><\/div>\n<\/div>\n\n\n\n<p><\/p>\n\n\n\n<div class=\"wp-block-group\"><div class=\"wp-block-group__inner-container is-layout-flow wp-block-group-is-layout-flow\">\n<figure class=\"wp-block-pullquote\"><blockquote><p>Sesong 2022\/2023<\/p><\/blockquote><\/figure>\n\n\n\n<div class=\"wp-block-coblocks-accordion\">\n<div class=\"wp-block-coblocks-accordion-item\"><details><summary class=\"wp-block-coblocks-accordion-item__title\"><strong>NCL 2023<\/strong><\/summary><div class=\"wp-block-coblocks-accordion-item__content\">\n<p><strong>NTNUI Cosmos <\/strong>Senior Cheer Coed Median (level 3)<\/p>\n\n\n\n<div class=\"wp-block-group\"><div class=\"wp-block-group__inner-container is-layout-flow wp-block-group-is-layout-flow\">\n<figure class=\"wp-block-table\"><table><tbody><tr><td>Plass<\/td><td>Lag<\/td><td>Score<\/td><\/tr><tr><td>1.<\/td><td>Vikings Senior<\/td><td>215,5<\/td><\/tr><tr><td>2.<\/td><td>NTNUI Cosmos<\/td><td>181,0<\/td><\/tr><tr><td>3.<\/td><td>BTSI Ashes<\/td><td>160,5<\/td><\/tr><\/tbody><\/table><\/figure>\n\n\n\n<p><strong>NTNUI Titans <\/strong>Senior Cheer All Girl Elite (level 5)<\/p>\n<\/div><\/div>\n\n\n\n<figure class=\"wp-block-table\"><table><tbody><tr><td>Plass<\/td><td>Lag<\/td><td>Score<\/td><\/tr><tr><td>1.<\/td><td>NTNUI Titans<\/td><td>228,0<\/td><\/tr><tr><td>2.<\/td><td>Pride Power Elite<\/td><td>204,5<\/td><\/tr><tr><td>3.<\/td><td>SCT Vipers Senior Venom<\/td><td>196,5<\/td><\/tr><tr><td>4.<\/td><td>BTSI Griffin<\/td><td>191,0<\/td><\/tr><tr><td>5.<\/td><td>North Nova Castor<\/td><td>186,0<\/td><\/tr><tr><td>6.<\/td><td>OCT Galaxy Eclipse<\/td><td>185,5<\/td><\/tr><tr><td>7.<\/td><td>\u00d8rskog Angels Glorius<\/td><td>181,0<\/td><\/tr><\/tbody><\/table><\/figure>\n<\/div><\/details><\/div>\n\n\n\n<div class=\"wp-block-coblocks-accordion-item\"><details><summary class=\"wp-block-coblocks-accordion-item__title\"><strong><strong>Norwegian Open 2023<\/strong><\/strong><\/summary><div class=\"wp-block-coblocks-accordion-item__content\">\n<p><strong>NTNUI Cosmos<\/strong> Senior Cheer Coed Median (level 3)<\/p>\n\n\n\n<figure class=\"wp-block-table\"><table><tbody><tr><td>Plass<\/td><td>Lag<\/td><td>Score<\/td><\/tr><tr><td>1.<\/td><td>Vikings Senior<\/td><td>218,0<\/td><\/tr><tr><td>2.<\/td><td>NTNUI Cosmos<\/td><td>170,0<\/td><\/tr><\/tbody><\/table><\/figure>\n\n\n\n<p><strong>NTNUI Titans <\/strong>Senior Cheer All Girl Elite (level 5)<\/p>\n\n\n\n<figure class=\"wp-block-table\"><table><tbody><tr><td>Plass<\/td><td>Lag<\/td><td>Score<\/td><\/tr><tr><td>1.<\/td><td>BTSI Griffin<\/td><td>186,5<\/td><\/tr><tr><td>2.<\/td><td>SCT Vipers Venom<\/td><td>178,0<\/td><\/tr><tr><td>3.<\/td><td>Pride Power Elite<\/td><td>170,5<\/td><\/tr><tr><td>4.<\/td><td>NTNUI Titans<\/td><td>168,0<\/td><\/tr><tr><td>5.<\/td><td>OCT Galaxy Eclipse<\/td><td>146,5<\/td><\/tr><\/tbody><\/table><\/figure>\n<\/div><\/details><\/div>\n<\/div>\n\n\n\n<p><\/p>\n\n\n\n<figure class=\"wp-block-pullquote\"><blockquote><p>Sesong 2021\/2022<\/p><\/blockquote><\/figure>\n\n\n\n<p class=\"has-text-align-center\"><\/p>\n\n\n\n<div class=\"wp-block-coblocks-accordion\">\n<div class=\"wp-block-coblocks-accordion-item\"><details><summary class=\"wp-block-coblocks-accordion-item__title\"><strong>NCL 2022<\/strong><\/summary><div class=\"wp-block-coblocks-accordion-item__content\">\n<p><strong>NTNUI Cosmos<\/strong> Senior Cheer Median (level 3)<\/p>\n\n\n\n<figure class=\"wp-block-table\"><table><tbody><tr><td>Plass<\/td><td>Lag<\/td><td>Score<\/td><\/tr><tr><td>1.<\/td><td>BTSI Ashes<\/td><td>193,5<\/td><\/tr><tr><td>2.<\/td><td>NTNUI Cosmos<\/td><td>189,5<\/td><\/tr><tr><td>3.<\/td><td>OCT Galaxy Fearless<\/td><td>188,5<\/td><\/tr><\/tbody><\/table><\/figure>\n\n\n\n<p><strong>NTNUI Titans <\/strong>Senior Cheer Coed Elite (level 5)<\/p>\n\n\n\n<figure class=\"wp-block-table\"><table><tbody><tr><td>Plass<\/td><td>Lag<\/td><td>Score<\/td><\/tr><tr><td>1.<\/td><td>Bobcats Army<\/td><td>203,0<\/td><\/tr><tr><td>2.<\/td><td>OCT Galaxy Eclipse<\/td><td>194,5<\/td><\/tr><tr><td>3.<\/td><td>Viqueens V5<\/td><td>188,0<\/td><\/tr><tr><td>4.<\/td><td>NTNUI Titans<\/td><td>171,5<\/td><\/tr><\/tbody><\/table><\/figure>\n\n\n\n<figure class=\"wp-block-image size-large\"><img loading=\"lazy\" decoding=\"async\" width=\"2000\" height=\"1415\" src=\"https:\/\/ntnui.no\/cheerleading\/wp-content\/uploads\/sites\/245\/2024\/06\/Untitled-design.png\" alt=\"\" class=\"wp-image-3787\" \/><\/figure>\n\n\n\n<p><\/p>\n<\/div><\/details><\/div>\n\n\n\n<div class=\"wp-block-coblocks-accordion-item\"><details open><summary class=\"wp-block-coblocks-accordion-item__title\"><strong>Norwegian Open 2021<\/strong><\/summary><div class=\"wp-block-coblocks-accordion-item__content\">\n<p><strong>NTNUI Cosmos <\/strong>Senior Cheer All Girl Median (level 3)<\/p>\n\n\n\n<figure class=\"wp-block-table\"><table><tbody><tr><td>Plass<\/td><td>Lag<\/td><td>Score<\/td><\/tr><tr><td>1.<\/td><td>OsloMet IL Arrows<\/td><td>203,5<\/td><\/tr><tr><td>2.<\/td><td>NTNUI Cosmos<\/td><td>196,5<\/td><\/tr><tr><td>3.<\/td><td>OCT Galaxy Fearless<\/td><td>156,0<\/td><\/tr><\/tbody><\/table><\/figure>\n\n\n\n<p><strong>NTNUI Titans <\/strong>Senior Cheer Coed Elite (level 5)<\/p>\n\n\n\n<figure class=\"wp-block-table\"><table><tbody><tr><td>Plass<\/td><td>Lag<\/td><td>Score<\/td><\/tr><tr><td>1.<\/td><td>NTNUI Titans<\/td><td>196,0<\/td><\/tr><\/tbody><\/table><\/figure>\n\n\n\n<figure class=\"wp-block-image size-large\"><img loading=\"lazy\" decoding=\"async\" width=\"912\" height=\"687\" src=\"https:\/\/ntnui.no\/cheerleading\/wp-content\/uploads\/sites\/245\/2024\/06\/NO-2021.png\" alt=\"\" class=\"wp-image-3785\" \/><\/figure>\n\n\n\n<p><\/p>\n<\/div><\/details><\/div>\n<\/div>\n\n\n\n<p><\/p>\n\n\n\n<p class=\"has-text-align-center\"><\/p>\n<\/div><\/div>\n\n\n\n<div class=\"wp-block-coblocks-accordion\">\n<div class=\"wp-block-coblocks-accordion-item\"><\/div>\n<\/div>\n","protected":false},"excerpt":{"rendered":"<p>NTNUI Cheerleading ble startet i 2012 av Helene Dr\u00e5gen. Form\u00e5let med gruppa er \u00e5 kunne drive med cheerleading, samtidig som man er fulltidsstudenter med alt det m\u00e5tte inneb\u00e6re. Vi ble h\u00f8sten 2012 et offisielt utvalg i NTNUI og vi deltok i norgesmesterskapet f\u00f8rste gang i 2014. V\u00e5ren 2020 fikk vi endelig status som gruppe i [&hellip;]<\/p>\n","protected":false},"author":349,"featured_media":0,"parent":0,"menu_order":0,"comment_status":"closed","ping_status":"closed","template":"","meta":{"_coblocks_attr":"","_coblocks_dimensions":"","_coblocks_responsive_height":"","_coblocks_accordion_ie_support":"","_price":"","_stock":"","_tribe_ticket_header":"","_tribe_default_ticket_provider":"","_tribe_ticket_capacity":"0","_ticket_start_date":"","_ticket_end_date":"","_tribe_ticket_show_description":"","_tribe_ticket_show_not_going":false,"_tribe_ticket_use_global_stock":"","_tribe_ticket_global_stock_level":"","_global_stock_mode":"","_global_stock_cap":"","_tribe_rsvp_for_event":"","_tribe_ticket_going_count":"","_tribe_ticket_not_going_count":"","_tribe_tickets_list":[],"_tribe_ticket_has_attendee_info_fields":false,"footnotes":""},"class_list":["post-2709","page","type-page","status-publish","hentry"],"featured_image_src":null,"featured_image_src_square":null,"_links":{"self":[{"href":"https:\/\/ntnui.no\/cheerleading\/wp-json\/wp\/v2\/pages\/2709","targetHints":{"allow":["GET"]}}],"collection":[{"href":"https:\/\/ntnui.no\/cheerleading\/wp-json\/wp\/v2\/pages"}],"about":[{"href":"https:\/\/ntnui.no\/cheerleading\/wp-json\/wp\/v2\/types\/page"}],"author":[{"embeddable":true,"href":"https:\/\/ntnui.no\/cheerleading\/wp-json\/wp\/v2\/users\/349"}],"replies":[{"embeddable":true,"href":"https:\/\/ntnui.no\/cheerleading\/wp-json\/wp\/v2\/comments?post=2709"}],"version-history":[{"count":18,"href":"https:\/\/ntnui.no\/cheerleading\/wp-json\/wp\/v2\/pages\/2709\/revisions"}],"predecessor-version":[{"id":4068,"href":"https:\/\/ntnui.no\/cheerleading\/wp-json\/wp\/v2\/pages\/2709\/revisions\/4068"}],"wp:attachment":[{"href":"https:\/\/ntnui.no\/cheerleading\/wp-json\/wp\/v2\/media?parent=2709"}],"curies":[{"name":"wp","href":"https:\/\/api.w.org\/{rel}","templated":true}]}}